{"id":1166,"date":"2023-12-13T10:17:41","date_gmt":"2023-12-13T09:17:41","guid":{"rendered":"https:\/\/camping-gites-damgan.fr\/startseite\/"},"modified":"2025-06-19T15:07:20","modified_gmt":"2025-06-19T13:07:20","slug":"startseite","status":"publish","type":"page","link":"https:\/\/camping-gites-damgan.fr\/de\/","title":{"rendered":"Startseite"},"content":{"rendered":"\n<div class=\"wp-block-cover alignfull\"><span aria-hidden=\"true\" class=\"has-vert-background-color wp-block-cover__gradient-background has-background-dim\"><\/span><img width=\"2048\" height=\"712\" class=\"wp-block-cover__image-background wp-image-562\" alt=\"Baie Presqu'\u00eele de P\u00e9nerf\" src=\"https:\/\/camping-gites-damgan.fr\/wp-content\/uploads\/2023\/01\/ile-de-penerf.jpg\" data-object-fit=\"cover\" srcset=\"https:\/\/camping-gites-damgan.fr\/wp-content\/uploads\/2023\/01\/ile-de-penerf.jpg 2048w, https:\/\/camping-gites-damgan.fr\/wp-content\/uploads\/2023\/01\/ile-de-penerf-300x104.jpg 300w, https:\/\/camping-gites-damgan.fr\/wp-content\/uploads\/2023\/01\/ile-de-penerf-1024x356.jpg 1024w, https:\/\/camping-gites-damgan.fr\/wp-content\/uploads\/2023\/01\/ile-de-penerf-768x267.jpg 768w, https:\/\/camping-gites-damgan.fr\/wp-content\/uploads\/2023\/01\/ile-de-penerf-1536x534.jpg 1536w\" sizes=\"(max-width: 2048px) 100vw, 2048px\" \/><div class=\"wp-block-cover__inner-container\">\n<p class=\"accroche\" id=\"presqu-ile-de-penerf\">Halbinsel Penerf<\/p>\n\n\n\n<h1 id=\"camping-a-damgan-dans-le-morbihan-avec-acces-direct-a-la-plage\">Campingplatz in der Bretagne am meer <\/h1>\n\n\n\n<div class=\"wp-block-columns are-vertically-aligned-center\">\n<div class=\"wp-block-column is-vertically-aligned-center\">\n<div class=\"wp-container-69d1855077f26 wp-block-buttons\">\n<div class=\"wp-block-button btn_resa\"><a class=\"wp-block-button__link\">Aufenthalt auf dem Campingplatz <i class=\"far fa-search\"><\/i><\/a><\/div>\n<\/div>\n<\/div>\n\n\n\n<div class=\"wp-block-column is-vertically-aligned-center has-vert-clair-background-color has-background\">\n<div style=\"height:4px\" aria-hidden=\"true\" class=\"wp-block-spacer\"><\/div>\n\n\n\n<p class=\"has-text-align-center h4 has-medium-font-size\">Genie\u00dfen Sie die Freuden des Pools in unserem neuen Bereich!<\/p>\n\n\n\n<div style=\"height:4px\" aria-hidden=\"true\" class=\"wp-block-spacer\"><\/div>\n<\/div>\n<\/div>\n\n\n\n<div style=\"height:16px\" aria-hidden=\"true\" class=\"wp-block-spacer\"><\/div>\n\n\n<ctv-searchbar><\/ctv-searchbar>\n<\/div><\/div>\n\n\n\n<div class=\"wp-container-69d185507835a wp-block-group alignfull has-fond-background-color has-background\"><div class=\"wp-block-group__inner-container\">\n<ul class=\"pictos centre col-3 mob--flex\"><li><i class=\"far fa-house-night\"><\/i> <strong>Unterk\u00fcnfte <\/strong>Buchen Sie Ihren Aufenthalt auf der Halbinsel f\u00fcr einen Urlaub in einem Mobilheim oder auf einem Stellplatz.<\/li><li><i class=\"far fa-anchor\"><\/i> <strong>Zugang zu den H\u00e4fen<\/strong> Ideale Lage in der N\u00e4he des Hafens von Penerf in Bretagne und der Aktivit\u00e4ten zum Angeln am Meer.<\/li><li><i class=\"far fa-water-arrow-down\"><\/i> <strong>Austernbassins <\/strong>Entdecken Sie die Austernbassins der Halbinsel und nehmen Sie an organisierten Verkostungen teil in Bretagne in Frankreich.<\/li><\/ul>\n<\/div><\/div>\n\n\n\n<div class=\"wp-block-columns are-vertically-aligned-center deco--vague deco--trois-vagues\">\n<div class=\"wp-block-column is-vertically-aligned-center\">\n<figure class=\"wp-block-video\"><video controls muted src=\"https:\/\/camping-gites-damgan.fr\/wp-content\/uploads\/2025\/06\/video-camping-2025.mov\"><\/video><\/figure>\n<\/div>\n\n\n\n<div class=\"wp-block-column is-vertically-aligned-center\">\n<h2 class=\"h3\" id=\"notre-camping-a-damgan-en-bord-de-mer\">Unser Campingplatz in Bretagne am Meer in Frankreich<\/h2>\n\n\n\n<p>Der gro\u00dfe Strand von Damgan ist ein beliebter Ort f\u00fcr <strong>Sommerurlauber aus dem Morbihan<\/strong>, egal ob sie hier wohnen oder unseren Campingplatz besuchen.<\/p>\n\n\n\n<p class=\"short\">Der Campingplatz Presqu&#8217;\u00eele de <strong>Penerf<\/strong> liegt auf der <strong>Halbinsel<\/strong> Penerf in der Gemeinde <strong>Damgan <\/strong>im Departement <strong>Morbihan<\/strong> in Frankreich. Der camping empf\u00e4ngt Sie direkt am Wasser in einem charmanten Badeort im <strong>S\u00fcden der Bretagne<\/strong>, der \u00fcber ein charaktervolles Erbe und spektakul\u00e4re Meereslandschaften verf\u00fcgt.<\/p>\n<\/div>\n<\/div>\n\n\n\n<div class=\"wp-block-cover alignfull\"><span aria-hidden=\"true\" class=\"has-vert-clair-background-color has-background-dim-40 wp-block-cover__gradient-background has-background-dim\"><\/span><img width=\"1920\" height=\"1088\" class=\"wp-block-cover__image-background wp-image-809\" alt=\"Camping Presqu'\u00eele de P\u00e9nerf vue du dessus en Bretagne\" src=\"https:\/\/camping-gites-damgan.fr\/wp-content\/uploads\/2023\/02\/IMG_0077.jpg\" style=\"object-position:52% 0%\" data-object-fit=\"cover\" data-object-position=\"52% 0%\" srcset=\"https:\/\/camping-gites-damgan.fr\/wp-content\/uploads\/2023\/02\/IMG_0077.jpg 1920w, https:\/\/camping-gites-damgan.fr\/wp-content\/uploads\/2023\/02\/IMG_0077-300x170.jpg 300w, https:\/\/camping-gites-damgan.fr\/wp-content\/uploads\/2023\/02\/IMG_0077-1024x580.jpg 1024w, https:\/\/camping-gites-damgan.fr\/wp-content\/uploads\/2023\/02\/IMG_0077-768x435.jpg 768w, https:\/\/camping-gites-damgan.fr\/wp-content\/uploads\/2023\/02\/IMG_0077-1536x870.jpg 1536w\" sizes=\"(max-width: 1920px) 100vw, 1920px\" \/><div class=\"wp-block-cover__inner-container\">\n<p class=\"has-text-align-center has-large-font-size\"><\/p>\n<\/div><\/div>\n\n\n\n<div class=\"wp-container-69d1855078cb3 wp-block-group alignfull deco--trois-vagues3 has-vert-clair-background-color has-background\"><div class=\"wp-block-group__inner-container\">\n<p class=\"has-text-align-center accroche\">Camping in Bretagne, Frankreich<\/p>\n\n\n\n<h2 class=\"has-text-align-center\" id=\"nos-locations-emplacements-de-camping-a-damgan\">Mobilheime &amp; Zeltpl\u00e4tze auf unserem Campingplatz in der Bretagne am meer<\/h2>\n\n\n\n<h3 id=\"unsere-mobilheime-in-der-bretagne-in-frankreich\">Unsere Mobilheime in der Bretagne in Frankreich <\/h3>\n\n\n\n<p>Unser <strong>Campingplatz in der Bretagne<\/strong> bietet Ihnen einen komfortablen Aufenthalt in unseren <strong>3-Sterne Mobilheimen<\/strong>, auf unseren gro\u00dfz\u00fcgigen Stellpl\u00e4tzen oder auf unserem <strong>Campingplatz in Frankreich<\/strong>.<\/p>\n\n\n\n<p>Verbringe einen traumhaften Aufenthalt mit allem Komfort auf den Zeltpl\u00e4tzen unseres <a href=\"https:\/\/camping-gites-damgan.fr\/de\/standorte\/\" data-type=\"URL\" data-id=\"https:\/\/camping-gites-damgan.fr\/de\/standorte\/\">Campingplatzes in der Bretagne in Frankreich<\/a>, und genie\u00dfe die <strong>Natur<\/strong> und das <strong>Meer<\/strong> direkt vom Campingplatz aus. Unsere Stellpl\u00e4tze sind <strong>ger\u00e4umig<\/strong>, <strong>bebaut<\/strong> und sorgf\u00e4ltig <strong>abgegrenzt<\/strong>, damit Sie sich wie zu Hause f\u00fchlen k\u00f6nnen! Verf\u00fcgen Sie \u00fcber einen Stromanschluss und erholen Sie sich von der Meeresluft und der Vegetation.<\/p>\n\n\n\n<p>Sind Sie ein Fan von Ferienh\u00e4usern? Dann entscheiden Sie sich f\u00fcr unsere <strong>Mobilheime in der Bretagne im Golf von Morbihan<\/strong>, mit Bad, Terrasse mit Meerblick und privatem Spa, mit allem Komfort&nbsp;! Entdecken Sie die Bretagne mit Ihrer Familie oder Ihren Freunden in unseren <a href=\"https:\/\/camping-gites-damgan.fr\/de\/mobilheime\/\">Mobilheimen in der Bretagne am Meer<\/a> f\u00fcr bis zu 6 Personen mit <strong>Gartensalon<\/strong> und <strong>ausgestatteter K\u00fcche<\/strong>.<\/p>\n\n\n\n<h3 id=\"unsere-stellplatze-in-der-bretagne\">Unsere Stellpl\u00e4tze in der Bretagne<\/h3>\n\n\n\n<p>Um Ihren Aufenthalt bei uns optimal zu nutzen, bietet Ihnen der Campingplatz zahlreiche <strong>Services und <a href=\"https:\/\/camping-gites-damgan.fr\/de\/aktivitaeten-camping-bretagne\/\" data-type=\"URL\" data-id=\"https:\/\/camping-gites-damgan.fr\/de\/aktivitaeten-camping-bretagne\/\">Aktivit\u00e4ten<\/a><\/strong>. Spielplatz, Bouleplatz, Homeball, alles ist f\u00fcr das Wohlbefinden von Gro\u00df und Klein gedacht. Der <strong>direkte Zugang zum Strand<\/strong> erm\u00f6glicht es Ihnen, die Freuden des Wassers nur wenige Schritte von Ihrem <strong>Stellplatz in der Bretagne<\/strong> oder von Ihrem <strong>Mobilheim am Meer<\/strong> entfernt zu genie\u00dfen.<\/p>\n\n\n\n<p>&nbsp;Unsere Freunde, die <strong>Hunde<\/strong>, sind w\u00e4hrend deines <strong>Aufenthalts in Frankreich<\/strong> <strong>willkommen<\/strong>!<\/p>\n\n\n\n<ul class=\"pictos liste centre\"><li><i class=\"far fa-sun-haze\"><\/i> <a href=\"https:\/\/camping-gites-damgan.fr\/de\/camping-bretagne-frankreich-entdecken\/\"> Aufenthalt am Meer in Frankreich<\/a><\/li><li><i class=\"far fa-house-tree\"><\/i>  Komfortvermietungen<\/li><li><i class=\"far fa-campground\"><\/i>  Naturpl\u00e4tze in Bretagne<\/li><\/ul>\n\n\n\n<figure class=\"wp-block-gallery has-nested-images columns-5 is-cropped\">\n<figure class=\"wp-block-image size-large mob--display\"><img width=\"771\" height=\"1024\" src=\"https:\/\/camping-gites-damgan.fr\/wp-content\/uploads\/2023\/01\/mobil-home-camping-penerf-terasse-771x1024.jpg\" alt=\"mobil-home camping en Bretagne | Camping Presqu'\u00eele de P\u00e9nerf\" class=\"wp-image-578\" title=\"Mobilheim Campingplatz in der Bretagne\" srcset=\"https:\/\/camping-gites-damgan.fr\/wp-content\/uploads\/2023\/01\/mobil-home-camping-penerf-terasse-771x1024.jpg 771w, https:\/\/camping-gites-damgan.fr\/wp-content\/uploads\/2023\/01\/mobil-home-camping-penerf-terasse-226x300.jpg 226w, https:\/\/camping-gites-damgan.fr\/wp-content\/uploads\/2023\/01\/mobil-home-camping-penerf-terasse-768x1020.jpg 768w, https:\/\/camping-gites-damgan.fr\/wp-content\/uploads\/2023\/01\/mobil-home-camping-penerf-terasse.jpg 1024w\" sizes=\"(max-width: 771px) 100vw, 771px\" \/><\/figure>\n\n\n\n<figure class=\"wp-block-image size-large mob--display\"><img width=\"771\" height=\"1024\" src=\"https:\/\/camping-gites-damgan.fr\/wp-content\/uploads\/2023\/01\/mobil-home-camping-penerf-confort-771x1024.jpg\" alt=\"Mobilheimsalon camping in der Bretagne | Camping Presqu'\u00eele de P\u00e9nerf\" class=\"wp-image-576\" title=\"Mobilheimsalon camping in der Bretagne\" srcset=\"https:\/\/camping-gites-damgan.fr\/wp-content\/uploads\/2023\/01\/mobil-home-camping-penerf-confort-771x1024.jpg 771w, https:\/\/camping-gites-damgan.fr\/wp-content\/uploads\/2023\/01\/mobil-home-camping-penerf-confort-226x300.jpg 226w, https:\/\/camping-gites-damgan.fr\/wp-content\/uploads\/2023\/01\/mobil-home-camping-penerf-confort-768x1020.jpg 768w, https:\/\/camping-gites-damgan.fr\/wp-content\/uploads\/2023\/01\/mobil-home-camping-penerf-confort.jpg 1024w\" sizes=\"(max-width: 771px) 100vw, 771px\" \/><\/figure>\n\n\n\n<figure class=\"wp-block-image size-large\"><img width=\"771\" height=\"1024\" src=\"https:\/\/camping-gites-damgan.fr\/wp-content\/uploads\/2023\/01\/mobil-home-terrasse-camping-771x1024.jpg\" alt=\"Mobilheim Campingplatz in der Bretagne ansehen | Camping Presqu'\u00eele de P\u00e9nerf\" class=\"wp-image-574\" title=\"Mobilheim Campingplatz in der Bretagne ansehen\" srcset=\"https:\/\/camping-gites-damgan.fr\/wp-content\/uploads\/2023\/01\/mobil-home-terrasse-camping-771x1024.jpg 771w, https:\/\/camping-gites-damgan.fr\/wp-content\/uploads\/2023\/01\/mobil-home-terrasse-camping-226x300.jpg 226w, https:\/\/camping-gites-damgan.fr\/wp-content\/uploads\/2023\/01\/mobil-home-terrasse-camping-768x1020.jpg 768w, https:\/\/camping-gites-damgan.fr\/wp-content\/uploads\/2023\/01\/mobil-home-terrasse-camping.jpg 1024w\" sizes=\"(max-width: 771px) 100vw, 771px\" \/><\/figure>\n\n\n\n<figure class=\"wp-block-image size-large\"><img width=\"771\" height=\"1024\" src=\"https:\/\/camping-gites-damgan.fr\/wp-content\/uploads\/2023\/01\/mobil-home-camping-penerf-771x1024.jpg\" alt=\"Cuisine \u00e9quip\u00e9e mobil-home camping en Bretagne | Camping Presqu'\u00eele de P\u00e9nerf\" class=\"wp-image-570\" title=\"Ausgestattete K\u00fcche Mobilheim Campingplatz in der Bretagne\" srcset=\"https:\/\/camping-gites-damgan.fr\/wp-content\/uploads\/2023\/01\/mobil-home-camping-penerf-771x1024.jpg 771w, https:\/\/camping-gites-damgan.fr\/wp-content\/uploads\/2023\/01\/mobil-home-camping-penerf-226x300.jpg 226w, https:\/\/camping-gites-damgan.fr\/wp-content\/uploads\/2023\/01\/mobil-home-camping-penerf-768x1020.jpg 768w, https:\/\/camping-gites-damgan.fr\/wp-content\/uploads\/2023\/01\/mobil-home-camping-penerf.jpg 1024w\" sizes=\"(max-width: 771px) 100vw, 771px\" \/><\/figure>\n\n\n\n<figure class=\"wp-block-image size-large mob--display\"><img width=\"771\" height=\"1024\" src=\"https:\/\/camping-gites-damgan.fr\/wp-content\/uploads\/2023\/01\/emplacements-camping-penerf-771x1024.jpg\" alt=\"emplacement nature camping en Bretagne | Camping Presqu'\u00eele de P\u00e9nerf\" class=\"wp-image-572\" title=\"campingplatz natur in der Bretagne\" srcset=\"https:\/\/camping-gites-damgan.fr\/wp-content\/uploads\/2023\/01\/emplacements-camping-penerf-771x1024.jpg 771w, https:\/\/camping-gites-damgan.fr\/wp-content\/uploads\/2023\/01\/emplacements-camping-penerf-226x300.jpg 226w, https:\/\/camping-gites-damgan.fr\/wp-content\/uploads\/2023\/01\/emplacements-camping-penerf-768x1020.jpg 768w, https:\/\/camping-gites-damgan.fr\/wp-content\/uploads\/2023\/01\/emplacements-camping-penerf.jpg 1024w\" sizes=\"(max-width: 771px) 100vw, 771px\" \/><\/figure>\n<\/figure>\n\n\n\n<div class=\"wp-container-69d18550789db wp-block-buttons\">\n<div class=\"wp-block-button\"><a class=\"wp-block-button__link\" href=\"https:\/\/camping-gites-damgan.fr\/de\/mobilheime\/\">Siehe Mobilheime<\/a><\/div>\n\n\n\n<div class=\"wp-block-button is-style-outline\"><a class=\"wp-block-button__link\" href=\"https:\/\/camping-gites-damgan.fr\/de\/standorte\/\">Siehe Standorte<\/a><\/div>\n\n\n\n<div class=\"wp-block-button btn_resa mob--display\"><a class=\"wp-block-button__link\">Aufenthalt auf dem Campingplatz  <i class=\"far fa-search\"><\/i><\/a><\/div>\n<\/div>\n<\/div><\/div>\n\n\n\n<div class=\"wp-block-columns alignfull deco--trois-vagues2 has-fond-background-color has-background\">\n<div class=\"wp-block-column\">\n<p class=\"accroche\">Aufenthalt am Meer<\/p>\n\n\n\n<h2 id=\"le-cadre-magique-d-un-camping-a-damgan\">Die magische Umgebung eines Campingplatzes in Bretagne am meer in Frankreich <\/h2>\n\n\n\n<ul class=\"pictos liste col-2 inter--flex mob--pictos\"><li><i class=\"far fa-fish\"><\/i>  Angeln zu Fu\u00df oder mit Booten<\/li><li><i class=\"far fa-shop\"><\/i>  M\u00e4rkte &amp; Verkostungen in der n\u00e4he von unsere camping<\/li><li><i class=\"far fa-sun-haze\"><\/i>  Aktivit\u00e4ten am Meer in Bretagne<\/li><li><i class=\"far fa-binoculars\"><\/i>  Region zum Entdecken<\/li><li><i class=\"far fa-utensils\"><\/i>  Restaurants in der N\u00e4he von der camping<\/li><li><i class=\"far fa-basket-shopping\"><\/i>  Supermarkt auf dem Campingplatz<\/li><\/ul>\n\n\n\n<div class=\"wp-container-69d1855079076 wp-block-buttons\">\n<div class=\"wp-block-button\"><a class=\"wp-block-button__link\" href=\"https:\/\/camping-gites-damgan.fr\/de\/tourismus\/\">In der Umgebung<\/a><\/div>\n\n\n\n<div class=\"wp-block-button is-style-outline\"><a class=\"wp-block-button__link\" href=\"https:\/\/camping-gites-damgan.fr\/de\/aktivitaeten\/\">Aktivit\u00e4ten zum Entdecken<\/a><\/div>\n<\/div>\n<\/div>\n\n\n\n<div class=\"wp-block-column\" style=\"flex-basis:50%\">\n<figure class=\"wp-block-gallery alignfull has-nested-images columns-5 is-cropped diaporama--1\">\n<figure class=\"wp-block-image size-full\"><img width=\"2560\" height=\"1702\" src=\"https:\/\/camping-gites-damgan.fr\/wp-content\/uploads\/2023\/02\/DSC_0087-scaled.jpg\" alt=\"vue mer camping en Bretagne | Camping Presqu'\u00eele de P\u00e9nerf\" class=\"wp-image-771\" title=\"meerblick campingplatz in der bretagne \" srcset=\"https:\/\/camping-gites-damgan.fr\/wp-content\/uploads\/2023\/02\/DSC_0087-scaled.jpg 2560w, https:\/\/camping-gites-damgan.fr\/wp-content\/uploads\/2023\/02\/DSC_0087-300x199.jpg 300w, https:\/\/camping-gites-damgan.fr\/wp-content\/uploads\/2023\/02\/DSC_0087-1024x681.jpg 1024w, https:\/\/camping-gites-damgan.fr\/wp-content\/uploads\/2023\/02\/DSC_0087-768x511.jpg 768w, https:\/\/camping-gites-damgan.fr\/wp-content\/uploads\/2023\/02\/DSC_0087-1536x1021.jpg 1536w, https:\/\/camping-gites-damgan.fr\/wp-content\/uploads\/2023\/02\/DSC_0087-2048x1362.jpg 2048w\" sizes=\"(max-width: 2560px) 100vw, 2560px\" \/><\/figure>\n\n\n\n<figure class=\"wp-block-image size-full\"><img width=\"1024\" height=\"860\" src=\"https:\/\/camping-gites-damgan.fr\/wp-content\/uploads\/2023\/01\/bord-de-mer-penerf.jpg\" alt=\"vue mer bateau camping en Bretagne | Camping Presqu'\u00eele de P\u00e9nerf\" class=\"wp-image-580\" title=\"Meerblick Boot Camping in der Bretagne\" srcset=\"https:\/\/camping-gites-damgan.fr\/wp-content\/uploads\/2023\/01\/bord-de-mer-penerf.jpg 1024w, https:\/\/camping-gites-damgan.fr\/wp-content\/uploads\/2023\/01\/bord-de-mer-penerf-300x252.jpg 300w, https:\/\/camping-gites-damgan.fr\/wp-content\/uploads\/2023\/01\/bord-de-mer-penerf-768x645.jpg 768w\" sizes=\"(max-width: 1024px) 100vw, 1024px\" \/><\/figure>\n\n\n\n<figure class=\"wp-block-image size-full\"><img width=\"2560\" height=\"1702\" src=\"https:\/\/camping-gites-damgan.fr\/wp-content\/uploads\/2023\/02\/DSC_0252-scaled.jpg\" alt=\"vue presqu'\u00eele camping en Bretagne | Camping Presqu'\u00eele de P\u00e9nerf\" class=\"wp-image-775\" title=\"ansicht presqu'\u00eele camping en Bretagne\" srcset=\"https:\/\/camping-gites-damgan.fr\/wp-content\/uploads\/2023\/02\/DSC_0252-scaled.jpg 2560w, https:\/\/camping-gites-damgan.fr\/wp-content\/uploads\/2023\/02\/DSC_0252-300x199.jpg 300w, https:\/\/camping-gites-damgan.fr\/wp-content\/uploads\/2023\/02\/DSC_0252-1024x681.jpg 1024w, https:\/\/camping-gites-damgan.fr\/wp-content\/uploads\/2023\/02\/DSC_0252-768x511.jpg 768w, https:\/\/camping-gites-damgan.fr\/wp-content\/uploads\/2023\/02\/DSC_0252-1536x1021.jpg 1536w, https:\/\/camping-gites-damgan.fr\/wp-content\/uploads\/2023\/02\/DSC_0252-2048x1362.jpg 2048w\" sizes=\"(max-width: 2560px) 100vw, 2560px\" \/><\/figure>\n\n\n\n<figure class=\"wp-block-image size-full\"><img width=\"1024\" height=\"681\" src=\"https:\/\/camping-gites-damgan.fr\/wp-content\/uploads\/2023\/02\/DSC_0291.jpg\" alt=\"Accueil camping en Bretagne | Camping Presqu'\u00eele de P\u00e9nerf\" class=\"wp-image-806\" title=\"Startseite Campingplatz in der Bretagne\" srcset=\"https:\/\/camping-gites-damgan.fr\/wp-content\/uploads\/2023\/02\/DSC_0291.jpg 1024w, https:\/\/camping-gites-damgan.fr\/wp-content\/uploads\/2023\/02\/DSC_0291-300x200.jpg 300w, https:\/\/camping-gites-damgan.fr\/wp-content\/uploads\/2023\/02\/DSC_0291-768x511.jpg 768w\" sizes=\"(max-width: 1024px) 100vw, 1024px\" \/><\/figure>\n\n\n\n<figure class=\"wp-block-image size-full\"><img width=\"2560\" height=\"1702\" src=\"https:\/\/camping-gites-damgan.fr\/wp-content\/uploads\/2023\/02\/DSC_0106-scaled.jpg\" alt=\"village camping en Bretagne | Camping Presqu'\u00eele de P\u00e9nerf\" class=\"wp-image-773\" title=\"campingdorf in der Bretagne \" srcset=\"https:\/\/camping-gites-damgan.fr\/wp-content\/uploads\/2023\/02\/DSC_0106-scaled.jpg 2560w, https:\/\/camping-gites-damgan.fr\/wp-content\/uploads\/2023\/02\/DSC_0106-300x199.jpg 300w, https:\/\/camping-gites-damgan.fr\/wp-content\/uploads\/2023\/02\/DSC_0106-1024x681.jpg 1024w, https:\/\/camping-gites-damgan.fr\/wp-content\/uploads\/2023\/02\/DSC_0106-768x511.jpg 768w, https:\/\/camping-gites-damgan.fr\/wp-content\/uploads\/2023\/02\/DSC_0106-1536x1021.jpg 1536w, https:\/\/camping-gites-damgan.fr\/wp-content\/uploads\/2023\/02\/DSC_0106-2048x1362.jpg 2048w\" sizes=\"(max-width: 2560px) 100vw, 2560px\" \/><\/figure>\n<\/figure>\n<\/div>\n<\/div>\n","protected":false},"excerpt":{"rendered":"<p>Unterk\u00fcnfte Buchen Sie Ihren Aufenthalt auf der Halbinsel f\u00fcr einen Urlaub in einem Mobilheim oder auf einem Stellplatz. Zugang zu den H\u00e4fen Ideale Lage in der N\u00e4he des Hafens von Penerf in Bretagne und der Aktivit\u00e4ten zum Angeln am Meer. Austernbassins Entdecken Sie die Austernbassins der Halbinsel und nehmen Sie an organisierten Verkostungen teil in [&hellip;]<\/p>\n","protected":false},"author":1,"featured_media":1148,"parent":0,"menu_order":0,"comment_status":"closed","ping_status":"closed","template":"","meta":[],"acf":[],"_links":{"self":[{"href":"https:\/\/camping-gites-damgan.fr\/de\/wp-json\/wp\/v2\/pages\/1166"}],"collection":[{"href":"https:\/\/camping-gites-damgan.fr\/de\/wp-json\/wp\/v2\/pages"}],"about":[{"href":"https:\/\/camping-gites-damgan.fr\/de\/wp-json\/wp\/v2\/types\/page"}],"author":[{"embeddable":true,"href":"https:\/\/camping-gites-damgan.fr\/de\/wp-json\/wp\/v2\/users\/1"}],"replies":[{"embeddable":true,"href":"https:\/\/camping-gites-damgan.fr\/de\/wp-json\/wp\/v2\/comments?post=1166"}],"version-history":[{"count":5,"href":"https:\/\/camping-gites-damgan.fr\/de\/wp-json\/wp\/v2\/pages\/1166\/revisions"}],"predecessor-version":[{"id":2059,"href":"https:\/\/camping-gites-damgan.fr\/de\/wp-json\/wp\/v2\/pages\/1166\/revisions\/2059"}],"wp:featuredmedia":[{"embeddable":true,"href":"https:\/\/camping-gites-damgan.fr\/de\/wp-json\/wp\/v2\/media\/1148"}],"wp:attachment":[{"href":"https:\/\/camping-gites-damgan.fr\/de\/wp-json\/wp\/v2\/media?parent=1166"}],"curies":[{"name":"wp","href":"https:\/\/api.w.org\/{rel}","templated":true}]}}