{"id":1169,"date":"2023-12-13T10:17:57","date_gmt":"2023-12-13T09:17:57","guid":{"rendered":"https:\/\/camping-gites-damgan.fr\/aktivitaeten\/"},"modified":"2025-05-27T10:14:15","modified_gmt":"2025-05-27T08:14:15","slug":"aktivitaeten-camping-bretagne","status":"publish","type":"page","link":"https:\/\/camping-gites-damgan.fr\/de\/aktivitaeten-camping-bretagne\/","title":{"rendered":"Aktivit\u00e4ten"},"content":{"rendered":"\n<div class=\"wp-block-cover alignfull\"><span aria-hidden=\"true\" class=\"has-vert-background-color wp-block-cover__gradient-background has-background-dim\"><\/span><img width=\"2048\" height=\"712\" class=\"wp-block-cover__image-background wp-image-562\" alt=\"Camping Presqu'ile de P\u00e9nerf Activit\u00e9s\" src=\"https:\/\/camping-gites-damgan.fr\/wp-content\/uploads\/2023\/01\/ile-de-penerf.jpg\" data-object-fit=\"cover\" srcset=\"https:\/\/camping-gites-damgan.fr\/wp-content\/uploads\/2023\/01\/ile-de-penerf.jpg 2048w, https:\/\/camping-gites-damgan.fr\/wp-content\/uploads\/2023\/01\/ile-de-penerf-300x104.jpg 300w, https:\/\/camping-gites-damgan.fr\/wp-content\/uploads\/2023\/01\/ile-de-penerf-1024x356.jpg 1024w, https:\/\/camping-gites-damgan.fr\/wp-content\/uploads\/2023\/01\/ile-de-penerf-768x267.jpg 768w, https:\/\/camping-gites-damgan.fr\/wp-content\/uploads\/2023\/01\/ile-de-penerf-1536x534.jpg 1536w\" sizes=\"(max-width: 2048px) 100vw, 2048px\" \/><div class=\"wp-block-cover__inner-container\">\n<p class=\"accroche\" id=\"presqu-ile-de-penerf\">Halbinsel Penerf<\/p>\n\n\n\n<h1 id=\"activites-et-services-3-etoiles-de-notre-camping-a-damgan\">Aktivit\u00e4ten und Dienstleistungen unseres Campingplatzes in Bretagne<\/h1>\n<\/div><\/div>\n\n\n\n<div class=\"wp-block-columns alignfull deco--trois-vagues2 has-fond-background-color has-background\">\n<div class=\"wp-block-column\">\n<p class=\"accroche\">Aufenthalt auf einem Campingplatz in Bretagne<\/p>\n\n\n\n<h2 id=\"vue-panoramique-et-activites-dans-le-golfe-du-morbihan\">Panoramablick und Aktivit\u00e4ten im Bretagne<\/h2>\n\n\n\n<p>Der <a href=\"https:\/\/camping-gites-damgan.fr\/de\/\" data-type=\"page\" data-id=\"5\">3-Sterne-Campingplatz Presqu&#8217;\u00eele de P\u00e9nerf in Frankreich<\/a> liegt in der Gemeinde Damgan im Departement Morbihan und empf\u00e4ngt Sie <strong>direkt am Meer<\/strong>. Dieser charmante Badeort im S\u00fcden der Bretagne verf\u00fcgt \u00fcber ein charaktervolles Kulturerbe und spektakul\u00e4re Meereslandschaften.<\/p>\n\n\n\n<p><strong>Direkt am Meer mit direktem Zugang zum Strand<\/strong>. Genie\u00dfen Sie Wassersport, Angeln und Spazierg\u00e4nge am Meer.<\/p>\n\n\n\n<div class=\"wp-container-69e1de171faf3 wp-block-buttons\">\n<div class=\"wp-block-button\"><a class=\"wp-block-button__link\" href=\"https:\/\/camping-gites-damgan.fr\/de\/tourismus\/\">In der Umgebung<\/a><\/div>\n\n\n\n<div class=\"wp-block-button is-style-outline\"><a class=\"wp-block-button__link\" href=\"https:\/\/camping-gites-damgan.fr\/de\/mobilheime\/\">Siehe Mobilheime<\/a><\/div>\n<\/div>\n<\/div>\n\n\n\n<div class=\"wp-block-column\" style=\"flex-basis:40%\">\n<figure class=\"wp-block-gallery alignfull has-nested-images columns-default is-cropped diaporama--1\">\n<figure class=\"wp-block-image size-large\"><img width=\"1920\" height=\"544\" src=\"https:\/\/camping-gites-damgan.fr\/wp-content\/uploads\/2023\/01\/damgan1.jpg\" alt=\"Bucht Presqu'\u00eele de P\u00e9nerf | Camping Presqu'\u00eele de P\u00e9nerf\" class=\"wp-image-668\" title=\"Bucht Presqu'\u00eele de P\u00e9nerf\" srcset=\"https:\/\/camping-gites-damgan.fr\/wp-content\/uploads\/2023\/01\/damgan1.jpg 1920w, https:\/\/camping-gites-damgan.fr\/wp-content\/uploads\/2023\/01\/damgan1-300x85.jpg 300w, https:\/\/camping-gites-damgan.fr\/wp-content\/uploads\/2023\/01\/damgan1-1024x290.jpg 1024w, https:\/\/camping-gites-damgan.fr\/wp-content\/uploads\/2023\/01\/damgan1-768x218.jpg 768w, https:\/\/camping-gites-damgan.fr\/wp-content\/uploads\/2023\/01\/damgan1-1536x435.jpg 1536w, https:\/\/camping-gites-damgan.fr\/wp-content\/uploads\/2023\/01\/damgan1-350x100.jpg 350w\" sizes=\"(max-width: 1920px) 100vw, 1920px\" \/><\/figure>\n\n\n\n<figure class=\"wp-block-image size-full\"><img width=\"1024\" height=\"681\" src=\"https:\/\/camping-gites-damgan.fr\/wp-content\/uploads\/2023\/02\/DSC_0165.jpg\" alt=\"Leuchtturm Damgan | Camping Presqu'\u00eele de P\u00e9nerf\" class=\"wp-image-801\" title=\"Leuchtturm Damgan\" srcset=\"https:\/\/camping-gites-damgan.fr\/wp-content\/uploads\/2023\/02\/DSC_0165.jpg 1024w, https:\/\/camping-gites-damgan.fr\/wp-content\/uploads\/2023\/02\/DSC_0165-300x200.jpg 300w, https:\/\/camping-gites-damgan.fr\/wp-content\/uploads\/2023\/02\/DSC_0165-768x511.jpg 768w\" sizes=\"(max-width: 1024px) 100vw, 1024px\" \/><\/figure>\n\n\n\n<figure class=\"wp-block-image size-large\"><img width=\"1024\" height=\"462\" src=\"https:\/\/camping-gites-damgan.fr\/wp-content\/uploads\/2023\/02\/1000007261-1-1024x462.jpg\" alt=\"Tourist Hafen Damgan | Camping Presqu'\u00eele de P\u00e9nerf\" class=\"wp-image-788\" title=\"Tourist Hafen Damgan \" srcset=\"https:\/\/camping-gites-damgan.fr\/wp-content\/uploads\/2023\/02\/1000007261-1-1024x462.jpg 1024w, https:\/\/camping-gites-damgan.fr\/wp-content\/uploads\/2023\/02\/1000007261-1-300x135.jpg 300w, https:\/\/camping-gites-damgan.fr\/wp-content\/uploads\/2023\/02\/1000007261-1-768x346.jpg 768w, https:\/\/camping-gites-damgan.fr\/wp-content\/uploads\/2023\/02\/1000007261-1.jpg 1078w\" sizes=\"(max-width: 1024px) 100vw, 1024px\" \/><\/figure>\n<\/figure>\n<\/div>\n<\/div>\n\n\n\n<div class=\"wp-container-69e1de171fff0 wp-block-group alignfull has-fond-background-color has-background\"><div class=\"wp-block-group__inner-container\">\n<h2 id=\"les-activites-de-notre-camping-a-damgan\">Aktivit\u00e4ten in Campingplatz am meer in Frankreich<\/h2>\n\n\n\n<div class=\"wp-block-columns\">\n<div class=\"wp-block-column\">\n<p>Unser <a href=\"https:\/\/camping-gites-damgan.fr\/camping-damgan-en-bord-de-mer\/\" data-type=\"page\" data-id=\"1052\">Campingplatz in Bretagne am Meer<\/a> empf\u00e4ngt Sie in einer freundlichen und herzlichen Atmosph\u00e4re. Neben den Freuden des Meeres stellen wir einen Spielplatz f\u00fcr die J\u00fcngsten und ein <strong>Boulodrome<\/strong> f\u00fcr die \u00c4lteren zur Verf\u00fcgung.<\/p>\n\n\n\n<p>Jeden Montag findet w\u00e4hrend der gesamten Saison ein Boule-Wettbewerb statt. Au\u00dferdem gibt es einen Stand mit Waffeln, Cr\u00eapes, Eis und Getr\u00e4nken.<\/p>\n\n\n\n<p>Nur wenige Schritte vom Campingplatz entfernt, auf der Halbinsel Penerf, finden Sie <strong>Restaurants<\/strong>, <strong>M\u00e4rkte <\/strong>und die M\u00f6glichkeit, Austern direkt aus diesen f\u00fcr den <strong>Golf von Morbihan<\/strong> typischen Becken zu probieren.<\/p>\n<\/div>\n\n\n\n<div class=\"wp-block-column\">\n<ul class=\"pictos liste col-2 inter--flex mob--pictos\"><li><i class=\"far fa-child\"><\/i>  Spielplatz<\/li><li><i class=\"far fa-baseball-ball\"><\/i>  Boulodrome<\/li><li><i class=\"far fa-glass-cheers\"><\/i>  Gourmetstand<\/li><li><i class=\"far fa-store\"><\/i>  Gesch\u00e4fte in der N\u00e4he<\/li><\/ul>\n<\/div>\n<\/div>\n<\/div><\/div>\n\n\n\n<div class=\"wp-block-columns are-vertically-aligned-center deco--vague\">\n<div class=\"wp-block-column is-vertically-aligned-center\" style=\"flex-basis:50%\">\n<figure class=\"wp-block-gallery has-nested-images columns-2 is-cropped img--2\">\n<figure class=\"wp-block-image size-large mob--display\"><img width=\"768\" height=\"1024\" src=\"https:\/\/camping-gites-damgan.fr\/wp-content\/uploads\/2023\/01\/camping-penerf_105535-e1555059563272-768x1024.jpg\" alt=\"sanit\u00e4re Anlagen | Camping Presqu'\u00eele de P\u00e9nerf\" class=\"wp-image-766\" title=\"sanit\u00e4re Anlagen \" srcset=\"https:\/\/camping-gites-damgan.fr\/wp-content\/uploads\/2023\/01\/camping-penerf_105535-e1555059563272-768x1024.jpg 768w, https:\/\/camping-gites-damgan.fr\/wp-content\/uploads\/2023\/01\/camping-penerf_105535-e1555059563272-225x300.jpg 225w, https:\/\/camping-gites-damgan.fr\/wp-content\/uploads\/2023\/01\/camping-penerf_105535-e1555059563272.jpg 825w\" sizes=\"(max-width: 768px) 100vw, 768px\" \/><\/figure>\n\n\n\n<figure class=\"wp-block-image size-large\"><img width=\"768\" height=\"1024\" src=\"https:\/\/camping-gites-damgan.fr\/wp-content\/uploads\/2023\/01\/camping-penerf_105447-768x1024.jpg\" alt=\"waschraum | Camping Presqu'\u00eele de P\u00e9nerf\" class=\"wp-image-764\" title=\"waschraum Camping Presqu'\u00eele de P\u00e9nerf\" srcset=\"https:\/\/camping-gites-damgan.fr\/wp-content\/uploads\/2023\/01\/camping-penerf_105447-768x1024.jpg 768w, https:\/\/camping-gites-damgan.fr\/wp-content\/uploads\/2023\/01\/camping-penerf_105447-225x300.jpg 225w, https:\/\/camping-gites-damgan.fr\/wp-content\/uploads\/2023\/01\/camping-penerf_105447.jpg 1100w\" sizes=\"(max-width: 768px) 100vw, 768px\" \/><\/figure>\n<\/figure>\n<\/div>\n\n\n\n<div class=\"wp-block-column is-vertically-aligned-center\">\n<h2 class=\"h3\" id=\"dienstleistungen-von-3-sterne-campingplatzen-in-der-bretagne\">Dienstleistungen von 3-Sterne-Campingpl\u00e4tzen in der Bretagne<\/h2>\n\n\n\n<p>F\u00fcr Ihren Urlaub oder Ihr Wochenende auf dem Campingplatz bietet der <strong>Campingplatz Presqu&#8217;\u00eele de P\u00e9nerf im Golf von Morbihan<\/strong> eine ideale Umgebung f\u00fcr Ruhe und Entspannung. An Unterk\u00fcnften bieten wir Ihnen <a href=\"https:\/\/camping-gites-damgan.fr\/de\/standorte\/\">nackte Campingpl\u00e4tze f\u00fcr Zelte, Wohnwagen und Wohnmobile<\/a> sowie die Vermietung von Mobilheimen.<\/p>\n\n\n\n<p><strong>Geschirrsp\u00fcl- und Waschm\u00f6glichkeiten<\/strong> stehen Ihnen w\u00e4hrend Ihres Aufenthalts auf dem Campingplatz zur Verf\u00fcgung.<\/p>\n\n\n\n<p>Wir haben einen <strong>kleinen Supermarkt<\/strong> mit den n\u00f6tigsten Dingen, um Ihnen das Leben w\u00e4hrend Ihres Aufenthalts zu erleichtern.<\/p>\n\n\n\n<p>Jeden Morgen <strong>kommt<\/strong> der <strong>B\u00e4cker der Insel und verkauft sein Brot<\/strong> auf dem Campingplatz.<\/p>\n\n\n\n<ul class=\"pictos liste\"><li><i class=\"far fa-store\"><\/i>  Wi-Fi auf dem Campingplatz kostenpflichtig<\/li><\/ul>\n\n\n\n<div class=\"wp-container-69e1de17204d1 wp-block-buttons\">\n<div class=\"wp-block-button btn_resa\"><a class=\"wp-block-button__link\">Buchen Sie Ihren Aufenthalt<\/a><\/div>\n<\/div>\n<\/div>\n<\/div>\n\n\n\n<div class=\"wp-block-columns alignfull deco--trois-vagues2 has-fond-background-color has-background\">\n<div class=\"wp-block-column\">\n<p class=\"accroche\">Entdecken Sie die Bretagne<\/p>\n\n\n\n<h2 id=\"aufenthalt-in-der-bretagne-frankreich\">Aufenthalt in der Bretagne, Frankreich<\/h2>\n\n\n\n<p>Die Bretagne: <strong>zweifellos die sch\u00f6nste Region Frankreichs,<\/strong>. Atemberaubende Panoramen, herrliche Sandstr\u00e4nde, ein gesch\u00fctzter Naturpark mit einer einzigartigen Tier- und Pflanzenwelt im<strong> Golf von Morbihan<\/strong>, Myriaden von ungew\u00f6hnlichen Orten gibt es zu entdecken.<\/p>\n\n\n\n<p>Das megalithische Erbe wie die <strong>Alignements von Carnac<\/strong>&nbsp;und der&nbsp;<strong>gro\u00dfe zerbrochene Menhir von Locmariaquer<\/strong>&nbsp;geh\u00f6ren zu den unumg\u00e4nglichen Sehensw\u00fcrdigkeiten, die Sie unbedingt entdecken sollten!<\/p>\n\n\n\n<p>Verpassen Sie in der Bretagne nicht die <strong>M\u00e4rkte mit lokalen Produkten<\/strong> und probieren Sie alle bretonischen Spezialit\u00e4ten. Die <strong>franz\u00f6sische Gastronomie<\/strong> streckt Ihnen von unserem <strong>Campingplatz in der Bretagne am Meer<\/strong> aus die Arme entgegen.<\/p>\n\n\n\n<p>Im <strong>Golfe du Morbihan<\/strong> begeben Sie sich auf ein Abenteuer auf den vorgelagerten Inseln mit ihrer untypischen Vegetation. Verpassen Sie nicht die <strong>\u00cele aux Moines<\/strong> oder die <strong>\u00cele d&#8217;Arz<\/strong>, die Sie bei einer Bootsfahrt entdecken k\u00f6nnen. Inmitten eines Naturschutzgebiets k\u00f6nnen Sie dort <strong>Zugv\u00f6gel<\/strong> oder auch <strong>Phokko<\/strong> oder <strong>Delphine<\/strong> beobachten.<\/p>\n\n\n\n<p>F\u00fcr die Liebhaber des Meeres warten Kajak, Paddel oder auch Kanu nur einen Steinwurf von unserem <strong>Campingplatz in Frankreich am Meer<\/strong> entfernt auf Sie. Nutzen Sie das sch\u00f6ne <strong>Wetter in der Bretagne<\/strong>, um zu baden oder auf den K\u00fcstenpfaden zu wandern.<\/p>\n\n\n\n<div style=\"height:100px\" aria-hidden=\"true\" class=\"wp-block-spacer\"><\/div>\n<\/div>\n\n\n\n<div class=\"wp-block-column\" style=\"flex-basis:40%\">\n<figure class=\"wp-block-gallery alignfull has-nested-images columns-default is-cropped diaporama--1\">\n<figure class=\"wp-block-image size-large\"><img width=\"1024\" height=\"768\" src=\"https:\/\/camping-gites-damgan.fr\/wp-content\/uploads\/2023\/11\/brittany-3526809_1280-1024x768.jpg\" alt=\"Plage Bretagne P\u00e9nerf\" class=\"wp-image-1256\" title=\"Bucht Presqu'\u00eele de P\u00e9nerf\" srcset=\"https:\/\/camping-gites-damgan.fr\/wp-content\/uploads\/2023\/11\/brittany-3526809_1280-1024x768.jpg 1024w, https:\/\/camping-gites-damgan.fr\/wp-content\/uploads\/2023\/11\/brittany-3526809_1280-300x225.jpg 300w, https:\/\/camping-gites-damgan.fr\/wp-content\/uploads\/2023\/11\/brittany-3526809_1280-768x576.jpg 768w, https:\/\/camping-gites-damgan.fr\/wp-content\/uploads\/2023\/11\/brittany-3526809_1280.jpg 1280w\" sizes=\"(max-width: 1024px) 100vw, 1024px\" \/><\/figure>\n\n\n\n<figure class=\"wp-block-image size-large\"><img width=\"1024\" height=\"698\" src=\"https:\/\/camping-gites-damgan.fr\/wp-content\/uploads\/2023\/11\/peninsula-of-gavres-4839864_1280-1024x698.jpg\" alt=\"bateau abandonn\u00e9 bretagne\" class=\"wp-image-1263\" title=\"Leuchtturm Damgan\" srcset=\"https:\/\/camping-gites-damgan.fr\/wp-content\/uploads\/2023\/11\/peninsula-of-gavres-4839864_1280-1024x698.jpg 1024w, https:\/\/camping-gites-damgan.fr\/wp-content\/uploads\/2023\/11\/peninsula-of-gavres-4839864_1280-300x204.jpg 300w, https:\/\/camping-gites-damgan.fr\/wp-content\/uploads\/2023\/11\/peninsula-of-gavres-4839864_1280-768x523.jpg 768w, https:\/\/camping-gites-damgan.fr\/wp-content\/uploads\/2023\/11\/peninsula-of-gavres-4839864_1280.jpg 1280w\" sizes=\"(max-width: 1024px) 100vw, 1024px\" \/><\/figure>\n\n\n\n<figure class=\"wp-block-image size-large\"><img width=\"1024\" height=\"498\" src=\"https:\/\/camping-gites-damgan.fr\/wp-content\/uploads\/2023\/12\/is-chessyca-luEYqT9OwKo-unsplash-1024x498.jpg\" alt=\"sentier c\u00f4tier bretagne\" class=\"wp-image-1289\" title=\"Tourist Hafen Damgan \" srcset=\"https:\/\/camping-gites-damgan.fr\/wp-content\/uploads\/2023\/12\/is-chessyca-luEYqT9OwKo-unsplash-1024x498.jpg 1024w, https:\/\/camping-gites-damgan.fr\/wp-content\/uploads\/2023\/12\/is-chessyca-luEYqT9OwKo-unsplash-300x146.jpg 300w, https:\/\/camping-gites-damgan.fr\/wp-content\/uploads\/2023\/12\/is-chessyca-luEYqT9OwKo-unsplash-768x373.jpg 768w, https:\/\/camping-gites-damgan.fr\/wp-content\/uploads\/2023\/12\/is-chessyca-luEYqT9OwKo-unsplash-1536x746.jpg 1536w, https:\/\/camping-gites-damgan.fr\/wp-content\/uploads\/2023\/12\/is-chessyca-luEYqT9OwKo-unsplash.jpg 1920w\" sizes=\"(max-width: 1024px) 100vw, 1024px\" \/><\/figure>\n<\/figure>\n<\/div>\n<\/div>\n","protected":false},"excerpt":{"rendered":"<p>Aufenthalt auf einem Campingplatz in Bretagne Panoramablick und Aktivit\u00e4ten im Bretagne Der 3-Sterne-Campingplatz Presqu&#8217;\u00eele de P\u00e9nerf in Frankreich liegt in der Gemeinde Damgan im Departement Morbihan und empf\u00e4ngt Sie direkt am Meer. Dieser charmante Badeort im S\u00fcden der Bretagne verf\u00fcgt \u00fcber ein charaktervolles Kulturerbe und spektakul\u00e4re Meereslandschaften. Direkt am Meer mit direktem Zugang zum Strand. [&hellip;]<\/p>\n","protected":false},"author":1,"featured_media":0,"parent":0,"menu_order":0,"comment_status":"closed","ping_status":"closed","template":"","meta":[],"acf":[],"_links":{"self":[{"href":"https:\/\/camping-gites-damgan.fr\/de\/wp-json\/wp\/v2\/pages\/1169"}],"collection":[{"href":"https:\/\/camping-gites-damgan.fr\/de\/wp-json\/wp\/v2\/pages"}],"about":[{"href":"https:\/\/camping-gites-damgan.fr\/de\/wp-json\/wp\/v2\/types\/page"}],"author":[{"embeddable":true,"href":"https:\/\/camping-gites-damgan.fr\/de\/wp-json\/wp\/v2\/users\/1"}],"replies":[{"embeddable":true,"href":"https:\/\/camping-gites-damgan.fr\/de\/wp-json\/wp\/v2\/comments?post=1169"}],"version-history":[{"count":6,"href":"https:\/\/camping-gites-damgan.fr\/de\/wp-json\/wp\/v2\/pages\/1169\/revisions"}],"predecessor-version":[{"id":1958,"href":"https:\/\/camping-gites-damgan.fr\/de\/wp-json\/wp\/v2\/pages\/1169\/revisions\/1958"}],"wp:attachment":[{"href":"https:\/\/camping-gites-damgan.fr\/de\/wp-json\/wp\/v2\/media?parent=1169"}],"curies":[{"name":"wp","href":"https:\/\/api.w.org\/{rel}","templated":true}]}}