{"id":1197,"date":"2023-12-13T10:20:44","date_gmt":"2023-12-13T09:20:44","guid":{"rendered":"https:\/\/camping-gites-damgan.fr\/standorte\/"},"modified":"2025-10-09T11:09:05","modified_gmt":"2025-10-09T09:09:05","slug":"camping-wohnmobil-zeltplatz-bretagne","status":"publish","type":"page","link":"https:\/\/camping-gites-damgan.fr\/de\/camping-wohnmobil-zeltplatz-bretagne\/","title":{"rendered":"Standorte"},"content":{"rendered":"\n<div class=\"wp-block-cover alignfull\"><span aria-hidden=\"true\" class=\"has-vert-background-color wp-block-cover__gradient-background has-background-dim\"><\/span><img width=\"2048\" height=\"712\" class=\"wp-block-cover__image-background wp-image-562\" alt=\"Presqu'\u00eele de P\u00e9nerf Camping\" src=\"https:\/\/camping-gites-damgan.fr\/wp-content\/uploads\/2023\/01\/ile-de-penerf.jpg\" data-object-fit=\"cover\" srcset=\"https:\/\/camping-gites-damgan.fr\/wp-content\/uploads\/2023\/01\/ile-de-penerf.jpg 2048w, https:\/\/camping-gites-damgan.fr\/wp-content\/uploads\/2023\/01\/ile-de-penerf-300x104.jpg 300w, https:\/\/camping-gites-damgan.fr\/wp-content\/uploads\/2023\/01\/ile-de-penerf-1024x356.jpg 1024w, https:\/\/camping-gites-damgan.fr\/wp-content\/uploads\/2023\/01\/ile-de-penerf-768x267.jpg 768w, https:\/\/camping-gites-damgan.fr\/wp-content\/uploads\/2023\/01\/ile-de-penerf-1536x534.jpg 1536w\" sizes=\"(max-width: 2048px) 100vw, 2048px\" \/><div class=\"wp-block-cover__inner-container\">\n<p class=\"accroche\" id=\"presqu-ile-de-penerf\">Urlaub in Penerf<\/p>\n\n\n\n<h1 id=\"emplacements-de-camping-a-damgan-en-bord-de-mer-1\">Zeltpl\u00e4tze in Bretagne am Meer<\/h1>\n\n\n\n<div class=\"wp-container-69fa9787caa1a wp-block-buttons\">\n<div class=\"wp-block-button btn_resa_empl\"><a class=\"wp-block-button__link\">Einen Platz buchen  <i class=\"far fa-search\"><\/i><\/a><\/div>\n<\/div>\n<\/div><\/div>\n\n\n\n<div class=\"wp-container-69fa9787cb1fd wp-block-group deco--trois-vagues2\"><div class=\"wp-block-group__inner-container\">\n<p class=\"has-text-align-center accroche\">Lassen Sie sich am Meer nieder<\/p>\n\n\n\n<h2 class=\"has-text-align-center h2\" id=\"emplacements-de-camping-a-damgan-pour-tente-caravane-et-camping-car\">Campingpl\u00e4tze in Bretagne f\u00fcr Zelt, Wohnwagen und Wohnmobil<\/h2>\n\n\n\n<p class=\"has-text-align-left\">Im Herzen des <strong>Golfs von Morbihan<\/strong> stellt Ihnen der <a href=\"https:\/\/camping-gites-damgan.fr\/de\/\" data-type=\"page\" data-id=\"5\">3*-Campingplatz Presqu&#8217;\u00eele de Penerf<\/a> <strong>in Damgan Campingpl\u00e4tze<\/strong> zur Verf\u00fcgung, die unsere Urlauber, die traditionelles Camping lieben, begeistern werden. Stellen Sie Ihr Zelt auf einem unserer Stellpl\u00e4tze auf oder entscheiden Sie sich f\u00fcr einen unserer <strong>Wohnmobilstellpl\u00e4tze in Bretagne<\/strong>. Oder entscheiden Sie sich f\u00fcr einen Aufenthalt in <a href=\"https:\/\/camping-gites-damgan.fr\/de\/mobilheime\/\" data-type=\"URL\" data-id=\"https:\/\/camping-gites-damgan.fr\/de\/mobilheime\/\">einem voll ausgestatteten Mobilheim<\/a> und erleben Sie den Komfort eines Campingplatzes!<\/p>\n\n\n\n<p>Unsere <strong>ger\u00e4umigen, baumbestandenen und abgegrenzten Stellpl\u00e4tze<\/strong> garantieren Ihnen einen Aufenthalt in Harmonie mit der Natur und unter Wahrung Ihrer Privatsph\u00e4re. Puristische Freunde und begeisterte Zeltcamper kommen in den Genuss, zum Klang der Wellen einzuschlafen und mit einem atemberaubenden <a href=\"https:\/\/camping-gites-damgan.fr\/de\/tourismus\/\">Blick auf die K\u00fcste des Morbihan<\/a> aufzuwachen, einer Region, deren Natur- und Kulturerbe zu den reichsten des Hexagons z\u00e4hlt.<\/p>\n\n\n\n<ul class=\"pictos liste centre\"><li><i class=\"far fa-sun-haze\"><\/i>  Aufenthalt am Meer<\/li><li><i class=\"far fa-house-tree\"><\/i>  Komfortvermietungen<\/li><li><i class=\"far fa-campground\"><\/i>  Naturpl\u00e4tze<\/li><\/ul>\n\n\n\n<figure class=\"wp-block-gallery has-nested-images columns-5 is-cropped\">\n<figure class=\"wp-block-image size-large\"><img width=\"771\" height=\"1024\" src=\"https:\/\/camping-gites-damgan.fr\/wp-content\/uploads\/2023\/01\/emplacements-camping-penerf-771x1024.jpg\" alt=\"sonnige Lage | Camping Presqu'\u00eele de P\u00e9nerf\" class=\"wp-image-572\" title=\"sonniger Platz Camping Presqu'\u00eele de P\u00e9nerf\" srcset=\"https:\/\/camping-gites-damgan.fr\/wp-content\/uploads\/2023\/01\/emplacements-camping-penerf-771x1024.jpg 771w, https:\/\/camping-gites-damgan.fr\/wp-content\/uploads\/2023\/01\/emplacements-camping-penerf-226x300.jpg 226w, https:\/\/camping-gites-damgan.fr\/wp-content\/uploads\/2023\/01\/emplacements-camping-penerf-768x1020.jpg 768w, https:\/\/camping-gites-damgan.fr\/wp-content\/uploads\/2023\/01\/emplacements-camping-penerf.jpg 1024w\" sizes=\"(max-width: 771px) 100vw, 771px\" \/><\/figure>\n\n\n\n<figure class=\"wp-block-image size-large mob--display\"><img width=\"1024\" height=\"498\" src=\"https:\/\/camping-gites-damgan.fr\/wp-content\/uploads\/2023\/01\/20190722_191503-1024x498.jpg\" alt=\"zeltplatz | Camping Presqu'\u00eele de P\u00e9nerf\" class=\"wp-image-654\" title=\"Zeltplatz Camping Presqu'\u00eele de P\u00e9nerf\" srcset=\"https:\/\/camping-gites-damgan.fr\/wp-content\/uploads\/2023\/01\/20190722_191503-1024x498.jpg 1024w, https:\/\/camping-gites-damgan.fr\/wp-content\/uploads\/2023\/01\/20190722_191503-300x146.jpg 300w, https:\/\/camping-gites-damgan.fr\/wp-content\/uploads\/2023\/01\/20190722_191503-768x373.jpg 768w, https:\/\/camping-gites-damgan.fr\/wp-content\/uploads\/2023\/01\/20190722_191503-1536x747.jpg 1536w, https:\/\/camping-gites-damgan.fr\/wp-content\/uploads\/2023\/01\/20190722_191503-2048x995.jpg 2048w\" sizes=\"(max-width: 1024px) 100vw, 1024px\" \/><\/figure>\n\n\n\n<figure class=\"wp-block-image size-large\"><img width=\"769\" height=\"1024\" src=\"https:\/\/camping-gites-damgan.fr\/wp-content\/uploads\/2023\/01\/20190916_172726-769x1024.jpg\" alt=\"Stellplatz Wohnmobil | Camping Presqu'\u00eele de P\u00e9nerf\" class=\"wp-image-650\" title=\"Stellplatz Wohnmobil Camping Presqu'\u00eele de P\u00e9nerf\" srcset=\"https:\/\/camping-gites-damgan.fr\/wp-content\/uploads\/2023\/01\/20190916_172726-769x1024.jpg 769w, https:\/\/camping-gites-damgan.fr\/wp-content\/uploads\/2023\/01\/20190916_172726-225x300.jpg 225w, https:\/\/camping-gites-damgan.fr\/wp-content\/uploads\/2023\/01\/20190916_172726-768x1023.jpg 768w, https:\/\/camping-gites-damgan.fr\/wp-content\/uploads\/2023\/01\/20190916_172726.jpg 825w\" sizes=\"(max-width: 769px) 100vw, 769px\" \/><\/figure>\n\n\n\n<figure class=\"wp-block-image size-large mob--display\"><img width=\"1024\" height=\"768\" src=\"https:\/\/camping-gites-damgan.fr\/wp-content\/uploads\/2023\/01\/camping-presquile-penerf-134655-e1555082579922-1024x768.jpg\" alt=\"Stellplatz | Camping Presqu'\u00eele de P\u00e9nerf\" class=\"wp-image-648\" title=\"Stellplatz | Camping Presqu'\u00eele de P\u00e9nerf\" srcset=\"https:\/\/camping-gites-damgan.fr\/wp-content\/uploads\/2023\/01\/camping-presquile-penerf-134655-e1555082579922-1024x768.jpg 1024w, https:\/\/camping-gites-damgan.fr\/wp-content\/uploads\/2023\/01\/camping-presquile-penerf-134655-e1555082579922-300x225.jpg 300w, https:\/\/camping-gites-damgan.fr\/wp-content\/uploads\/2023\/01\/camping-presquile-penerf-134655-e1555082579922-768x576.jpg 768w, https:\/\/camping-gites-damgan.fr\/wp-content\/uploads\/2023\/01\/camping-presquile-penerf-134655-e1555082579922.jpg 1100w\" sizes=\"(max-width: 1024px) 100vw, 1024px\" \/><\/figure>\n\n\n\n<figure class=\"wp-block-image size-large mob--display\"><img width=\"1024\" height=\"497\" src=\"https:\/\/camping-gites-damgan.fr\/wp-content\/uploads\/2023\/01\/Resized_20200531_194147-1-1024x497.jpg\" alt=\"stellplatz van | Camping Presqu'\u00eele de P\u00e9nerf\" class=\"wp-image-652\" title=\"standort van Halbinsel P\u00e9nerf\" srcset=\"https:\/\/camping-gites-damgan.fr\/wp-content\/uploads\/2023\/01\/Resized_20200531_194147-1-1024x497.jpg 1024w, https:\/\/camping-gites-damgan.fr\/wp-content\/uploads\/2023\/01\/Resized_20200531_194147-1-300x146.jpg 300w, https:\/\/camping-gites-damgan.fr\/wp-content\/uploads\/2023\/01\/Resized_20200531_194147-1-768x373.jpg 768w, https:\/\/camping-gites-damgan.fr\/wp-content\/uploads\/2023\/01\/Resized_20200531_194147-1.jpg 1396w\" sizes=\"(max-width: 1024px) 100vw, 1024px\" \/><\/figure>\n<\/figure>\n\n\n\n<div class=\"wp-container-69fa9787caf0d wp-block-buttons\">\n<div class=\"wp-block-button is-style-outline\"><a class=\"wp-block-button__link\" href=\"https:\/\/camping-gites-damgan.fr\/galerie-photos\/?galerie=emplacements\">In Bildern entdecken<\/a><\/div>\n\n\n\n<div class=\"wp-block-button\"><a class=\"wp-block-button__link\" href=\"https:\/\/camping-gites-damgan.fr\/wp-content\/uploads\/2026\/04\/TARIFS-2026.pdf\" target=\"_blank\" rel=\"noreferrer noopener\">Siehe Tarife <i class=\"fal fa-arrow-up-right-from-square\"><\/i><\/a><\/div>\n\n\n\n<div class=\"wp-block-button btn_resa_empl\"><a class=\"wp-block-button__link\">Buchen Sie einen Platz  <i class=\"far fa-search\"><\/i><\/a><\/div>\n<\/div>\n<\/div><\/div>\n\n\n\n<div class=\"wp-container-69fa9787cb55f wp-block-group alignfull has-fond-background-color has-background\"><div class=\"wp-block-group__inner-container\">\n<ul class=\"pictos centre col-4 mob--flex\"><li><i class=\"far fa-campground\"><\/i> <strong>Zeltpl\u00e4tze <\/strong>Direkt am Meer in Bretagne finden Sie Ihren Stellplatz f\u00fcr Zelte, Wohnwagen oder Wohnmobile.<\/li><li><i class=\"far fa-dog\"><\/i> Haustiere <strong>erlaubt<\/strong> Haustiere sind auf dem Campingplatz Presqu&#8217;Ile de Penerf herzlich willkommen!<\/li><li><i class=\"far fa-tree-deciduous\"><\/i> <strong>Pl\u00e4tze mit B\u00e4umen<\/strong> F\u00fcr Ihren Komfort und Ihre Privatsph\u00e4re sind die Stellpl\u00e4tze abgegrenzt und mit B\u00e4umen bepflanzt.<\/li><li><i class=\"far fa-leaf-heart\"><\/i> Erholsamer <strong>Rahmen<\/strong> Zwischen der Meeresluft und der Vegetation haben Sie den idealen Rahmen f\u00fcr einen entspannenden und abschaltenden Urlaub!<\/li><\/ul>\n<\/div><\/div>\n\n\n\n<div class=\"wp-container-69fa9787cbc37 wp-block-group\"><div class=\"wp-block-group__inner-container\">\n<h2 class=\"has-text-align-center h2\" id=\"emplacements-de-camping-a-damgan-pour-tente-caravane-et-camping-car\">Wohnmobilstellplatz in Bretagne<\/h2>\n\n\n\n<p class=\"has-text-align-center\">Unsere Campingpl\u00e4tze k\u00f6nnen als <strong>Wohnmobilstellpl\u00e4tze in Frankreich <\/strong>fungieren. Ideal, um Ihr Fahrzeug unterzubringen. Wenn Sie eines unserer Grundst\u00fccke mieten, k\u00f6nnen Sie auch von allen <a href=\"https:\/\/camping-gites-damgan.fr\/de\/aktivitaeten\/\">Aktivit\u00e4ten und Dienstleistungen<\/a> unseres Campingplatzes profitieren. F\u00fcr einen Aufenthalt voller Unterhaltung und Freizeitaktivit\u00e4ten im Freien finden Sie unsere <strong>Boulodrome<\/strong>, unsere <strong>Spielpl\u00e4tze<\/strong> und k\u00f6nnen animierte Abende mit Freunden oder der Familie genie\u00dfen. Unser Campingplatz verf\u00fcgt au\u00dferdem \u00fcber einen <strong>Minimarkt<\/strong>, einen Geschirrsp\u00fcler und eine W\u00e4scherei. Alles in allem alles, um Ihnen das Leben w\u00e4hrend Ihres <strong>Urlaubs am Golf von Morbihan<\/strong> zu erleichtern!<\/p>\n\n\n\n<h3 id=\"urlaub-in-der-bretagne-am-meer-mit-wohnmobil\">Urlaub in der Bretagne am Meer mit Wohnmobil<\/h3>\n\n\n\n<p>Unsere <strong><a href=\"https:\/\/camping-gites-damgan.fr\/de\/stellplatz-wohnmobile-bretagne-camping-penerf\/\">Wohnmobilstellpl\u00e4tze<\/a> in Frankreich <\/strong>bieten Ihnen das ultimative Privileg, einen Aufenthalt in der N\u00e4he des Ozeans zu verbringen; unser <strong>Campingplatz in Bretagne am Meer<\/strong> verf\u00fcgt \u00fcber eine besonders vorteilhafte geografische Lage mitten im <strong>Golf von <\/strong><a href=\"https:\/\/camping-gites-damgan.fr\/de\/alentours\/campingplatz-bretagne-am-meer\/\"><strong>Morbihan<\/strong> <\/a>neben den Str\u00e4nden. Die Gelegenheit, ein au\u00dfergew\u00f6hnliches Gebiet zu entdecken, in dem die unber\u00fchrte Natur neben feinen Sandstr\u00e4nden liegt und die M\u00f6glichkeit bietet, eine breite Palette an <strong>Wassersportarten und Wanderungen<\/strong> auszu\u00fcben oder am Wasser zu faulenzen.<\/p>\n\n\n\n<p>Einen <strong>Wohnmobilstellplatz in Bretagne <\/strong>zu buchen, ist die perfekte Wahl f\u00fcr Urlauber, die die Einrichtungen und die Geselligkeit eines 3-Sterne-Campingplatzes genie\u00dfen und gleichzeitig ihre Privatsph\u00e4re am Meer bewahren m\u00f6chten.<\/p>\n\n\n\n<div class=\"wp-container-69fa9787cb95d wp-block-buttons\">\n<div class=\"wp-block-button btn_resa_empl\"><a class=\"wp-block-button__link\">Reservieren Sie einen Wohnmobilstellplatz  <i class=\"far fa-search\"><\/i><\/a><\/div>\n<\/div>\n<\/div><\/div>\n\n\n\n<div class=\"wp-container-69fa9787cc357 wp-block-group deco--trois-vagues2\"><div class=\"wp-block-group__inner-container\">\n<h2 class=\"has-text-align-center h2\" id=\"wandern-von-unseren-zeltplatzen-in-der-bretagne-aus\">Wandern von unseren Zeltpl\u00e4tzen in der Bretagne aus<\/h2>\n\n\n\n<div class=\"wp-block-columns\">\n<div class=\"wp-block-column\">\n<p>Sind Sie Wanderer und Liebhaber von <strong>Zeltcamping in der Bretagne<\/strong>? \u00dcbernachten Sie auf Ihren Etappen auf dem <strong>Campingplatz in Damgan im Morbihan<\/strong> und verleihen Sie dieser <strong>Wandererfahrung in Frankreich<\/strong> eine authentische und eindringliche Dimension. Mit ihren K\u00fcstenpfaden, Feldwegen und zahlreichen unber\u00fchrten Naturgebieten ist die Bretagne ein wahres Paradies f\u00fcr Wanderer, die auf der Suche nach Entdeckungen sind. <\/p>\n\n\n\n<h3 id=\"ubernachten-unter-dem-sternenhimmel-am-meer\">\u00dcbernachten unter dem Sternenhimmel am Meer<\/h3>\n\n\n\n<p>Wenn du dich f\u00fcr<strong> Zeltcamping<\/strong> auf den Etappen deiner<strong> Wanderung an der K\u00fcste der Bretagne<\/strong> entscheidest, hast du die M\u00f6glichkeit, voll und ganz in die bretonische Natur einzutauchen, indem du deine N\u00e4chte unter einem Sternenhimmel verbringst und zum Gesang der V\u00f6gel in unserem <strong>Campingplatz am Meer in Frankreich<\/strong> aufwachst. Dar\u00fcber hinaus bieten unsere<strong> baumbestandenen Zeltpl\u00e4tze in der Bretagne<\/strong> wertvolle Flexibilit\u00e4t, sodass Sie Ihre Reiseroute nach Ihren W\u00fcnschen und F\u00e4higkeiten planen k\u00f6nnen. Sie k\u00f6nnen den direkten Zugang zum Meer und die atemberaubenden Ausblicke auf den Ozean direkt von Ihrem Zelt aus genie\u00dfen! Und f\u00fcr <strong>Reisende mit Wohnmobil, die sich auf ein Abenteuer in der Bretagne eingelassen haben<\/strong>, sieht unser Campingplatz alle notwendigen Dienstleistungen f\u00fcr Ihren <strong>Aufenthalt in Frankreich<\/strong> vor.<\/p>\n<\/div>\n\n\n\n<div class=\"wp-block-column is-vertically-aligned-center\">\n<figure class=\"wp-block-image size-large\"><img width=\"1024\" height=\"498\" src=\"https:\/\/camping-gites-damgan.fr\/wp-content\/uploads\/2023\/12\/is-chessyca-luEYqT9OwKo-unsplash-1024x498.jpg\" alt=\"k\u00fcstenpfad wandern bretagne\" class=\"wp-image-1289\" srcset=\"https:\/\/camping-gites-damgan.fr\/wp-content\/uploads\/2023\/12\/is-chessyca-luEYqT9OwKo-unsplash-1024x498.jpg 1024w, https:\/\/camping-gites-damgan.fr\/wp-content\/uploads\/2023\/12\/is-chessyca-luEYqT9OwKo-unsplash-300x146.jpg 300w, https:\/\/camping-gites-damgan.fr\/wp-content\/uploads\/2023\/12\/is-chessyca-luEYqT9OwKo-unsplash-768x373.jpg 768w, https:\/\/camping-gites-damgan.fr\/wp-content\/uploads\/2023\/12\/is-chessyca-luEYqT9OwKo-unsplash-1536x746.jpg 1536w, https:\/\/camping-gites-damgan.fr\/wp-content\/uploads\/2023\/12\/is-chessyca-luEYqT9OwKo-unsplash.jpg 1920w\" sizes=\"(max-width: 1024px) 100vw, 1024px\" \/><\/figure>\n\n\n\n<div class=\"wp-container-69fa9787cc02d wp-block-buttons\">\n<div class=\"wp-block-button is-style-outline\"><a class=\"wp-block-button__link\" href=\"https:\/\/camping-gites-damgan.fr\/de\/tourismus\/\">Ich entdecke die Region Bretagne<\/a><\/div>\n<\/div>\n<\/div>\n<\/div>\n\n\n\n<div style=\"height:100px\" aria-hidden=\"true\" class=\"wp-block-spacer\"><\/div>\n<\/div><\/div>\n","protected":false},"excerpt":{"rendered":"<p>Lassen Sie sich am Meer nieder Campingpl\u00e4tze in Bretagne f\u00fcr Zelt, Wohnwagen und Wohnmobil Im Herzen des Golfs von Morbihan stellt Ihnen der 3*-Campingplatz Presqu&#8217;\u00eele de Penerf in Damgan Campingpl\u00e4tze zur Verf\u00fcgung, die unsere Urlauber, die traditionelles Camping lieben, begeistern werden. Stellen Sie Ihr Zelt auf einem unserer Stellpl\u00e4tze auf oder entscheiden Sie sich f\u00fcr [&hellip;]<\/p>\n","protected":false},"author":1,"featured_media":0,"parent":0,"menu_order":0,"comment_status":"closed","ping_status":"closed","template":"","meta":[],"acf":[],"_links":{"self":[{"href":"https:\/\/camping-gites-damgan.fr\/de\/wp-json\/wp\/v2\/pages\/1197"}],"collection":[{"href":"https:\/\/camping-gites-damgan.fr\/de\/wp-json\/wp\/v2\/pages"}],"about":[{"href":"https:\/\/camping-gites-damgan.fr\/de\/wp-json\/wp\/v2\/types\/page"}],"author":[{"embeddable":true,"href":"https:\/\/camping-gites-damgan.fr\/de\/wp-json\/wp\/v2\/users\/1"}],"replies":[{"embeddable":true,"href":"https:\/\/camping-gites-damgan.fr\/de\/wp-json\/wp\/v2\/comments?post=1197"}],"version-history":[{"count":5,"href":"https:\/\/camping-gites-damgan.fr\/de\/wp-json\/wp\/v2\/pages\/1197\/revisions"}],"predecessor-version":[{"id":2234,"href":"https:\/\/camping-gites-damgan.fr\/de\/wp-json\/wp\/v2\/pages\/1197\/revisions\/2234"}],"wp:attachment":[{"href":"https:\/\/camping-gites-damgan.fr\/de\/wp-json\/wp\/v2\/media?parent=1197"}],"curies":[{"name":"wp","href":"https:\/\/api.w.org\/{rel}","templated":true}]}}