{"id":1228,"date":"2023-12-13T10:22:23","date_gmt":"2023-12-13T09:22:23","guid":{"rendered":"https:\/\/camping-gites-damgan.fr\/mobilheime\/"},"modified":"2025-07-29T11:33:23","modified_gmt":"2025-07-29T09:33:23","slug":"camping-mobilheim-bretagne","status":"publish","type":"page","link":"https:\/\/camping-gites-damgan.fr\/de\/camping-mobilheim-bretagne\/","title":{"rendered":"Mobilheime"},"content":{"rendered":"\n<div class=\"wp-block-cover alignfull\"><span aria-hidden=\"true\" class=\"has-vert-background-color wp-block-cover__gradient-background has-background-dim\"><\/span><img width=\"2048\" height=\"712\" class=\"wp-block-cover__image-background wp-image-562\" alt=\"Camping Presqu'\u00eele de P\u00e9nerf Mobil-home\" src=\"https:\/\/camping-gites-damgan.fr\/wp-content\/uploads\/2023\/01\/ile-de-penerf.jpg\" data-object-fit=\"cover\" srcset=\"https:\/\/camping-gites-damgan.fr\/wp-content\/uploads\/2023\/01\/ile-de-penerf.jpg 2048w, https:\/\/camping-gites-damgan.fr\/wp-content\/uploads\/2023\/01\/ile-de-penerf-300x104.jpg 300w, https:\/\/camping-gites-damgan.fr\/wp-content\/uploads\/2023\/01\/ile-de-penerf-1024x356.jpg 1024w, https:\/\/camping-gites-damgan.fr\/wp-content\/uploads\/2023\/01\/ile-de-penerf-768x267.jpg 768w, https:\/\/camping-gites-damgan.fr\/wp-content\/uploads\/2023\/01\/ile-de-penerf-1536x534.jpg 1536w\" sizes=\"(max-width: 2048px) 100vw, 2048px\" \/><div class=\"wp-block-cover__inner-container\">\n<p class=\"accroche\" id=\"presqu-ile-de-penerf\">Urlaub in Penerf<\/p>\n\n\n\n<h1 id=\"mobil-homes-a-damgan-en-bord-de-mer\">Mobilheim in Bretagne am Meer<\/h1>\n\n\n\n<div class=\"wp-container-69e1c73386a8c wp-block-buttons\">\n<div class=\"wp-block-button btn_resa_loc\"><a class=\"wp-block-button__link\">Buchen Sie ein Mobilheim  <i class=\"far fa-search\"><\/i><\/a><\/div>\n<\/div>\n<\/div><\/div>\n\n\n\n<div class=\"wp-block-columns are-vertically-aligned-center deco--vague\">\n<div class=\"wp-block-column is-vertically-aligned-center\">\n<p class=\"accroche\">Auf der Halbinsel Penerf<\/p>\n\n\n\n<h2 id=\"nos-locations-de-mobil-homes-a-damgan-en-bord-de-mer\">Mobilheim-Vermietung in Bretagne am Meer<\/h2>\n\n\n\n<p class=\"short\">Entscheiden Sie sich bei Ihrem n\u00e4chsten <strong>Ausflug ins Frankreich <\/strong>f\u00fcr die Anmietung<strong> eines Mobilheims in Bretagne <\/strong>und nutzen Sie den Service unseres <a href=\"https:\/\/camping-gites-damgan.fr\/de\/\">3-Sterne-Campingplatzes am Meer in Bretagne<\/a>. Unsere Unterk\u00fcnfte k\u00f6nnen bis zu 6 Personen beherbergen und bieten Ihnen einen atemberaubenden Blick auf den Fluss P\u00e9nerf oder die Atlantikk\u00fcste.<\/p>\n\n\n\n<p>Genie\u00dfen Sie den Komfort und die Ruhe unserer <strong>Mobilheime in der Bretagne<\/strong>, die ideal f\u00fcr einen erholsamen Aufenthalt inmitten der Natur sind. Jedes Mobilheim ist modern ausgestattet und verf\u00fcgt \u00fcber eine K\u00fcche, ein Badezimmer, eine gem\u00fctliche Wohnfl\u00e4che und eine private Terrasse.<\/p>\n\n\n\n<p>Unser <strong>Camping La Presqu&#8217;\u00eele de P\u00e9nerf<\/strong> bietet Ihnen eine einzigartige Lage direkt am Meer mit zahlreichen Freizeitm\u00f6glichkeiten: Entdecken Sie die bretonische K\u00fcste bei einer Wanderung, entspannen Sie an den feinen Sandstr\u00e4nden oder erkunden Sie die Umgebung mit dem Fahrrad.<\/p>\n\n\n\n<p>F\u00fcr zus\u00e4tzlichen Komfort stehen Ihnen auf unserem Campingplatz hochwertige Services zur Verf\u00fcgung, darunter ein beheizter Pool, ein Restaurant mit lokalen Spezialit\u00e4ten und ein Spielbereich f\u00fcr Kinder. Buchen Sie jetzt Ihr Mobilheim und erleben Sie einen unvergesslichen Urlaub in der <strong><a href=\"https:\/\/camping-gites-damgan.fr\/de\/warum-mit-dem-wohnmobil-in-die-bretagne-fahren\/\" target=\"_blank\" rel=\"noreferrer noopener\">Bretagne<\/a><\/strong>!<\/p>\n\n\n\n<ul class=\"pictos liste col-2 inter--flex mob--pictos\"><li><i class=\"far fa-umbrella-beach\"><\/i>  Gartenm\u00f6bel<\/li><li><i class=\"far fa-utensils\"><\/i>  Ausgestattete K\u00fcche<\/li><li><i class=\"far fa-dog\"><\/i>  Haustiere akzeptiert<\/li><li><i class=\"far fa-binoculars\"><\/i>  Panoramablick<\/li><\/ul>\n\n\n\n<div class=\"wp-container-69e1c73386ebe wp-block-buttons\">\n<div class=\"wp-block-button is-style-outline\"><a class=\"wp-block-button__link\" href=\"https:\/\/camping-gites-damgan.fr\/de\/fotogalerie\/?galerie=locations\">Entdecken Sie in Bildern<\/a><\/div>\n\n\n\n<div class=\"wp-block-button btn_resa_loc\"><a class=\"wp-block-button__link\">Buchen Sie Ihren Aufenthalt<\/a><\/div>\n<\/div>\n<\/div>\n\n\n\n<div class=\"wp-block-column is-vertically-aligned-center\" style=\"flex-basis:50%\">\n<figure class=\"wp-block-gallery has-nested-images columns-2 is-cropped img--2\">\n<figure class=\"wp-block-image size-large\"><img width=\"1024\" height=\"704\" src=\"https:\/\/camping-gites-damgan.fr\/wp-content\/uploads\/2023\/01\/Camping-bord-de-mer-damgan-penerf.jpg\" alt=\"mobilheim meerblick | Camping Presqu'\u00eele de P\u00e9nerf Bretagne\" class=\"wp-image-564\" title=\"mobilheim meerblick Camping Presqu'\u00eele de P\u00e9nerf\" srcset=\"https:\/\/camping-gites-damgan.fr\/wp-content\/uploads\/2023\/01\/Camping-bord-de-mer-damgan-penerf.jpg 1024w, https:\/\/camping-gites-damgan.fr\/wp-content\/uploads\/2023\/01\/Camping-bord-de-mer-damgan-penerf-300x206.jpg 300w, https:\/\/camping-gites-damgan.fr\/wp-content\/uploads\/2023\/01\/Camping-bord-de-mer-damgan-penerf-768x528.jpg 768w\" sizes=\"(max-width: 1024px) 100vw, 1024px\" \/><\/figure>\n\n\n\n<figure class=\"wp-block-image size-full mob--display\"><img width=\"720\" height=\"540\" src=\"https:\/\/camping-gites-damgan.fr\/wp-content\/uploads\/2023\/01\/00000899082.webp\" alt=\"mobilheim wohnzimmer au\u00dfen meerblick | Camping Presqu'\u00eele de P\u00e9nerf Bretagne \" class=\"wp-image-626\" title=\"mobilheim wohnzimmer au\u00dfen meerblick Camping Presqu'\u00eele de P\u00e9nerf\" srcset=\"https:\/\/camping-gites-damgan.fr\/wp-content\/uploads\/2023\/01\/00000899082.webp 720w, https:\/\/camping-gites-damgan.fr\/wp-content\/uploads\/2023\/01\/00000899082-300x225.webp 300w\" sizes=\"(max-width: 720px) 100vw, 720px\" \/><\/figure>\n<\/figure>\n<\/div>\n<\/div>\n\n\n\n<div class=\"wp-container-69e1c733872fd wp-block-group alignfull has-fond-background-color has-background\"><div class=\"wp-block-group__inner-container\">\n<ul class=\"pictos centre col-4 mob--flex\"><li><i class=\"far fa-water\"><\/i> <strong>Familienurlaub<\/strong> Genie\u00dfen Sie mit Ihrer Familie ein gro\u00dfes Mobilheim mit allem Komfort und Blick auf den Fluss Penerf.<\/li><li><i class=\"far fa-umbrella-beach\"><\/i> <strong>Entspannungs-Terrasse<\/strong> Genie\u00dfen Sie Ihre Au\u00dfenterrasse mit Gartenm\u00f6beln oder auch eine Panorama-Terrasse &#8220;Solarium&#8221; mit Entspannungs-Lounge.<\/li><li><i class=\"far fa-plate-utensils\"><\/i> <strong>Ausgestattete K\u00fcche<\/strong> F\u00fcr Ihren Komfort verf\u00fcgt Ihr Mobilheim \u00fcber eine ausgestattete K\u00fcche (Geschirrsp\u00fcler, Backofen, K\u00fchl-\/Gefrierschrank, Mikrowelle, Geschirr&#8230;).<\/li><li><i class=\"far fa-shoe-prints\"><\/i> <strong>Zugang zum Meer <\/strong>Genie\u00dfen Sie das Meer, das Angeln zu Fu\u00df, die Austernbecken &#8230;<\/li><\/ul>\n<\/div><\/div>\n\n\n\n<div class=\"wp-block-columns alignfull deco--trois-vagues2 has-vert-clair-background-color has-background\">\n<div class=\"wp-block-column\">\n<h2 id=\"votre-location-de-mobil-home-a-damgan\">Campingurlaub in Bretagne<\/h2>\n\n\n\n<p>M\u00fcssen Sie sich abmelden? Verbringen Sie Ihren Urlaub am Meer, indem Sie sich f\u00fcr eines unserer<strong> Mobilheim-Mietobjekte in Bretagne<\/strong> entscheiden; einige von ihnen sind mit einer <strong>Lounge und einem privaten Spa<\/strong> ausgestattet und garantieren Ihnen so einen entspannenden Aufenthalt im <a href=\"https:\/\/camping-gites-damgan.fr\/de\/tourismus\/\">Golfe von Morbihan<\/a>.<\/p>\n\n\n\n<p>Entspannen Sie sich im Rhythmus der Gezeiten auf unserem <strong>3-Sterne-Campingplatz in Frankreich <\/strong>und erleben Sie 100% Bretagne <strong>am Meer<\/strong>.<\/p>\n\n\n\n<p>Unsere komfortablen <strong>Mobilheime in der Bretagne<\/strong> bieten Platz f\u00fcr Paare, Familien und Gruppen. Jedes Mobilheim ist vollst\u00e4ndig ausgestattet mit einer K\u00fcche, einem Badezimmer und einer privaten Terrasse, sodass Sie Ihren Aufenthalt in vollen Z\u00fcgen genie\u00dfen k\u00f6nnen.<\/p>\n\n\n\n<p>Auf dem <strong>Camping La Presqu&#8217;\u00eele de P\u00e9nerf<\/strong> profitieren Sie von einer idyllischen Umgebung in der N\u00e4he des Meeres. Unser Campingplatz bietet Ihnen direkten Zugang zu zahlreichen Aktivit\u00e4ten: Strandspazierg\u00e4nge, Wassersport und Fahrradtouren entlang der K\u00fcste.<\/p>\n\n\n\n<p>Entdecken Sie unsere verschiedenen Mobilheim-Kategorien, vom gem\u00fctlichen Standardmodell bis hin zum luxuri\u00f6sen Mobilheim mit Meerblick und eigenem Whirlpool. Perfekt f\u00fcr einen erholsamen Urlaub in der <strong>Bretagne<\/strong>!<\/p>\n\n\n\n<ul class=\"pictos liste col-2 inter--flex mob--pictos\"><li><i class=\"far fa-hot-tub-person\"><\/i>  Privater SPA<\/li><li><i class=\"far fa-sun-haze\"><\/i>  Terrasse mit Meerblick<\/li><li><i class=\"far fa-backpack\"><\/i>  Bis zu 4 Personen<\/li><li><i class=\"far fa-shower\"><\/i>  Duschraum &amp; separates WC<\/li><\/ul>\n\n\n\n<div class=\"wp-container-69e1c73387755 wp-block-buttons\">\n<div class=\"wp-block-button btn_resa_loc\"><a class=\"wp-block-button__link\">Buchen Sie schnell!<\/a><\/div>\n\n\n\n<div class=\"wp-block-button\"><a class=\"wp-block-button__link\" href=\"https:\/\/camping-gites-damgan.fr\/wp-content\/uploads\/2026\/04\/TARIFS-2026.pdf\" target=\"_blank\" rel=\"noreferrer noopener\">Siehe Tarife <i class=\"fal fa-arrow-up-right-from-square\"><\/i><\/a><\/div>\n<\/div>\n<\/div>\n\n\n\n<div class=\"wp-block-column\" style=\"flex-basis:50%\">\n<figure class=\"wp-block-gallery alignfull has-nested-images columns-default is-cropped diaporama--1\">\n<figure class=\"wp-block-image size-full\"><img width=\"450\" height=\"600\" src=\"https:\/\/camping-gites-damgan.fr\/wp-content\/uploads\/2023\/01\/20210416_140316.jpg\" alt=\"mobilheim spa Bretagne\" class=\"wp-image-638\" title=\"mobilheim spa camping Presqu'\u00eele de P\u00e9nerf\" srcset=\"https:\/\/camping-gites-damgan.fr\/wp-content\/uploads\/2023\/01\/20210416_140316.jpg 450w, https:\/\/camping-gites-damgan.fr\/wp-content\/uploads\/2023\/01\/20210416_140316-225x300.jpg 225w\" sizes=\"(max-width: 450px) 100vw, 450px\" \/><\/figure>\n\n\n\n<figure class=\"wp-block-image size-full\"><img width=\"520\" height=\"692\" src=\"https:\/\/camping-gites-damgan.fr\/wp-content\/uploads\/2023\/01\/20210416_144445.jpg\" alt=\"terrasse mobilheim Bretagne\" class=\"wp-image-636\" title=\"terrasse mobilheim Camping Presqu'\u00eele de P\u00e9nerf\" srcset=\"https:\/\/camping-gites-damgan.fr\/wp-content\/uploads\/2023\/01\/20210416_144445.jpg 520w, https:\/\/camping-gites-damgan.fr\/wp-content\/uploads\/2023\/01\/20210416_144445-225x300.jpg 225w\" sizes=\"(max-width: 520px) 100vw, 520px\" \/><\/figure>\n\n\n\n<figure class=\"wp-block-image size-large\"><img width=\"1024\" height=\"768\" src=\"https:\/\/camping-gites-damgan.fr\/wp-content\/uploads\/2023\/01\/Mobil-home-loggia-4pers4-1024x768.jpg\" alt=\"meerblick mobilheim Morbihan\" class=\"wp-image-640\" title=\"meerblick mobilheim Morbihan\" srcset=\"https:\/\/camping-gites-damgan.fr\/wp-content\/uploads\/2023\/01\/Mobil-home-loggia-4pers4-1024x768.jpg 1024w, https:\/\/camping-gites-damgan.fr\/wp-content\/uploads\/2023\/01\/Mobil-home-loggia-4pers4-300x225.jpg 300w, https:\/\/camping-gites-damgan.fr\/wp-content\/uploads\/2023\/01\/Mobil-home-loggia-4pers4-768x576.jpg 768w, https:\/\/camping-gites-damgan.fr\/wp-content\/uploads\/2023\/01\/Mobil-home-loggia-4pers4.jpg 1250w\" sizes=\"(max-width: 1024px) 100vw, 1024px\" \/><\/figure>\n<\/figure>\n<\/div>\n<\/div>\n\n\n\n<div class=\"wp-block-columns are-vertically-aligned-center deco--vague\">\n<div class=\"wp-block-column is-vertically-aligned-center\">\n<h2 id=\"nos-services-en-location-de-mobil-home-a-damgan\">Mobilheimservice in der Bretagne<\/h2>\n\n\n\n<p class=\"short\">Von Ihrem <strong>Mobilheim in Bretagne <\/strong>aus haben Sie Zugang zu den vielen <a href=\"https:\/\/camping-gites-damgan.fr\/de\/aktivitaeten\/\">Einrichtungen und Dienstleistungen<\/a>, die unser Campingplatz zu bieten hat.<\/p>\n\n\n\n<p>Der <strong>direkte Zugang zum Strand<\/strong> erm\u00f6glicht es Ihnen, schnell auf das Vorland zu gelangen und die Ebbe zum <strong>Angeln<\/strong> zu nutzen. <strong>Wassersportler<\/strong> werden sich freuen, ihren Lieblingsbesch\u00e4ftigungen nachzugehen, wie <strong>Windsurfen, Kitesurfen, Paddeln oder Kajakfahren<\/strong>.<\/p>\n\n\n\n<p>Sie k\u00f6nnen einfach an den <strong>feinen Sandstr\u00e4nden<\/strong> spazieren gehen und die saubere Luft an der K\u00fcste von Damgan einatmen. Nehmen Sie die <strong>K\u00fcstenpfade<\/strong> f\u00fcr eine Wanderung in der freien Natur und bewundern Sie die Vielfalt der umliegenden Flora und Fauna.<\/p>\n\n\n\n<p>Erkunden Sie auch die h\u00fcbsche kleine Gemeinde Damgan und decken Sie sich <strong>auf dem \u00f6rtlichen Markt<\/strong> mit <strong>Muscheln und Sch<\/strong> alentieren ein oder lassen Sie sich an einem der Tische nieder. Die Restaurants in der Umgebung werden auch die gierigsten Urlauber zufriedenstellen!<\/p>\n\n\n\n<p class=\"short\">Was die Infrastruktur betrifft, so verf\u00fcgt der Campingplatz \u00fcber spezielle <strong>Kinderspielpl\u00e4tze<\/strong>, einen <strong>Bouleplatz<\/strong> sowie <strong>Homeball<\/strong>. In unserem Supermarkt finden Sie alles, was Sie brauchen.<\/p>\n\n\n\n<p>Unser <strong>Campingplatz in Bretagne am meer <\/strong>organisiert auch <strong>Abendveranstaltungen und Animationen<\/strong>, um Gro\u00df und Klein zu unterhalten und Ihnen die M\u00f6glichkeit zu geben, Momente voller Geselligkeit mit der Familie zu verbringen.<\/p>\n<\/div>\n\n\n\n<div class=\"wp-block-column is-vertically-aligned-center\" style=\"flex-basis:50%\">\n<figure class=\"wp-block-gallery has-nested-images columns-2 is-cropped img--2\">\n<figure class=\"wp-block-image size-large\"><img width=\"1024\" height=\"576\" src=\"https:\/\/camping-gites-damgan.fr\/wp-content\/uploads\/2023\/05\/ocean-gf3fb9c4b1_1280-1024x576.jpg\" alt=\"Blick auf die Bucht Morbihan\" class=\"wp-image-1043\" title=\"Blick auf die Bucht Morbihan\" srcset=\"https:\/\/camping-gites-damgan.fr\/wp-content\/uploads\/2023\/05\/ocean-gf3fb9c4b1_1280-1024x576.jpg 1024w, https:\/\/camping-gites-damgan.fr\/wp-content\/uploads\/2023\/05\/ocean-gf3fb9c4b1_1280-300x169.jpg 300w, https:\/\/camping-gites-damgan.fr\/wp-content\/uploads\/2023\/05\/ocean-gf3fb9c4b1_1280-768x432.jpg 768w, https:\/\/camping-gites-damgan.fr\/wp-content\/uploads\/2023\/05\/ocean-gf3fb9c4b1_1280.jpg 1280w\" sizes=\"(max-width: 1024px) 100vw, 1024px\" \/><\/figure>\n\n\n\n<figure class=\"wp-block-image size-large mob--display\"><img width=\"1024\" height=\"682\" src=\"https:\/\/camping-gites-damgan.fr\/wp-content\/uploads\/2023\/05\/castle-g1d4d0808d_1280-1024x682.jpg\" alt=\"blick schloss Suscinio Bretagne\" class=\"wp-image-1041\" title=\"blick schloss Suscinio Bretagne\" srcset=\"https:\/\/camping-gites-damgan.fr\/wp-content\/uploads\/2023\/05\/castle-g1d4d0808d_1280-1024x682.jpg 1024w, https:\/\/camping-gites-damgan.fr\/wp-content\/uploads\/2023\/05\/castle-g1d4d0808d_1280-300x200.jpg 300w, https:\/\/camping-gites-damgan.fr\/wp-content\/uploads\/2023\/05\/castle-g1d4d0808d_1280-768x512.jpg 768w, https:\/\/camping-gites-damgan.fr\/wp-content\/uploads\/2023\/05\/castle-g1d4d0808d_1280.jpg 1280w\" sizes=\"(max-width: 1024px) 100vw, 1024px\" \/><\/figure>\n<\/figure>\n<\/div>\n<\/div>\n\n\n\n<div class=\"wp-block-columns alignfull deco--trois-vagues2 has-vert-clair-background-color has-background\">\n<div class=\"wp-block-column\">\n<h2 id=\"votre-location-de-mobil-home-a-damgan\">Morbihan im Mobilheim in Frankreich entdecken<\/h2>\n\n\n\n<p>Neben den von unserer Einrichtung angebotenen Aktivit\u00e4ten ist ein <strong>Aufenthalt in einem Mobilheim in Bretagne <\/strong>die ideale Gelegenheit, die Reize der Region Morbihan mit ihrem besonders reichen Kulturerbe und ihrer faszinierenden Geschichte zu entdecken. Die kleinen <strong>charaktervollen D\u00f6rfer<\/strong>, die Gastronomie, die au\u00dfergew\u00f6hnlichen <strong>Landschaften<\/strong> und die zahlreichen <strong>historischen Denkm\u00e4ler<\/strong> bieten unendlich viele M\u00f6glichkeiten, die Sie w\u00e4hrend Ihres <strong>Aufenthalts in der Bretagne<\/strong> nutzen k\u00f6nnen.<\/p>\n\n\n\n<p>Buchen Sie jetzt Ihr <strong>Mobilheim in Morbihan <\/strong>und verbringen Sie einen unvergesslichen Urlaub in der Region Bretagne ! Verpassen Sie es nicht, die Sch\u00f6nheit der<strong> Halbinsel P\u00e9nerf<\/strong> zu entdecken, auf der sich unser Campingplatz befindet. Das gesamte Team steht Ihnen zur Verf\u00fcgung, um Ihre Fragen zu beantworten und Ihnen bei der Planung von Ausfl\u00fcgen in die Umgebung zu helfen. Ob mit der Familie, zu zweit oder mit Freunden, es gibt kaum eine Chance, dass Sie sich bei einem <strong><a href=\"https:\/\/camping-gites-damgan.fr\/de\/warum-bretagne-ein-mobilheim-fahren\/\">Aufenthalt in Bretagne <\/a><\/strong>langweilen!<\/p>\n\n\n\n<div class=\"wp-container-69e1c73389537 wp-block-buttons\">\n<div class=\"wp-block-button btn_resa_loc\"><a class=\"wp-block-button__link\">Buchen Sie jetzt!<\/a><\/div>\n<\/div>\n<\/div>\n\n\n\n<div class=\"wp-block-column\" style=\"flex-basis:50%\">\n<figure class=\"wp-block-gallery alignfull has-nested-images columns-default is-cropped diaporama--1\">\n<figure class=\"wp-block-image size-large\"><img width=\"1024\" height=\"1024\" src=\"https:\/\/camping-gites-damgan.fr\/wp-content\/uploads\/2023\/05\/peninsula-of-gavres-g4defba9db_1280-1024x1024.jpg\" alt=\"Strand verlassenes Boot Bretagne\" class=\"wp-image-1045\" title=\"Strand verlassenes Boot Bretagne\" srcset=\"https:\/\/camping-gites-damgan.fr\/wp-content\/uploads\/2023\/05\/peninsula-of-gavres-g4defba9db_1280-1024x1024.jpg 1024w, https:\/\/camping-gites-damgan.fr\/wp-content\/uploads\/2023\/05\/peninsula-of-gavres-g4defba9db_1280-300x300.jpg 300w, https:\/\/camping-gites-damgan.fr\/wp-content\/uploads\/2023\/05\/peninsula-of-gavres-g4defba9db_1280-150x150.jpg 150w, https:\/\/camping-gites-damgan.fr\/wp-content\/uploads\/2023\/05\/peninsula-of-gavres-g4defba9db_1280-768x768.jpg 768w, https:\/\/camping-gites-damgan.fr\/wp-content\/uploads\/2023\/05\/peninsula-of-gavres-g4defba9db_1280.jpg 1280w\" sizes=\"(max-width: 1024px) 100vw, 1024px\" \/><\/figure>\n\n\n\n<figure class=\"wp-block-image size-large\"><img width=\"682\" height=\"1024\" src=\"https:\/\/camping-gites-damgan.fr\/wp-content\/uploads\/2023\/05\/house-g0e974cc5a_1280-682x1024.jpg\" alt=\"Typisch bretonisches Haus \" class=\"wp-image-1049\" title=\"Typisch bretonisches Haus \" srcset=\"https:\/\/camping-gites-damgan.fr\/wp-content\/uploads\/2023\/05\/house-g0e974cc5a_1280-682x1024.jpg 682w, https:\/\/camping-gites-damgan.fr\/wp-content\/uploads\/2023\/05\/house-g0e974cc5a_1280-200x300.jpg 200w, https:\/\/camping-gites-damgan.fr\/wp-content\/uploads\/2023\/05\/house-g0e974cc5a_1280-768x1154.jpg 768w, https:\/\/camping-gites-damgan.fr\/wp-content\/uploads\/2023\/05\/house-g0e974cc5a_1280.jpg 852w\" sizes=\"(max-width: 682px) 100vw, 682px\" \/><\/figure>\n\n\n\n<figure class=\"wp-block-image size-large\"><img width=\"1024\" height=\"682\" src=\"https:\/\/camping-gites-damgan.fr\/wp-content\/uploads\/2023\/05\/etel-g18264b48b_1280-1024x682.jpg\" alt=\"Strandtaucher Bretagne\" class=\"wp-image-1047\" title=\"Strandtaucher Bretagne\" srcset=\"https:\/\/camping-gites-damgan.fr\/wp-content\/uploads\/2023\/05\/etel-g18264b48b_1280-1024x682.jpg 1024w, https:\/\/camping-gites-damgan.fr\/wp-content\/uploads\/2023\/05\/etel-g18264b48b_1280-300x200.jpg 300w, https:\/\/camping-gites-damgan.fr\/wp-content\/uploads\/2023\/05\/etel-g18264b48b_1280-768x512.jpg 768w, https:\/\/camping-gites-damgan.fr\/wp-content\/uploads\/2023\/05\/etel-g18264b48b_1280.jpg 1280w\" sizes=\"(max-width: 1024px) 100vw, 1024px\" \/><\/figure>\n<\/figure>\n<\/div>\n<\/div>\n\n\n\n<div class=\"wp-block-columns are-vertically-aligned-center deco--vague\">\n<div class=\"wp-block-column is-vertically-aligned-center\">\n<figure class=\"wp-block-gallery has-nested-images columns-2 is-cropped img--2\">\n<figure class=\"wp-block-image size-large\"><img width=\"1024\" height=\"512\" src=\"https:\/\/camping-gites-damgan.fr\/wp-content\/uploads\/2023\/01\/alignements-carnac-kermario-galivel-morbihan-bretagne-sud-1024x512.jpg\" alt=\"menhire carnac morbihan\" class=\"wp-image-1186\" title=\"Blick auf die Bucht Morbihan\" srcset=\"https:\/\/camping-gites-damgan.fr\/wp-content\/uploads\/2023\/01\/alignements-carnac-kermario-galivel-morbihan-bretagne-sud-1024x512.jpg 1024w, https:\/\/camping-gites-damgan.fr\/wp-content\/uploads\/2023\/01\/alignements-carnac-kermario-galivel-morbihan-bretagne-sud-300x150.jpg 300w, https:\/\/camping-gites-damgan.fr\/wp-content\/uploads\/2023\/01\/alignements-carnac-kermario-galivel-morbihan-bretagne-sud-768x384.jpg 768w, https:\/\/camping-gites-damgan.fr\/wp-content\/uploads\/2023\/01\/alignements-carnac-kermario-galivel-morbihan-bretagne-sud-1536x768.jpg 1536w, https:\/\/camping-gites-damgan.fr\/wp-content\/uploads\/2023\/01\/alignements-carnac-kermario-galivel-morbihan-bretagne-sud.jpg 1600w\" sizes=\"(max-width: 1024px) 100vw, 1024px\" \/><\/figure>\n\n\n\n<figure class=\"wp-block-image size-full mob--display\"><img width=\"756\" height=\"338\" src=\"https:\/\/camping-gites-damgan.fr\/wp-content\/uploads\/2023\/01\/moulin-de-kervoyal.jpg\" alt=\"M\u00fchle Morbihan\" class=\"wp-image-1188\" title=\"blick schloss Suscinio Bretagne\" srcset=\"https:\/\/camping-gites-damgan.fr\/wp-content\/uploads\/2023\/01\/moulin-de-kervoyal.jpg 756w, https:\/\/camping-gites-damgan.fr\/wp-content\/uploads\/2023\/01\/moulin-de-kervoyal-300x134.jpg 300w\" sizes=\"(max-width: 756px) 100vw, 756px\" \/><\/figure>\n<\/figure>\n<\/div>\n\n\n\n<div class=\"wp-block-column is-vertically-aligned-center\" style=\"flex-basis:50%\">\n<h2 id=\"nos-services-en-location-de-mobil-home-a-damgan\">Aktivit\u00e4ten in der N\u00e4he Ihres Campingplatzes in Frankreich<\/h2>\n\n\n\n<p>Entdecken Sie eine Unzahl an aufregenden Aktivit\u00e4ten und Freizeitm\u00f6glichkeiten, die Sie von Ihrem <strong>Mobilheim in der Bretagne<\/strong> Presqu&#8217;\u00eele de P\u00e9nerf aus erkunden k\u00f6nnen und die Ihnen eine Vielzahl an Optionen bieten, um w\u00e4hrend Ihres Aufenthalts in Frankreich unvergessliche Erinnerungen zu schaffen. F\u00fcr Naturliebhaber sind die M\u00f6glichkeiten endlos: Unternehmen Sie eine <strong>Wanderung in Bretagne<\/strong> entlang der K\u00fcstenpfade und entdecken Sie atemberaubende Meereslandschaften, in denen sich felsige Klippen mit goldenen Sandstr\u00e4nden vermischen. Auch Wassersportbegeisterte kommen hier auf ihre Kosten, denn in den ruhigen, kristallklaren Gew\u00e4ssern der Atlantikk\u00fcste k\u00f6nnen Sie segeln, Kajak fahren, paddeln und vieles mehr. <\/p>\n\n\n\n<p>F\u00fcr einen entspannten Tag mit der Familie erkunden Sie die umliegenden charmanten K\u00fcstend\u00f6rfer, wo Sie in malerischen <strong>Restaurants lokale Spezialit\u00e4ten<\/strong> probieren, \u00fcber Kunsthandwerksm\u00e4rkte schlendern und die Authentizit\u00e4t des bretonischen Lebens kennenlernen k\u00f6nnen. Geschichts- und Kulturinteressierte werden von dem reichen Erbe der Region begeistert sein. Sie haben die M\u00f6glichkeit, historische St\u00e4tten wie die <strong>Megalithen von Carnac<\/strong>, mittelalterliche Schl\u00f6sser und lokale Museen zu besuchen, die einen faszinierenden Einblick in die <strong>bretonische Geschichte und Tradition<\/strong> bieten. Was auch immer Ihre Leidenschaft ist, <strong>Damgan und seine Umgebung<\/strong> sind voll von Aktivit\u00e4ten f\u00fcr jeden Geschmack und jedes Alter und garantieren Ihnen einen Aufenthalt voller Entdeckungen und Emotionen.<\/p>\n\n\n\n<div class=\"wp-container-69e1c73389a68 wp-block-buttons\">\n<div class=\"wp-block-button\"><a class=\"wp-block-button__link\" href=\"https:\/\/camping-gites-damgan.fr\/de\/tourismus-campingplatz-bretagne-meer\/\">die Umgebung entdecken<\/a><\/div>\n<\/div>\n<\/div>\n<\/div>\n","protected":false},"excerpt":{"rendered":"<p>Auf der Halbinsel Penerf Mobilheim-Vermietung in Bretagne am Meer Entscheiden Sie sich bei Ihrem n\u00e4chsten Ausflug ins Frankreich f\u00fcr die Anmietung eines Mobilheims in Bretagne und nutzen Sie den Service unseres 3-Sterne-Campingplatzes am Meer in Bretagne. Unsere Unterk\u00fcnfte k\u00f6nnen bis zu 6 Personen beherbergen und bieten Ihnen einen atemberaubenden Blick auf den Fluss P\u00e9nerf oder [&hellip;]<\/p>\n","protected":false},"author":1,"featured_media":0,"parent":0,"menu_order":0,"comment_status":"closed","ping_status":"closed","template":"","meta":[],"acf":[],"_links":{"self":[{"href":"https:\/\/camping-gites-damgan.fr\/de\/wp-json\/wp\/v2\/pages\/1228"}],"collection":[{"href":"https:\/\/camping-gites-damgan.fr\/de\/wp-json\/wp\/v2\/pages"}],"about":[{"href":"https:\/\/camping-gites-damgan.fr\/de\/wp-json\/wp\/v2\/types\/page"}],"author":[{"embeddable":true,"href":"https:\/\/camping-gites-damgan.fr\/de\/wp-json\/wp\/v2\/users\/1"}],"replies":[{"embeddable":true,"href":"https:\/\/camping-gites-damgan.fr\/de\/wp-json\/wp\/v2\/comments?post=1228"}],"version-history":[{"count":5,"href":"https:\/\/camping-gites-damgan.fr\/de\/wp-json\/wp\/v2\/pages\/1228\/revisions"}],"predecessor-version":[{"id":2100,"href":"https:\/\/camping-gites-damgan.fr\/de\/wp-json\/wp\/v2\/pages\/1228\/revisions\/2100"}],"wp:attachment":[{"href":"https:\/\/camping-gites-damgan.fr\/de\/wp-json\/wp\/v2\/media?parent=1228"}],"curies":[{"name":"wp","href":"https:\/\/api.w.org\/{rel}","templated":true}]}}