{"id":1611,"date":"2024-10-23T11:43:28","date_gmt":"2024-10-23T09:43:28","guid":{"rendered":"https:\/\/camping-gites-damgan.fr\/?page_id=1611"},"modified":"2025-11-27T12:10:51","modified_gmt":"2025-11-27T11:10:51","slug":"wandern","status":"publish","type":"page","link":"https:\/\/camping-gites-damgan.fr\/de\/wandern\/","title":{"rendered":"Wandern mit hund"},"content":{"rendered":"\n<div class=\"wp-block-cover alignfull is-light\"><span aria-hidden=\"true\" class=\"has-vert-background-color wp-block-cover__gradient-background has-background-dim\"><\/span><img width=\"2560\" height=\"1707\" class=\"wp-block-cover__image-background wp-image-1613\" alt=\"paar, das mit seinem hund in der bretagne auf den wanderwegen in der n\u00e4he des campingplatzes wandert\" src=\"https:\/\/camping-gites-damgan.fr\/wp-content\/uploads\/2024\/10\/AdobeStock_307720165-1-scaled.jpeg\" style=\"object-position:50% 69%\" data-object-fit=\"cover\" data-object-position=\"50% 69%\" srcset=\"https:\/\/camping-gites-damgan.fr\/wp-content\/uploads\/2024\/10\/AdobeStock_307720165-1-scaled.jpeg 2560w, https:\/\/camping-gites-damgan.fr\/wp-content\/uploads\/2024\/10\/AdobeStock_307720165-1-300x200.jpeg 300w, https:\/\/camping-gites-damgan.fr\/wp-content\/uploads\/2024\/10\/AdobeStock_307720165-1-1024x683.jpeg 1024w, https:\/\/camping-gites-damgan.fr\/wp-content\/uploads\/2024\/10\/AdobeStock_307720165-1-768x512.jpeg 768w, https:\/\/camping-gites-damgan.fr\/wp-content\/uploads\/2024\/10\/AdobeStock_307720165-1-1536x1024.jpeg 1536w, https:\/\/camping-gites-damgan.fr\/wp-content\/uploads\/2024\/10\/AdobeStock_307720165-1-2048x1365.jpeg 2048w\" sizes=\"(max-width: 2560px) 100vw, 2560px\" \/><div class=\"wp-block-cover__inner-container\">\n<p class=\"accroche\" id=\"presqu-ile-de-penerf\">Urlaub in Penerf<\/p>\n\n\n\n<h1 id=\"mobil-homes-a-damgan-en-bord-de-mer\">Wandern in der Bretagne mit Ihrem Hund<\/h1>\n\n\n\n<div class=\"wp-container-69e4a71069aa6 wp-block-buttons\"><\/div>\n<\/div><\/div>\n\n\n\n<div class=\"wp-block-columns are-vertically-aligned-center deco--vague\">\n<div class=\"wp-block-column is-vertically-aligned-center\">\n<p>Die Bretagne ist eine ideale Region f\u00fcr Naturliebhaber und Hundebesitzer. Mit ihren weitl\u00e4ufigen Naturr\u00e4umen und vielf\u00e4ltigen Wanderwegen bietet sie zahlreiche M\u00f6glichkeiten f\u00fcr Wanderungen mit Ihrem Hund. Genie\u00dfen Sie unvergessliche Momente mit Ihrem vierbeinigen Begleiter, w\u00e4hrend Sie wundersch\u00f6ne Landschaften erkunden.<\/p>\n\n\n\n<h2 class=\"has-medium-font-size\" id=\"nos-locations-de-mobil-homes-a-damgan-en-bord-de-mer\"><strong>Die Wanderwege in der N\u00e4he unseres Campings in der Bretagne<\/strong><\/h2>\n\n\n\n<p class=\"short\">In der N\u00e4he unseres Campings gibt es mehrere Wanderwege, die es Ihnen erm\u00f6glichen, die Vielfalt der bretonischen Landschaften zu entdecken \u2013 und das in Begleitung Ihres Hundes. Egal ob Sie entlang der K\u00fcste oder ins Landesinnere wandern m\u00f6chten, es gibt zahlreiche Routen, die auch f\u00fcr Hunde geeignet sind. Zum Beispiel bietet der Z\u00f6llnerpfad (<strong><a href=\"https:\/\/www.mongr.fr\/trouver-prochaine-randonnee\/itineraire\/gr-34-le-plus-maritime-des-sentiers-de-grande-randonnee\" data-type=\"URL\" data-id=\"https:\/\/www.mongr.fr\/trouver-prochaine-randonnee\/itineraire\/gr-34-le-plus-maritime-des-sentiers-de-grande-randonnee\" target=\"_blank\" rel=\"noreferrer noopener\">GR34<\/a><\/strong>) atemberaubende Ausblicke und ist hundefreundlich.<\/p>\n\n\n\n<ul class=\"pictos liste col-2 inter--flex mob--pictos\"><li><i class=\"far fa-map\"><\/i> Wanderwege<\/li><li><i class=\"far fa-water\"><\/i>  Am Meer<\/li><li><i class=\"far fa-earth-americas\"><\/i>  Im Land<\/li><li><i class=\"far fa-tree\"><\/i> Im Wald<\/li><\/ul>\n\n\n\n<p>Neben den K\u00fcstenwanderungen gibt es auch markierte Wege durch W\u00e4lder und typische D\u00f6rfer, wo Sie sich mit Ihrem Hund entspannen k\u00f6nnen. Die Vielfalt der Strecken und die N\u00e4he zur Natur machen diese Wanderungen besonders attraktiv.<\/p>\n\n\n\n<div class=\"wp-container-69e4a71069eb4 wp-block-buttons\">\n<div class=\"wp-block-button is-style-outline\"><a class=\"wp-block-button__link\" href=\"https:\/\/camping-gites-damgan.fr\/de\/fotogalerie\/?galerie=locations\">Entdecken Sie in Bildern<\/a><\/div>\n<\/div>\n<\/div>\n\n\n\n<div class=\"wp-block-column is-vertically-aligned-center\" style=\"flex-basis:50%\">\n<figure class=\"wp-block-gallery has-nested-images columns-2 is-cropped img--2\">\n<figure class=\"wp-block-image size-large mob--display\"><img width=\"963\" height=\"1024\" src=\"https:\/\/camping-gites-damgan.fr\/wp-content\/uploads\/2024\/10\/AdobeStock_223724667-1-963x1024.jpeg\" alt=\"Strandspaziergang mit dem Hund\" class=\"wp-image-1659\" title=\"mobilheim wohnzimmer au\u00dfen meerblick Camping Presqu'\u00eele de P\u00e9nerf\" srcset=\"https:\/\/camping-gites-damgan.fr\/wp-content\/uploads\/2024\/10\/AdobeStock_223724667-1-963x1024.jpeg 963w, https:\/\/camping-gites-damgan.fr\/wp-content\/uploads\/2024\/10\/AdobeStock_223724667-1-282x300.jpeg 282w, https:\/\/camping-gites-damgan.fr\/wp-content\/uploads\/2024\/10\/AdobeStock_223724667-1-768x817.jpeg 768w, https:\/\/camping-gites-damgan.fr\/wp-content\/uploads\/2024\/10\/AdobeStock_223724667-1-1445x1536.jpeg 1445w, https:\/\/camping-gites-damgan.fr\/wp-content\/uploads\/2024\/10\/AdobeStock_223724667-1-1926x2048.jpeg 1926w\" sizes=\"(max-width: 963px) 100vw, 963px\" \/><\/figure>\n\n\n\n<figure class=\"wp-block-image size-large\"><img width=\"1024\" height=\"683\" src=\"https:\/\/camping-gites-damgan.fr\/wp-content\/uploads\/2024\/10\/AdobeStock_168774549-1-1024x683.jpeg\" alt=\"fahrradtour auf pfadwegen in der bretagne\" class=\"wp-image-1656\" title=\"mobilheim meerblick Camping Presqu'\u00eele de P\u00e9nerf\" srcset=\"https:\/\/camping-gites-damgan.fr\/wp-content\/uploads\/2024\/10\/AdobeStock_168774549-1-1024x683.jpeg 1024w, https:\/\/camping-gites-damgan.fr\/wp-content\/uploads\/2024\/10\/AdobeStock_168774549-1-300x200.jpeg 300w, https:\/\/camping-gites-damgan.fr\/wp-content\/uploads\/2024\/10\/AdobeStock_168774549-1-768x512.jpeg 768w, https:\/\/camping-gites-damgan.fr\/wp-content\/uploads\/2024\/10\/AdobeStock_168774549-1-1536x1024.jpeg 1536w, https:\/\/camping-gites-damgan.fr\/wp-content\/uploads\/2024\/10\/AdobeStock_168774549-1-2048x1365.jpeg 2048w\" sizes=\"(max-width: 1024px) 100vw, 1024px\" \/><\/figure>\n<\/figure>\n<\/div>\n<\/div>\n\n\n\n<div class=\"wp-block-columns alignfull deco--trois-vagues2 has-vert-clair-background-color has-background\">\n<div class=\"wp-block-column\">\n<h2 class=\"has-medium-font-size\" id=\"votre-location-de-mobil-home-a-damgan\"><strong>Die Str\u00e4nde, an denen Sie w\u00e4hrend Ihres Urlaubs in der Bretagne mit Ihrem Hund spazieren gehen k\u00f6nnen<\/strong><\/h2>\n\n\n\n<p>In der Bretagne <strong><a href=\"https:\/\/emmenetonchien.com\/destinations-voyage-avec-un-chien\/top-5-plages-morbihan\/\" data-type=\"URL\" data-id=\"https:\/\/emmenetonchien.com\/destinations-voyage-avec-un-chien\/top-5-plages-morbihan\/\" target=\"_blank\" rel=\"noreferrer noopener\">gibt es viele Str\u00e4nde, an denen Hunde au\u00dferhalb der Hauptsaison oder in speziellen Bereichen erlaubt sind<\/a><\/strong>. Ob f\u00fcr einen morgendlichen Spaziergang oder eine erfrischende Abk\u00fchlung \u2013 Sie finden zahlreiche Orte, an denen Ihr Hund spielen kann. Zu den bekanntesten geh\u00f6ren die Str\u00e4nde von Damgan, die in bestimmten Jahreszeiten ideal f\u00fcr ausgedehnte Spazierg\u00e4nge sind.<\/p>\n\n\n\n<p>Spazierg\u00e4nge an den bretonischen Str\u00e4nden mit Ihrem Hund bieten die M\u00f6glichkeit, die Gezeiten, Klippen und den feinen Sand zu erleben, w\u00e4hrend Sie eine entspannte Atmosph\u00e4re genie\u00dfen. Diese Momente in der freien Natur st\u00e4rken die Bindung zu Ihrem Tier.<\/p>\n\n\n\n<ul class=\"pictos liste col-2 inter--flex mob--pictos\"><li><i class=\"far fa-hot-tub-person\"><\/i> Str\u00e4nde<\/li><li><i class=\"far fa-sun-haze\"><\/i> Lange Spazierg\u00e4nge<\/li><li><i class=\"far fa-backpack\"><\/i> Entspannende Atmosph\u00e4re<\/li><\/ul>\n\n\n\n<div class=\"wp-container-69e4a7106a367 wp-block-buttons\">\n<div class=\"wp-block-button\"><a class=\"wp-block-button__link\" href=\"https:\/\/camping-gites-damgan.fr\/de\/tourismus-campingplatz-bretagne-meer\/\">Ausfl\u00fcge in die Umgebung<\/a><\/div>\n<\/div>\n<\/div>\n\n\n\n<div class=\"wp-block-column\" style=\"flex-basis:50%\">\n<figure class=\"wp-block-gallery alignfull has-nested-images columns-default is-cropped diaporama--1\">\n<figure class=\"wp-block-image size-large\"><img width=\"1024\" height=\"683\" src=\"https:\/\/camping-gites-damgan.fr\/wp-content\/uploads\/2024\/10\/AdobeStock_970810248-1-1024x683.jpeg\" alt=\"Mann mit Hund am Strand \" class=\"wp-image-1640\" title=\"mobilheim spa camping Presqu'\u00eele de P\u00e9nerf\" srcset=\"https:\/\/camping-gites-damgan.fr\/wp-content\/uploads\/2024\/10\/AdobeStock_970810248-1-1024x683.jpeg 1024w, https:\/\/camping-gites-damgan.fr\/wp-content\/uploads\/2024\/10\/AdobeStock_970810248-1-300x200.jpeg 300w, https:\/\/camping-gites-damgan.fr\/wp-content\/uploads\/2024\/10\/AdobeStock_970810248-1-768x512.jpeg 768w, https:\/\/camping-gites-damgan.fr\/wp-content\/uploads\/2024\/10\/AdobeStock_970810248-1-1536x1024.jpeg 1536w, https:\/\/camping-gites-damgan.fr\/wp-content\/uploads\/2024\/10\/AdobeStock_970810248-1-2048x1365.jpeg 2048w\" sizes=\"(max-width: 1024px) 100vw, 1024px\" \/><\/figure>\n\n\n\n<figure class=\"wp-block-image size-large\"><img width=\"1024\" height=\"661\" src=\"https:\/\/camping-gites-damgan.fr\/wp-content\/uploads\/2024\/10\/AdobeStock_833368715-1-1024x661.jpeg\" alt=\"Frau im Meer mit ihrem Hund in der N\u00e4he des Campingplatzes\" class=\"wp-image-1643\" title=\"terrasse mobilheim Camping Presqu'\u00eele de P\u00e9nerf\" srcset=\"https:\/\/camping-gites-damgan.fr\/wp-content\/uploads\/2024\/10\/AdobeStock_833368715-1-1024x661.jpeg 1024w, https:\/\/camping-gites-damgan.fr\/wp-content\/uploads\/2024\/10\/AdobeStock_833368715-1-300x194.jpeg 300w, https:\/\/camping-gites-damgan.fr\/wp-content\/uploads\/2024\/10\/AdobeStock_833368715-1-768x496.jpeg 768w, https:\/\/camping-gites-damgan.fr\/wp-content\/uploads\/2024\/10\/AdobeStock_833368715-1-1536x991.jpeg 1536w, https:\/\/camping-gites-damgan.fr\/wp-content\/uploads\/2024\/10\/AdobeStock_833368715-1-2048x1322.jpeg 2048w\" sizes=\"(max-width: 1024px) 100vw, 1024px\" \/><\/figure>\n\n\n\n<figure class=\"wp-block-image size-large\"><img width=\"1024\" height=\"683\" src=\"https:\/\/camping-gites-damgan.fr\/wp-content\/uploads\/2024\/10\/AdobeStock_701459716-1-1024x683.jpeg\" alt=\"Frau, die mit ihrem Hund in der N\u00e4he des Campingplatzes in der Bretagne wandert\" class=\"wp-image-1647\" title=\"meerblick mobilheim Morbihan\" srcset=\"https:\/\/camping-gites-damgan.fr\/wp-content\/uploads\/2024\/10\/AdobeStock_701459716-1-1024x683.jpeg 1024w, https:\/\/camping-gites-damgan.fr\/wp-content\/uploads\/2024\/10\/AdobeStock_701459716-1-300x200.jpeg 300w, https:\/\/camping-gites-damgan.fr\/wp-content\/uploads\/2024\/10\/AdobeStock_701459716-1-768x512.jpeg 768w, https:\/\/camping-gites-damgan.fr\/wp-content\/uploads\/2024\/10\/AdobeStock_701459716-1-1536x1024.jpeg 1536w, https:\/\/camping-gites-damgan.fr\/wp-content\/uploads\/2024\/10\/AdobeStock_701459716-1-2048x1365.jpeg 2048w\" sizes=\"(max-width: 1024px) 100vw, 1024px\" \/><\/figure>\n<\/figure>\n<\/div>\n<\/div>\n\n\n\n<div class=\"wp-block-columns are-vertically-aligned-center deco--vague\">\n<div class=\"wp-block-column is-vertically-aligned-center\">\n<figure class=\"wp-block-gallery has-nested-images columns-2 is-cropped img--2\">\n<figure class=\"wp-block-image size-large mob--display\"><img width=\"1024\" height=\"881\" src=\"https:\/\/camping-gites-damgan.fr\/wp-content\/uploads\/2023\/01\/camping-penerf_104507-1024x881.jpg\" alt=\"mobil-home camping damgan\" class=\"wp-image-1204\" title=\"blick schloss Suscinio Bretagne\" srcset=\"https:\/\/camping-gites-damgan.fr\/wp-content\/uploads\/2023\/01\/camping-penerf_104507-1024x881.jpg 1024w, https:\/\/camping-gites-damgan.fr\/wp-content\/uploads\/2023\/01\/camping-penerf_104507-300x258.jpg 300w, https:\/\/camping-gites-damgan.fr\/wp-content\/uploads\/2023\/01\/camping-penerf_104507-768x660.jpg 768w, https:\/\/camping-gites-damgan.fr\/wp-content\/uploads\/2023\/01\/camping-penerf_104507.jpg 1100w\" sizes=\"(max-width: 1024px) 100vw, 1024px\" \/><\/figure>\n\n\n\n<figure class=\"wp-block-image size-large\"><img width=\"1024\" height=\"580\" src=\"https:\/\/camping-gites-damgan.fr\/wp-content\/uploads\/2023\/02\/IMG_0077-1024x580.jpg\" alt=\"camping damgan morbihan \" class=\"wp-image-1224\" title=\"Blick auf die Bucht Morbihan\" srcset=\"https:\/\/camping-gites-damgan.fr\/wp-content\/uploads\/2023\/02\/IMG_0077-1024x580.jpg 1024w, https:\/\/camping-gites-damgan.fr\/wp-content\/uploads\/2023\/02\/IMG_0077-300x170.jpg 300w, https:\/\/camping-gites-damgan.fr\/wp-content\/uploads\/2023\/02\/IMG_0077-768x435.jpg 768w, https:\/\/camping-gites-damgan.fr\/wp-content\/uploads\/2023\/02\/IMG_0077-1536x870.jpg 1536w, https:\/\/camping-gites-damgan.fr\/wp-content\/uploads\/2023\/02\/IMG_0077.jpg 1920w\" sizes=\"(max-width: 1024px) 100vw, 1024px\" \/><\/figure>\n<\/figure>\n<\/div>\n\n\n\n<div class=\"wp-block-column is-vertically-aligned-center\" style=\"flex-basis:50%\">\n<h2 class=\"has-medium-font-size\" id=\"nos-services-en-location-de-mobil-home-a-damgan\">Halbinsel P\u00e9nerf: Unser Campingplatz in der N\u00e4he von Wanderwegen<\/h2>\n\n\n\n<p>Unser Campingplatz liegt in der N\u00e4he der Halbinsel P\u00e9nerf und bietet einfachen Zugang zu Wanderwegen, die sich entlang der K\u00fcste und durch die umliegende Landschaft schl\u00e4ngeln. Die Halbinsel ist ein idealer Ort f\u00fcr Spazierg\u00e4nge mit Ihrem Hund, dank der ruhigen Wege und des beeindruckenden Ausblicks auf das Meer.<\/p>\n\n\n\n<p>Nach einem Tag voller Wanderungen k\u00f6nnen Sie sich auf unserem Campingplatz entspannen und die Ruhe dieser nat\u00fcrlichen Umgebung genie\u00dfen. Die ideale Lage macht ihn zu einem perfekten Ausgangspunkt, um die Umgebung mit Ihrem treuen Begleiter zu erkunden.<\/p>\n<\/div>\n<\/div>\n\n\n\n<div class=\"wp-block-columns alignfull deco--trois-vagues2 has-vert-clair-background-color has-background\">\n<div class=\"wp-block-column\">\n<p class=\"has-blanc-color has-text-color\" style=\"font-size:17px\">Wandern in der Bretagne mit Ihrem Hund ist ein unvergessliches Erlebnis. Ob auf den Wegen in der N\u00e4he unseres Campingplatzes, an den Str\u00e4nden oder rund um die Halbinsel P\u00e9nerf \u2013 Sie finden zahlreiche M\u00f6glichkeiten, die bretonische Natur mit Ihrem Hund zu genie\u00dfen.<\/p>\n<\/div>\n<\/div>\n","protected":false},"excerpt":{"rendered":"<p>Die Bretagne ist eine ideale Region f\u00fcr Naturliebhaber und Hundebesitzer. Mit ihren weitl\u00e4ufigen Naturr\u00e4umen und vielf\u00e4ltigen Wanderwegen bietet sie zahlreiche M\u00f6glichkeiten f\u00fcr Wanderungen mit Ihrem Hund. Genie\u00dfen Sie unvergessliche Momente mit Ihrem vierbeinigen Begleiter, w\u00e4hrend Sie wundersch\u00f6ne Landschaften erkunden. Die Wanderwege in der N\u00e4he unseres Campings in der Bretagne In der N\u00e4he unseres Campings gibt [&hellip;]<\/p>\n","protected":false},"author":1,"featured_media":0,"parent":0,"menu_order":0,"comment_status":"closed","ping_status":"closed","template":"","meta":[],"acf":[],"_links":{"self":[{"href":"https:\/\/camping-gites-damgan.fr\/de\/wp-json\/wp\/v2\/pages\/1611"}],"collection":[{"href":"https:\/\/camping-gites-damgan.fr\/de\/wp-json\/wp\/v2\/pages"}],"about":[{"href":"https:\/\/camping-gites-damgan.fr\/de\/wp-json\/wp\/v2\/types\/page"}],"author":[{"embeddable":true,"href":"https:\/\/camping-gites-damgan.fr\/de\/wp-json\/wp\/v2\/users\/1"}],"replies":[{"embeddable":true,"href":"https:\/\/camping-gites-damgan.fr\/de\/wp-json\/wp\/v2\/comments?post=1611"}],"version-history":[{"count":6,"href":"https:\/\/camping-gites-damgan.fr\/de\/wp-json\/wp\/v2\/pages\/1611\/revisions"}],"predecessor-version":[{"id":1692,"href":"https:\/\/camping-gites-damgan.fr\/de\/wp-json\/wp\/v2\/pages\/1611\/revisions\/1692"}],"wp:attachment":[{"href":"https:\/\/camping-gites-damgan.fr\/de\/wp-json\/wp\/v2\/media?parent=1611"}],"curies":[{"name":"wp","href":"https:\/\/api.w.org\/{rel}","templated":true}]}}