{"id":1929,"date":"2025-05-02T14:48:11","date_gmt":"2025-05-02T12:48:11","guid":{"rendered":"https:\/\/camping-gites-damgan.fr\/?page_id=1929"},"modified":"2025-05-02T14:53:31","modified_gmt":"2025-05-02T12:53:31","slug":"warum-bretagne-ein-mobilheim-fahren","status":"publish","type":"page","link":"https:\/\/camping-gites-damgan.fr\/de\/warum-bretagne-ein-mobilheim-fahren\/","title":{"rendered":"Warum in die Bretagne in ein Mobilheim fahren?"},"content":{"rendered":"\n<div class=\"wp-block-cover alignfull is-light\"><span aria-hidden=\"true\" class=\"has-vert-background-color wp-block-cover__gradient-background has-background-dim\"><\/span><img width=\"1250\" height=\"938\" class=\"wp-block-cover__image-background wp-image-1163\" alt=\"Terrasse mit Meerblick Damgan\" src=\"https:\/\/camping-gites-damgan.fr\/wp-content\/uploads\/2023\/01\/Mobil-home-loggia-4pers4.jpg\" style=\"object-position:67% 75%\" data-object-fit=\"cover\" data-object-position=\"67% 75%\" srcset=\"https:\/\/camping-gites-damgan.fr\/wp-content\/uploads\/2023\/01\/Mobil-home-loggia-4pers4.jpg 1250w, https:\/\/camping-gites-damgan.fr\/wp-content\/uploads\/2023\/01\/Mobil-home-loggia-4pers4-300x225.jpg 300w, https:\/\/camping-gites-damgan.fr\/wp-content\/uploads\/2023\/01\/Mobil-home-loggia-4pers4-1024x768.jpg 1024w, https:\/\/camping-gites-damgan.fr\/wp-content\/uploads\/2023\/01\/Mobil-home-loggia-4pers4-768x576.jpg 768w\" sizes=\"(max-width: 1250px) 100vw, 1250px\" \/><div class=\"wp-block-cover__inner-container\">\n<h1 id=\"camping-a-damgan-dans-le-morbihan-avec-acces-direct-a-la-plage\">Warum in die Bretagne in ein Mobilheim fahren?<\/h1>\n\n\n\n<div class=\"wp-block-columns are-vertically-aligned-center\">\n<div class=\"wp-block-column is-vertically-aligned-center\"><\/div>\n<\/div>\n\n\n\n<div style=\"height:16px\" aria-hidden=\"true\" class=\"wp-block-spacer\"><\/div>\n\n\n<ctv-searchbar><\/ctv-searchbar>\n<\/div><\/div>\n\n\n\n<div class=\"wp-block-columns are-vertically-aligned-center deco--vague deco--trois-vagues\">\n<div class=\"wp-block-column is-vertically-aligned-center\">\n<figure class=\"wp-block-gallery has-nested-images columns-2 is-cropped img--2\">\n<figure class=\"wp-block-image size-full mob--display\"><img width=\"640\" height=\"280\" src=\"https:\/\/camping-gites-damgan.fr\/wp-content\/uploads\/2023\/10\/Golfe_du_Morbihan_-_1.jpg\" alt=\"\" class=\"wp-image-1254\" title=\"Mobilheim Meerblick Campingplatz in der Bretagne\" srcset=\"https:\/\/camping-gites-damgan.fr\/wp-content\/uploads\/2023\/10\/Golfe_du_Morbihan_-_1.jpg 640w, https:\/\/camping-gites-damgan.fr\/wp-content\/uploads\/2023\/10\/Golfe_du_Morbihan_-_1-300x131.jpg 300w\" sizes=\"(max-width: 640px) 100vw, 640px\" \/><\/figure>\n\n\n\n<figure class=\"wp-block-image size-full\"><img width=\"425\" height=\"300\" src=\"https:\/\/camping-gites-damgan.fr\/wp-content\/uploads\/2023\/01\/tour-des-anglais-damgan.jpg\" alt=\"k\u00fcste bretagne penerf\" class=\"wp-image-1189\" title=\"campingplatz pool in der Bretagne \" srcset=\"https:\/\/camping-gites-damgan.fr\/wp-content\/uploads\/2023\/01\/tour-des-anglais-damgan.jpg 425w, https:\/\/camping-gites-damgan.fr\/wp-content\/uploads\/2023\/01\/tour-des-anglais-damgan-300x212.jpg 300w\" sizes=\"(max-width: 425px) 100vw, 425px\" \/><\/figure>\n<\/figure>\n<\/div>\n\n\n\n<div class=\"wp-block-column is-vertically-aligned-center\">\n<h2 class=\"h3\" id=\"notre-camping-a-damgan-en-bord-de-mer\">Die Bretagne entdecken: Natur, K\u00fcste und Authentizit\u00e4t<\/h2>\n\n\n\n<p>Die Bretagne ist eine der eindrucksvollsten Regionen Frankreichs, bekannt f\u00fcr ihre zerkl\u00fcfteten K\u00fcsten, traditionsreichen D\u00f6rfer und ihre tiefe Verbundenheit mit dem Meer. Besonders der S\u00fcden, das D\u00e9partement Morbihan, l\u00e4dt mit seiner gesch\u00fctzten K\u00fcstenlinie zu erholsamen Tagen ein \u2013 ideal f\u00fcr alle, die Natur, Ruhe und maritimes Flair sch\u00e4tzen.<\/p>\n\n\n\n<h3 id=\"damgan-zwischen-strand-und-bretonischer-kultur\">Damgan: Zwischen Strand und bretonischer Kultur<\/h3>\n\n\n\n<p>Damgan liegt direkt am Atlantik und bietet mit seinen langen Str\u00e4nden, der charmanten Promenade und dem Fischereihafen von P\u00e9nerf die perfekte Umgebung f\u00fcr einen authentischen Bretagne-Urlaub. Spazierg\u00e4nge am Meer, Muschelsammeln bei Ebbe oder der Besuch lokaler M\u00e4rkte geh\u00f6ren hier einfach dazu.<\/p>\n<\/div>\n<\/div>\n\n\n\n<div class=\"wp-block-cover alignfull is-light\"><span aria-hidden=\"true\" class=\"has-vert-clair-background-color has-background-dim-40 wp-block-cover__gradient-background has-background-dim\"><\/span><img width=\"1024\" height=\"1360\" class=\"wp-block-cover__image-background wp-image-1156\" alt=\"mobilheim presqu'\u00eele penerf\" src=\"https:\/\/camping-gites-damgan.fr\/wp-content\/uploads\/2023\/01\/mobil-home-camping-penerf-terasse.jpg\" style=\"object-position:77% 48%\" data-object-fit=\"cover\" data-object-position=\"77% 48%\" srcset=\"https:\/\/camping-gites-damgan.fr\/wp-content\/uploads\/2023\/01\/mobil-home-camping-penerf-terasse.jpg 1024w, https:\/\/camping-gites-damgan.fr\/wp-content\/uploads\/2023\/01\/mobil-home-camping-penerf-terasse-226x300.jpg 226w, https:\/\/camping-gites-damgan.fr\/wp-content\/uploads\/2023\/01\/mobil-home-camping-penerf-terasse-771x1024.jpg 771w, https:\/\/camping-gites-damgan.fr\/wp-content\/uploads\/2023\/01\/mobil-home-camping-penerf-terasse-768x1020.jpg 768w\" sizes=\"(max-width: 1024px) 100vw, 1024px\" \/><div class=\"wp-block-cover__inner-container\">\n<p class=\"has-text-align-center has-large-font-size\"><\/p>\n<\/div><\/div>\n\n\n\n<div class=\"wp-container-69e1dde517fbb wp-block-group alignfull deco--trois-vagues3 has-vert-clair-background-color has-background\"><div class=\"wp-block-group__inner-container\">\n<h2 class=\"has-text-align-center\" id=\"nos-locations-emplacements-de-camping-a-damgan\">Komfortabler Urlaub im Mobilheim<\/h2>\n\n\n\n<p>Wer Camping mit Komfort verbinden m\u00f6chte, findet im Mobilheim die perfekte L\u00f6sung. Anders als beim klassischen Zelten genie\u00dfen Sie hier den Aufenthalt in einer festen, voll ausgestatteten Unterkunft \u2013 mitten in der Natur und doch mit allem, was man f\u00fcr entspannte Ferien braucht.<\/p>\n\n\n\n<h3 id=\"mobilheime-ideal-fur-familien-paare-und-freunde\">Mobilheime: Ideal f\u00fcr Familien, Paare und Freunde<\/h3>\n\n\n\n<p>Unsere Mobilheime auf dem Campingplatz Presqu\u2019\u00eele de P\u00e9nerf verf\u00fcgen \u00fcber Schlafzimmer, ein Badezimmer, eine K\u00fcche und eine Terrasse. So erleben Sie Freiheit, ohne auf Bequemlichkeit zu verzichten. Ob als Familie mit Kindern, als Paar oder mit Freunden \u2013 jeder findet seinen Platz und kann den Urlaub in eigenem Tempo genie\u00dfen.<\/p>\n\n\n\n<figure class=\"wp-block-gallery has-nested-images columns-5 is-cropped\">\n<figure class=\"wp-block-image size-large mob--display\"><img width=\"771\" height=\"1024\" src=\"https:\/\/camping-gites-damgan.fr\/wp-content\/uploads\/2023\/01\/mobil-home-camping-penerf-terasse-771x1024.jpg\" alt=\"mobil-home camping en Bretagne | Camping Presqu'\u00eele de P\u00e9nerf\" class=\"wp-image-578\" title=\"Mobilheim Campingplatz in der Bretagne\" srcset=\"https:\/\/camping-gites-damgan.fr\/wp-content\/uploads\/2023\/01\/mobil-home-camping-penerf-terasse-771x1024.jpg 771w, https:\/\/camping-gites-damgan.fr\/wp-content\/uploads\/2023\/01\/mobil-home-camping-penerf-terasse-226x300.jpg 226w, https:\/\/camping-gites-damgan.fr\/wp-content\/uploads\/2023\/01\/mobil-home-camping-penerf-terasse-768x1020.jpg 768w, https:\/\/camping-gites-damgan.fr\/wp-content\/uploads\/2023\/01\/mobil-home-camping-penerf-terasse.jpg 1024w\" sizes=\"(max-width: 771px) 100vw, 771px\" \/><\/figure>\n\n\n\n<figure class=\"wp-block-image size-large mob--display\"><img width=\"771\" height=\"1024\" src=\"https:\/\/camping-gites-damgan.fr\/wp-content\/uploads\/2023\/01\/mobil-home-camping-penerf-confort-771x1024.jpg\" alt=\"Mobilheimsalon camping in der Bretagne | Camping Presqu'\u00eele de P\u00e9nerf\" class=\"wp-image-576\" title=\"Mobilheimsalon camping in der Bretagne\" srcset=\"https:\/\/camping-gites-damgan.fr\/wp-content\/uploads\/2023\/01\/mobil-home-camping-penerf-confort-771x1024.jpg 771w, https:\/\/camping-gites-damgan.fr\/wp-content\/uploads\/2023\/01\/mobil-home-camping-penerf-confort-226x300.jpg 226w, https:\/\/camping-gites-damgan.fr\/wp-content\/uploads\/2023\/01\/mobil-home-camping-penerf-confort-768x1020.jpg 768w, https:\/\/camping-gites-damgan.fr\/wp-content\/uploads\/2023\/01\/mobil-home-camping-penerf-confort.jpg 1024w\" sizes=\"(max-width: 771px) 100vw, 771px\" \/><\/figure>\n\n\n\n<figure class=\"wp-block-image size-large\"><img width=\"771\" height=\"1024\" src=\"https:\/\/camping-gites-damgan.fr\/wp-content\/uploads\/2023\/01\/mobil-home-terrasse-camping-771x1024.jpg\" alt=\"Mobilheim Campingplatz in der Bretagne ansehen | Camping Presqu'\u00eele de P\u00e9nerf\" class=\"wp-image-574\" title=\"Mobilheim Campingplatz in der Bretagne ansehen\" srcset=\"https:\/\/camping-gites-damgan.fr\/wp-content\/uploads\/2023\/01\/mobil-home-terrasse-camping-771x1024.jpg 771w, https:\/\/camping-gites-damgan.fr\/wp-content\/uploads\/2023\/01\/mobil-home-terrasse-camping-226x300.jpg 226w, https:\/\/camping-gites-damgan.fr\/wp-content\/uploads\/2023\/01\/mobil-home-terrasse-camping-768x1020.jpg 768w, https:\/\/camping-gites-damgan.fr\/wp-content\/uploads\/2023\/01\/mobil-home-terrasse-camping.jpg 1024w\" sizes=\"(max-width: 771px) 100vw, 771px\" \/><\/figure>\n\n\n\n<figure class=\"wp-block-image size-large\"><img width=\"771\" height=\"1024\" src=\"https:\/\/camping-gites-damgan.fr\/wp-content\/uploads\/2023\/01\/mobil-home-camping-penerf-771x1024.jpg\" alt=\"Cuisine \u00e9quip\u00e9e mobil-home camping en Bretagne | Camping Presqu'\u00eele de P\u00e9nerf\" class=\"wp-image-570\" title=\"Ausgestattete K\u00fcche Mobilheim Campingplatz in der Bretagne\" srcset=\"https:\/\/camping-gites-damgan.fr\/wp-content\/uploads\/2023\/01\/mobil-home-camping-penerf-771x1024.jpg 771w, https:\/\/camping-gites-damgan.fr\/wp-content\/uploads\/2023\/01\/mobil-home-camping-penerf-226x300.jpg 226w, https:\/\/camping-gites-damgan.fr\/wp-content\/uploads\/2023\/01\/mobil-home-camping-penerf-768x1020.jpg 768w, https:\/\/camping-gites-damgan.fr\/wp-content\/uploads\/2023\/01\/mobil-home-camping-penerf.jpg 1024w\" sizes=\"(max-width: 771px) 100vw, 771px\" \/><\/figure>\n\n\n\n<figure class=\"wp-block-image size-large mob--display\"><img width=\"771\" height=\"1024\" src=\"https:\/\/camping-gites-damgan.fr\/wp-content\/uploads\/2023\/01\/emplacements-camping-penerf-771x1024.jpg\" alt=\"emplacement nature camping en Bretagne | Camping Presqu'\u00eele de P\u00e9nerf\" class=\"wp-image-572\" title=\"campingplatz natur in der Bretagne\" srcset=\"https:\/\/camping-gites-damgan.fr\/wp-content\/uploads\/2023\/01\/emplacements-camping-penerf-771x1024.jpg 771w, https:\/\/camping-gites-damgan.fr\/wp-content\/uploads\/2023\/01\/emplacements-camping-penerf-226x300.jpg 226w, https:\/\/camping-gites-damgan.fr\/wp-content\/uploads\/2023\/01\/emplacements-camping-penerf-768x1020.jpg 768w, https:\/\/camping-gites-damgan.fr\/wp-content\/uploads\/2023\/01\/emplacements-camping-penerf.jpg 1024w\" sizes=\"(max-width: 771px) 100vw, 771px\" \/><\/figure>\n<\/figure>\n\n\n\n<div class=\"wp-container-69e1dde517c78 wp-block-buttons\">\n<div class=\"wp-block-button\"><a class=\"wp-block-button__link\" href=\"https:\/\/camping-gites-damgan.fr\/de\/mobilheime\/\">Siehe Mobilheime<\/a><\/div>\n\n\n\n<div class=\"wp-block-button is-style-outline\"><a class=\"wp-block-button__link\" href=\"https:\/\/camping-gites-damgan.fr\/de\/standorte\/\">Siehe Standorte<\/a><\/div>\n\n\n\n<div class=\"wp-block-button btn_resa mob--display\"><a class=\"wp-block-button__link\">Aufenthalt auf dem Campingplatz  <i class=\"far fa-search\"><\/i><\/a><\/div>\n<\/div>\n<\/div><\/div>\n\n\n\n<div class=\"wp-block-columns alignfull deco--trois-vagues2 has-fond-background-color has-background\">\n<div class=\"wp-block-column\">\n<h2 id=\"le-cadre-magique-d-un-camping-a-damgan\">Camping Presqu\u2019\u00eele de P\u00e9nerf in Damgan<\/h2>\n\n\n\n<p>Unser Campingplatz liegt auf der naturgesch\u00fctzten Halbinsel P\u00e9nerf, nur wenige Schritte vom Meer entfernt. Die ruhige Lage, die famili\u00e4re Atmosph\u00e4re und die N\u00e4he zur K\u00fcste machen ihn zu einem beliebten Ziel f\u00fcr alle, die <strong>Bretagne und Natur <\/strong>hautnah erleben m\u00f6chten.<\/p>\n\n\n\n<h3 id=\"aktivitaten-rund-um-den-campingplatz\">Aktivit\u00e4ten rund um den Campingplatz<\/h3>\n\n\n\n<p>In der Umgebung gibt es zahlreiche Freizeitm\u00f6glichkeiten: Rad- und Wanderwege f\u00fchren entlang der K\u00fcste, die flachen Str\u00e4nde laden zum Baden ein und auf dem Wasser k\u00f6nnen Sie Kajak fahren oder segeln. Auch kulinarisch hat die Region viel zu bieten \u2013 probieren Sie frische Austern direkt aus P\u00e9nerf oder genie\u00dfen Sie Cr\u00eapes und Galettes in den Restaurants von Damgan.<\/p>\n\n\n\n<div class=\"wp-container-69e1dde5183f9 wp-block-buttons\">\n<div class=\"wp-block-button\"><a class=\"wp-block-button__link\" href=\"https:\/\/camping-gites-damgan.fr\/de\/tourismus\/\">In der Umgebung<\/a><\/div>\n\n\n\n<div class=\"wp-block-button is-style-outline\"><a class=\"wp-block-button__link\" href=\"https:\/\/camping-gites-damgan.fr\/de\/aktivitaeten\/\">Aktivit\u00e4ten zum Entdecken<\/a><\/div>\n<\/div>\n<\/div>\n\n\n\n<div class=\"wp-block-column\" style=\"flex-basis:50%\">\n<figure class=\"wp-block-gallery alignfull has-nested-images columns-5 is-cropped diaporama--1\">\n<figure class=\"wp-block-image size-full\"><img width=\"1000\" height=\"668\" src=\"https:\/\/camping-gites-damgan.fr\/wp-content\/uploads\/2024\/06\/ADO_damgan_bord_de_mer.jpeg\" alt=\"\" class=\"wp-image-1549\" title=\"meerblick campingplatz in der bretagne \" srcset=\"https:\/\/camping-gites-damgan.fr\/wp-content\/uploads\/2024\/06\/ADO_damgan_bord_de_mer.jpeg 1000w, https:\/\/camping-gites-damgan.fr\/wp-content\/uploads\/2024\/06\/ADO_damgan_bord_de_mer-300x200.jpeg 300w, https:\/\/camping-gites-damgan.fr\/wp-content\/uploads\/2024\/06\/ADO_damgan_bord_de_mer-768x513.jpeg 768w\" sizes=\"(max-width: 1000px) 100vw, 1000px\" \/><\/figure>\n\n\n\n<figure class=\"wp-block-image size-full\"><img width=\"1024\" height=\"704\" src=\"https:\/\/camping-gites-damgan.fr\/wp-content\/uploads\/2023\/01\/Camping-bord-de-mer-damgan-penerf.jpg\" alt=\"mobilheim meerblick damgan\" class=\"wp-image-1149\" title=\"Meerblick Boot Camping in der Bretagne\" srcset=\"https:\/\/camping-gites-damgan.fr\/wp-content\/uploads\/2023\/01\/Camping-bord-de-mer-damgan-penerf.jpg 1024w, https:\/\/camping-gites-damgan.fr\/wp-content\/uploads\/2023\/01\/Camping-bord-de-mer-damgan-penerf-300x206.jpg 300w, https:\/\/camping-gites-damgan.fr\/wp-content\/uploads\/2023\/01\/Camping-bord-de-mer-damgan-penerf-768x528.jpg 768w\" sizes=\"(max-width: 1024px) 100vw, 1024px\" \/><\/figure>\n\n\n\n<figure class=\"wp-block-image size-full\"><img width=\"2560\" height=\"1702\" src=\"https:\/\/camping-gites-damgan.fr\/wp-content\/uploads\/2023\/02\/DSC_0252-scaled.jpg\" alt=\"vue presqu'\u00eele camping en Bretagne | Camping Presqu'\u00eele de P\u00e9nerf\" class=\"wp-image-775\" title=\"ansicht presqu'\u00eele camping en Bretagne\" srcset=\"https:\/\/camping-gites-damgan.fr\/wp-content\/uploads\/2023\/02\/DSC_0252-scaled.jpg 2560w, https:\/\/camping-gites-damgan.fr\/wp-content\/uploads\/2023\/02\/DSC_0252-300x199.jpg 300w, https:\/\/camping-gites-damgan.fr\/wp-content\/uploads\/2023\/02\/DSC_0252-1024x681.jpg 1024w, https:\/\/camping-gites-damgan.fr\/wp-content\/uploads\/2023\/02\/DSC_0252-768x511.jpg 768w, https:\/\/camping-gites-damgan.fr\/wp-content\/uploads\/2023\/02\/DSC_0252-1536x1021.jpg 1536w, https:\/\/camping-gites-damgan.fr\/wp-content\/uploads\/2023\/02\/DSC_0252-2048x1362.jpg 2048w\" sizes=\"(max-width: 2560px) 100vw, 2560px\" \/><\/figure>\n\n\n\n<figure class=\"wp-block-image size-full\"><img width=\"640\" height=\"480\" src=\"https:\/\/camping-gites-damgan.fr\/wp-content\/uploads\/2023\/10\/P1100369Balade_bateau_Golfe_Morbihan.jpg\" alt=\"\" class=\"wp-image-1253\" title=\"Startseite Campingplatz in der Bretagne\" srcset=\"https:\/\/camping-gites-damgan.fr\/wp-content\/uploads\/2023\/10\/P1100369Balade_bateau_Golfe_Morbihan.jpg 640w, https:\/\/camping-gites-damgan.fr\/wp-content\/uploads\/2023\/10\/P1100369Balade_bateau_Golfe_Morbihan-300x225.jpg 300w\" sizes=\"(max-width: 640px) 100vw, 640px\" \/><\/figure>\n\n\n\n<figure class=\"wp-block-image size-full\"><img width=\"2560\" height=\"1702\" src=\"https:\/\/camping-gites-damgan.fr\/wp-content\/uploads\/2023\/02\/DSC_0106-scaled.jpg\" alt=\"village camping en Bretagne | Camping Presqu'\u00eele de P\u00e9nerf\" class=\"wp-image-773\" title=\"campingdorf in der Bretagne \" srcset=\"https:\/\/camping-gites-damgan.fr\/wp-content\/uploads\/2023\/02\/DSC_0106-scaled.jpg 2560w, https:\/\/camping-gites-damgan.fr\/wp-content\/uploads\/2023\/02\/DSC_0106-300x199.jpg 300w, https:\/\/camping-gites-damgan.fr\/wp-content\/uploads\/2023\/02\/DSC_0106-1024x681.jpg 1024w, https:\/\/camping-gites-damgan.fr\/wp-content\/uploads\/2023\/02\/DSC_0106-768x511.jpg 768w, https:\/\/camping-gites-damgan.fr\/wp-content\/uploads\/2023\/02\/DSC_0106-1536x1021.jpg 1536w, https:\/\/camping-gites-damgan.fr\/wp-content\/uploads\/2023\/02\/DSC_0106-2048x1362.jpg 2048w\" sizes=\"(max-width: 2560px) 100vw, 2560px\" \/><\/figure>\n<\/figure>\n<\/div>\n<\/div>\n","protected":false},"excerpt":{"rendered":"<p>Die Bretagne entdecken: Natur, K\u00fcste und Authentizit\u00e4t Die Bretagne ist eine der eindrucksvollsten Regionen Frankreichs, bekannt f\u00fcr ihre zerkl\u00fcfteten K\u00fcsten, traditionsreichen D\u00f6rfer und ihre tiefe Verbundenheit mit dem Meer. Besonders der S\u00fcden, das D\u00e9partement Morbihan, l\u00e4dt mit seiner gesch\u00fctzten K\u00fcstenlinie zu erholsamen Tagen ein \u2013 ideal f\u00fcr alle, die Natur, Ruhe und maritimes Flair sch\u00e4tzen. [&hellip;]<\/p>\n","protected":false},"author":1,"featured_media":1247,"parent":0,"menu_order":0,"comment_status":"closed","ping_status":"closed","template":"","meta":[],"acf":[],"_links":{"self":[{"href":"https:\/\/camping-gites-damgan.fr\/de\/wp-json\/wp\/v2\/pages\/1929"}],"collection":[{"href":"https:\/\/camping-gites-damgan.fr\/de\/wp-json\/wp\/v2\/pages"}],"about":[{"href":"https:\/\/camping-gites-damgan.fr\/de\/wp-json\/wp\/v2\/types\/page"}],"author":[{"embeddable":true,"href":"https:\/\/camping-gites-damgan.fr\/de\/wp-json\/wp\/v2\/users\/1"}],"replies":[{"embeddable":true,"href":"https:\/\/camping-gites-damgan.fr\/de\/wp-json\/wp\/v2\/comments?post=1929"}],"version-history":[{"count":5,"href":"https:\/\/camping-gites-damgan.fr\/de\/wp-json\/wp\/v2\/pages\/1929\/revisions"}],"predecessor-version":[{"id":1945,"href":"https:\/\/camping-gites-damgan.fr\/de\/wp-json\/wp\/v2\/pages\/1929\/revisions\/1945"}],"wp:featuredmedia":[{"embeddable":true,"href":"https:\/\/camping-gites-damgan.fr\/de\/wp-json\/wp\/v2\/media\/1247"}],"wp:attachment":[{"href":"https:\/\/camping-gites-damgan.fr\/de\/wp-json\/wp\/v2\/media?parent=1929"}],"curies":[{"name":"wp","href":"https:\/\/api.w.org\/{rel}","templated":true}]}}