{"id":1979,"date":"2025-05-30T10:08:49","date_gmt":"2025-05-30T08:08:49","guid":{"rendered":"https:\/\/camping-gites-damgan.fr\/?page_id=1979"},"modified":"2025-05-30T10:10:42","modified_gmt":"2025-05-30T08:10:42","slug":"camping-bretagne-frankreich-entdecken","status":"publish","type":"page","link":"https:\/\/camping-gites-damgan.fr\/de\/camping-bretagne-frankreich-entdecken\/","title":{"rendered":"Camping in der Bretagne, um Frankreich zu entdecken \ufffc"},"content":{"rendered":"\n<div class=\"wp-block-cover alignfull is-light\"><span aria-hidden=\"true\" class=\"has-vert-background-color wp-block-cover__gradient-background has-background-dim\"><\/span><img width=\"2560\" height=\"1707\" class=\"wp-block-cover__image-background wp-image-1983\" alt=\"\" src=\"https:\/\/camping-gites-damgan.fr\/wp-content\/uploads\/2025\/05\/AdobeStock_5845226-1-scaled.jpeg\" style=\"object-position:68% 51%\" data-object-fit=\"cover\" data-object-position=\"68% 51%\" srcset=\"https:\/\/camping-gites-damgan.fr\/wp-content\/uploads\/2025\/05\/AdobeStock_5845226-1-scaled.jpeg 2560w, https:\/\/camping-gites-damgan.fr\/wp-content\/uploads\/2025\/05\/AdobeStock_5845226-1-300x200.jpeg 300w, https:\/\/camping-gites-damgan.fr\/wp-content\/uploads\/2025\/05\/AdobeStock_5845226-1-1024x683.jpeg 1024w, https:\/\/camping-gites-damgan.fr\/wp-content\/uploads\/2025\/05\/AdobeStock_5845226-1-768x512.jpeg 768w, https:\/\/camping-gites-damgan.fr\/wp-content\/uploads\/2025\/05\/AdobeStock_5845226-1-1536x1024.jpeg 1536w, https:\/\/camping-gites-damgan.fr\/wp-content\/uploads\/2025\/05\/AdobeStock_5845226-1-2048x1366.jpeg 2048w\" sizes=\"(max-width: 2560px) 100vw, 2560px\" \/><div class=\"wp-block-cover__inner-container\">\n<h1 id=\"camping-a-damgan-dans-le-morbihan-avec-acces-direct-a-la-plage\">Camping in der Bretagne, um Frankreich zu entdecken <\/h1>\n\n\n\n<div class=\"wp-block-columns are-vertically-aligned-center\">\n<div class=\"wp-block-column is-vertically-aligned-center\"><\/div>\n<\/div>\n\n\n\n<div style=\"height:16px\" aria-hidden=\"true\" class=\"wp-block-spacer\"><\/div>\n\n\n<ctv-searchbar><\/ctv-searchbar>\n<\/div><\/div>\n\n\n\n<div class=\"wp-block-columns are-vertically-aligned-center deco--vague deco--trois-vagues\">\n<div class=\"wp-block-column is-vertically-aligned-center\">\n<figure class=\"wp-block-gallery has-nested-images columns-2 is-cropped img--2\">\n<figure class=\"wp-block-image size-full mob--display\"><img width=\"1024\" height=\"860\" src=\"https:\/\/camping-gites-damgan.fr\/wp-content\/uploads\/2023\/01\/bord-de-mer-penerf.jpg\" alt=\"k\u00fcste morbihan boot\" class=\"wp-image-1157\" title=\"Mobilheim Meerblick Campingplatz in der Bretagne\" srcset=\"https:\/\/camping-gites-damgan.fr\/wp-content\/uploads\/2023\/01\/bord-de-mer-penerf.jpg 1024w, https:\/\/camping-gites-damgan.fr\/wp-content\/uploads\/2023\/01\/bord-de-mer-penerf-300x252.jpg 300w, https:\/\/camping-gites-damgan.fr\/wp-content\/uploads\/2023\/01\/bord-de-mer-penerf-768x645.jpg 768w\" sizes=\"(max-width: 1024px) 100vw, 1024px\" \/><\/figure>\n\n\n\n<figure class=\"wp-block-image size-large\"><img width=\"1024\" height=\"682\" src=\"https:\/\/camping-gites-damgan.fr\/wp-content\/uploads\/2023\/06\/sea-gf6da2f2ff_1280-1024x682.jpg\" alt=\"\" class=\"wp-image-1250\" title=\"campingplatz pool in der Bretagne \" srcset=\"https:\/\/camping-gites-damgan.fr\/wp-content\/uploads\/2023\/06\/sea-gf6da2f2ff_1280-1024x682.jpg 1024w, https:\/\/camping-gites-damgan.fr\/wp-content\/uploads\/2023\/06\/sea-gf6da2f2ff_1280-300x200.jpg 300w, https:\/\/camping-gites-damgan.fr\/wp-content\/uploads\/2023\/06\/sea-gf6da2f2ff_1280-768x512.jpg 768w, https:\/\/camping-gites-damgan.fr\/wp-content\/uploads\/2023\/06\/sea-gf6da2f2ff_1280.jpg 1280w\" sizes=\"(max-width: 1024px) 100vw, 1024px\" \/><\/figure>\n<\/figure>\n<\/div>\n\n\n\n<div class=\"wp-block-column is-vertically-aligned-center\">\n<p>Die Bretagne, eine Region voller Charme, Geschichte und Natur, ist der ideale Ort, um Frankreich in seiner authentischsten Form zu entdecken. Unser Campingplatz auf der Halbinsel P\u00e9nerf l\u00e4dt Sie ein, das franz\u00f6sische Lebensgef\u00fchl direkt am Meer zu genie\u00dfen.<\/p>\n\n\n\n<h2 id=\"natur-und-entspannung-auf-der-halbinsel-penerf\">Natur und Entspannung auf der Halbinsel P\u00e9nerf<\/h2>\n\n\n\n<h3 id=\"zwischen-ozean-und-salzwiesen\">Zwischen Ozean und Salzwiesen<\/h3>\n\n\n\n<p>Die Presqu\u2019\u00eele de P\u00e9nerf bietet eine au\u00dfergew\u00f6hnliche Umgebung zwischen Atlantikk\u00fcste und gesch\u00fctzten Naturgebieten. Hier k\u00f6nnen Sie bei Spazierg\u00e4ngen durch die Salzwiesen oder am Strand die frische Seeluft genie\u00dfen.<\/p>\n\n\n\n<h3 id=\"ruhe-und-erholung-inmitten-der-natur\">Ruhe und Erholung inmitten der Natur<\/h3>\n\n\n\n<p>Unser Campingplatz liegt eingebettet in eine gr\u00fcne Umgebung, fernab vom Massentourismus \u2013 ideal zum Abschalten und Krafttanken mit der Familie oder zu zweit.<\/p>\n<\/div>\n<\/div>\n\n\n\n<div class=\"wp-block-cover alignfull is-light\"><span aria-hidden=\"true\" class=\"has-vert-clair-background-color has-background-dim-40 wp-block-cover__gradient-background has-background-dim\"><\/span><img width=\"2560\" height=\"941\" class=\"wp-block-cover__image-background wp-image-1990\" alt=\"\" src=\"https:\/\/camping-gites-damgan.fr\/wp-content\/uploads\/2025\/05\/AdobeStock_256615362-1-scaled.jpeg\" style=\"object-position:77% 48%\" data-object-fit=\"cover\" data-object-position=\"77% 48%\" srcset=\"https:\/\/camping-gites-damgan.fr\/wp-content\/uploads\/2025\/05\/AdobeStock_256615362-1-scaled.jpeg 2560w, https:\/\/camping-gites-damgan.fr\/wp-content\/uploads\/2025\/05\/AdobeStock_256615362-1-300x110.jpeg 300w, https:\/\/camping-gites-damgan.fr\/wp-content\/uploads\/2025\/05\/AdobeStock_256615362-1-1024x376.jpeg 1024w, https:\/\/camping-gites-damgan.fr\/wp-content\/uploads\/2025\/05\/AdobeStock_256615362-1-768x282.jpeg 768w, https:\/\/camping-gites-damgan.fr\/wp-content\/uploads\/2025\/05\/AdobeStock_256615362-1-1536x565.jpeg 1536w, https:\/\/camping-gites-damgan.fr\/wp-content\/uploads\/2025\/05\/AdobeStock_256615362-1-2048x753.jpeg 2048w\" sizes=\"(max-width: 2560px) 100vw, 2560px\" \/><div class=\"wp-block-cover__inner-container\">\n<p class=\"has-text-align-center has-large-font-size\"><\/p>\n<\/div><\/div>\n\n\n\n<div class=\"wp-container-69d1cfe9c8b35 wp-block-group alignfull deco--trois-vagues3 has-vert-clair-background-color has-background\"><div class=\"wp-block-group__inner-container\">\n<h2 class=\"has-text-align-center\" id=\"nos-locations-emplacements-de-camping-a-damgan\">Aktivit\u00e4ten f\u00fcr Gro\u00df und Klein<\/h2>\n\n\n\n<h3 id=\"wassersport-und-strandvergnugen\">Wassersport und Strandvergn\u00fcgen<\/h3>\n\n\n\n<p><a href=\"https:\/\/www.bretagne-reisen.de\/darauf-habe-ich-lust\/themen\/5-trendige-wassersportarten\/\" target=\"_blank\" rel=\"noreferrer noopener\">Ob Stand-Up-Paddling, Kajakfahren oder einfaches Baden im Atlantik<\/a> \u2013 Wassersportfans kommen hier voll auf ihre Kosten. Die flachen Gew\u00e4sser rund um P\u00e9nerf sind besonders familienfreundlich.<\/p>\n\n\n\n<h3 id=\"rad-und-wandertouren-entlang-der-kuste\">Rad- und Wandertouren entlang der K\u00fcste<\/h3>\n\n\n\n<p>Entdecken Sie die Sch\u00f6nheit der bretonischen Landschaft mit dem Fahrrad oder zu Fu\u00df. Viele markierte Wege f\u00fchren direkt vom Campingplatz aus entlang der K\u00fcste oder durch malerische D\u00f6rfer.<\/p>\n\n\n\n<figure class=\"wp-block-gallery has-nested-images columns-5 is-cropped\">\n<figure class=\"wp-block-image size-large mob--display\"><img width=\"1024\" height=\"683\" src=\"https:\/\/camping-gites-damgan.fr\/wp-content\/uploads\/2025\/03\/AdobeStock_327906800-1-1024x683.jpeg\" alt=\"presqu'\u00eele de rhuys dans le golfe du morbihan\" class=\"wp-image-1884\" title=\"Mobilheim Campingplatz in der Bretagne\" srcset=\"https:\/\/camping-gites-damgan.fr\/wp-content\/uploads\/2025\/03\/AdobeStock_327906800-1-1024x683.jpeg 1024w, https:\/\/camping-gites-damgan.fr\/wp-content\/uploads\/2025\/03\/AdobeStock_327906800-1-300x200.jpeg 300w, https:\/\/camping-gites-damgan.fr\/wp-content\/uploads\/2025\/03\/AdobeStock_327906800-1-768x512.jpeg 768w, https:\/\/camping-gites-damgan.fr\/wp-content\/uploads\/2025\/03\/AdobeStock_327906800-1-1536x1024.jpeg 1536w, https:\/\/camping-gites-damgan.fr\/wp-content\/uploads\/2025\/03\/AdobeStock_327906800-1-2048x1365.jpeg 2048w\" sizes=\"(max-width: 1024px) 100vw, 1024px\" \/><\/figure>\n\n\n\n<figure class=\"wp-block-image size-large mob--display\"><img width=\"1024\" height=\"768\" src=\"https:\/\/camping-gites-damgan.fr\/wp-content\/uploads\/2023\/11\/brittany-3526809_1280-1024x768.jpg\" alt=\"Plage Bretagne P\u00e9nerf\" class=\"wp-image-1256\" title=\"Mobilheimsalon camping in der Bretagne\" srcset=\"https:\/\/camping-gites-damgan.fr\/wp-content\/uploads\/2023\/11\/brittany-3526809_1280-1024x768.jpg 1024w, https:\/\/camping-gites-damgan.fr\/wp-content\/uploads\/2023\/11\/brittany-3526809_1280-300x225.jpg 300w, https:\/\/camping-gites-damgan.fr\/wp-content\/uploads\/2023\/11\/brittany-3526809_1280-768x576.jpg 768w, https:\/\/camping-gites-damgan.fr\/wp-content\/uploads\/2023\/11\/brittany-3526809_1280.jpg 1280w\" sizes=\"(max-width: 1024px) 100vw, 1024px\" \/><\/figure>\n\n\n\n<figure class=\"wp-block-image size-large\"><img width=\"771\" height=\"1024\" src=\"https:\/\/camping-gites-damgan.fr\/wp-content\/uploads\/2023\/01\/mobil-home-terrasse-camping-771x1024.jpg\" alt=\"Mobilheim Campingplatz in der Bretagne ansehen | Camping Presqu'\u00eele de P\u00e9nerf\" class=\"wp-image-574\" title=\"Mobilheim Campingplatz in der Bretagne ansehen\" srcset=\"https:\/\/camping-gites-damgan.fr\/wp-content\/uploads\/2023\/01\/mobil-home-terrasse-camping-771x1024.jpg 771w, https:\/\/camping-gites-damgan.fr\/wp-content\/uploads\/2023\/01\/mobil-home-terrasse-camping-226x300.jpg 226w, https:\/\/camping-gites-damgan.fr\/wp-content\/uploads\/2023\/01\/mobil-home-terrasse-camping-768x1020.jpg 768w, https:\/\/camping-gites-damgan.fr\/wp-content\/uploads\/2023\/01\/mobil-home-terrasse-camping.jpg 1024w\" sizes=\"(max-width: 771px) 100vw, 771px\" \/><\/figure>\n\n\n\n<figure class=\"wp-block-image size-full\"><img width=\"720\" height=\"540\" src=\"https:\/\/camping-gites-damgan.fr\/wp-content\/uploads\/2023\/01\/00000899082.webp\" alt=\"terrasse mobilheim damgan\" class=\"wp-image-1160\" title=\"Ausgestattete K\u00fcche Mobilheim Campingplatz in der Bretagne\" srcset=\"https:\/\/camping-gites-damgan.fr\/wp-content\/uploads\/2023\/01\/00000899082.webp 720w, https:\/\/camping-gites-damgan.fr\/wp-content\/uploads\/2023\/01\/00000899082-300x225.webp 300w\" sizes=\"(max-width: 720px) 100vw, 720px\" \/><\/figure>\n\n\n\n<figure class=\"wp-block-image size-large mob--display\"><img width=\"771\" height=\"1024\" src=\"https:\/\/camping-gites-damgan.fr\/wp-content\/uploads\/2023\/01\/emplacements-camping-penerf-771x1024.jpg\" alt=\"emplacement nature camping en Bretagne | Camping Presqu'\u00eele de P\u00e9nerf\" class=\"wp-image-572\" title=\"campingplatz natur in der Bretagne\" srcset=\"https:\/\/camping-gites-damgan.fr\/wp-content\/uploads\/2023\/01\/emplacements-camping-penerf-771x1024.jpg 771w, https:\/\/camping-gites-damgan.fr\/wp-content\/uploads\/2023\/01\/emplacements-camping-penerf-226x300.jpg 226w, https:\/\/camping-gites-damgan.fr\/wp-content\/uploads\/2023\/01\/emplacements-camping-penerf-768x1020.jpg 768w, https:\/\/camping-gites-damgan.fr\/wp-content\/uploads\/2023\/01\/emplacements-camping-penerf.jpg 1024w\" sizes=\"(max-width: 771px) 100vw, 771px\" \/><\/figure>\n<\/figure>\n\n\n\n<div class=\"wp-container-69d1cfe9c885f wp-block-buttons\">\n<div class=\"wp-block-button\"><a class=\"wp-block-button__link\" href=\"https:\/\/camping-gites-damgan.fr\/de\/mobilheime\/\">Siehe Mobilheime<\/a><\/div>\n\n\n\n<div class=\"wp-block-button is-style-outline\"><a class=\"wp-block-button__link\" href=\"https:\/\/camping-gites-damgan.fr\/de\/standorte\/\">Siehe Standorte<\/a><\/div>\n\n\n\n<div class=\"wp-block-button btn_resa mob--display\"><a class=\"wp-block-button__link\">Aufenthalt auf dem Campingplatz  <i class=\"far fa-search\"><\/i><\/a><\/div>\n<\/div>\n<\/div><\/div>\n\n\n\n<div class=\"wp-block-columns alignfull deco--trois-vagues2 has-fond-background-color has-background\">\n<div class=\"wp-block-column\">\n<h2 id=\"le-cadre-magique-d-un-camping-a-damgan\">Komfort und bretonische Lebensart auf dem Campingplatz<\/h2>\n\n\n\n<h3 id=\"authentische-unterkunfte-mit-allem-komfort\">Authentische Unterk\u00fcnfte mit allem Komfort<\/h3>\n\n\n\n<p>Von Mobilheimen bis hin zu traditionellen Stellpl\u00e4tzen \u2013 unser Campingplatz bietet Unterk\u00fcnfte f\u00fcr jeden Geschmack. Genie\u00dfen Sie moderne Ausstattung inmitten einer nat\u00fcrlichen Umgebung.<\/p>\n\n\n\n<h3 id=\"regionale-spezialitaten-und-bretonisches-flair\">Regionale Spezialit\u00e4ten und bretonisches Flair<\/h3>\n\n\n\n<p>Probieren Sie frische Meeresfr\u00fcchte, Cr\u00eapes und Cidre \u2013 direkt im Ort oder bei unseren Themenabenden auf dem Campingplatz. So erleben Sie die Bretagne auch kulinarisch.<\/p>\n\n\n\n<div class=\"wp-container-69d1cfe9c8f13 wp-block-buttons\">\n<div class=\"wp-block-button\"><a class=\"wp-block-button__link\" href=\"https:\/\/camping-gites-damgan.fr\/de\/tourismus\/\">In der Umgebung<\/a><\/div>\n\n\n\n<div class=\"wp-block-button is-style-outline\"><a class=\"wp-block-button__link\" href=\"https:\/\/camping-gites-damgan.fr\/de\/aktivitaeten\/\">Aktivit\u00e4ten zum Entdecken<\/a><\/div>\n<\/div>\n<\/div>\n\n\n\n<div class=\"wp-block-column\" style=\"flex-basis:50%\">\n<figure class=\"wp-block-gallery alignfull has-nested-images columns-5 is-cropped diaporama--1\">\n<figure class=\"wp-block-image size-full\"><img width=\"1000\" height=\"668\" src=\"https:\/\/camping-gites-damgan.fr\/wp-content\/uploads\/2024\/06\/ADO_damgan_bord_de_mer.jpeg\" alt=\"\" class=\"wp-image-1549\" title=\"meerblick campingplatz in der bretagne \" srcset=\"https:\/\/camping-gites-damgan.fr\/wp-content\/uploads\/2024\/06\/ADO_damgan_bord_de_mer.jpeg 1000w, https:\/\/camping-gites-damgan.fr\/wp-content\/uploads\/2024\/06\/ADO_damgan_bord_de_mer-300x200.jpeg 300w, https:\/\/camping-gites-damgan.fr\/wp-content\/uploads\/2024\/06\/ADO_damgan_bord_de_mer-768x513.jpeg 768w\" sizes=\"(max-width: 1000px) 100vw, 1000px\" \/><\/figure>\n\n\n\n<figure class=\"wp-block-image size-full\"><img width=\"1024\" height=\"704\" src=\"https:\/\/camping-gites-damgan.fr\/wp-content\/uploads\/2023\/01\/Camping-bord-de-mer-damgan-penerf.jpg\" alt=\"mobilheim meerblick damgan\" class=\"wp-image-1149\" title=\"Meerblick Boot Camping in der Bretagne\" srcset=\"https:\/\/camping-gites-damgan.fr\/wp-content\/uploads\/2023\/01\/Camping-bord-de-mer-damgan-penerf.jpg 1024w, https:\/\/camping-gites-damgan.fr\/wp-content\/uploads\/2023\/01\/Camping-bord-de-mer-damgan-penerf-300x206.jpg 300w, https:\/\/camping-gites-damgan.fr\/wp-content\/uploads\/2023\/01\/Camping-bord-de-mer-damgan-penerf-768x528.jpg 768w\" sizes=\"(max-width: 1024px) 100vw, 1024px\" \/><\/figure>\n\n\n\n<figure class=\"wp-block-image size-full\"><img width=\"2560\" height=\"1702\" src=\"https:\/\/camping-gites-damgan.fr\/wp-content\/uploads\/2023\/02\/DSC_0252-scaled.jpg\" alt=\"vue presqu'\u00eele camping en Bretagne | Camping Presqu'\u00eele de P\u00e9nerf\" class=\"wp-image-775\" title=\"ansicht presqu'\u00eele camping en Bretagne\" srcset=\"https:\/\/camping-gites-damgan.fr\/wp-content\/uploads\/2023\/02\/DSC_0252-scaled.jpg 2560w, https:\/\/camping-gites-damgan.fr\/wp-content\/uploads\/2023\/02\/DSC_0252-300x199.jpg 300w, https:\/\/camping-gites-damgan.fr\/wp-content\/uploads\/2023\/02\/DSC_0252-1024x681.jpg 1024w, https:\/\/camping-gites-damgan.fr\/wp-content\/uploads\/2023\/02\/DSC_0252-768x511.jpg 768w, https:\/\/camping-gites-damgan.fr\/wp-content\/uploads\/2023\/02\/DSC_0252-1536x1021.jpg 1536w, https:\/\/camping-gites-damgan.fr\/wp-content\/uploads\/2023\/02\/DSC_0252-2048x1362.jpg 2048w\" sizes=\"(max-width: 2560px) 100vw, 2560px\" \/><\/figure>\n\n\n\n<figure class=\"wp-block-image size-full\"><img width=\"640\" height=\"480\" src=\"https:\/\/camping-gites-damgan.fr\/wp-content\/uploads\/2023\/10\/P1100369Balade_bateau_Golfe_Morbihan.jpg\" alt=\"\" class=\"wp-image-1253\" title=\"Startseite Campingplatz in der Bretagne\" srcset=\"https:\/\/camping-gites-damgan.fr\/wp-content\/uploads\/2023\/10\/P1100369Balade_bateau_Golfe_Morbihan.jpg 640w, https:\/\/camping-gites-damgan.fr\/wp-content\/uploads\/2023\/10\/P1100369Balade_bateau_Golfe_Morbihan-300x225.jpg 300w\" sizes=\"(max-width: 640px) 100vw, 640px\" \/><\/figure>\n\n\n\n<figure class=\"wp-block-image size-full\"><img width=\"2560\" height=\"1702\" src=\"https:\/\/camping-gites-damgan.fr\/wp-content\/uploads\/2023\/02\/DSC_0106-scaled.jpg\" alt=\"village camping en Bretagne | Camping Presqu'\u00eele de P\u00e9nerf\" class=\"wp-image-773\" title=\"campingdorf in der Bretagne \" srcset=\"https:\/\/camping-gites-damgan.fr\/wp-content\/uploads\/2023\/02\/DSC_0106-scaled.jpg 2560w, https:\/\/camping-gites-damgan.fr\/wp-content\/uploads\/2023\/02\/DSC_0106-300x199.jpg 300w, https:\/\/camping-gites-damgan.fr\/wp-content\/uploads\/2023\/02\/DSC_0106-1024x681.jpg 1024w, https:\/\/camping-gites-damgan.fr\/wp-content\/uploads\/2023\/02\/DSC_0106-768x511.jpg 768w, https:\/\/camping-gites-damgan.fr\/wp-content\/uploads\/2023\/02\/DSC_0106-1536x1021.jpg 1536w, https:\/\/camping-gites-damgan.fr\/wp-content\/uploads\/2023\/02\/DSC_0106-2048x1362.jpg 2048w\" sizes=\"(max-width: 2560px) 100vw, 2560px\" \/><\/figure>\n<\/figure>\n<\/div>\n<\/div>\n","protected":false},"excerpt":{"rendered":"<p>Die Bretagne, eine Region voller Charme, Geschichte und Natur, ist der ideale Ort, um Frankreich in seiner authentischsten Form zu entdecken. Unser Campingplatz auf der Halbinsel P\u00e9nerf l\u00e4dt Sie ein, das franz\u00f6sische Lebensgef\u00fchl direkt am Meer zu genie\u00dfen. Natur und Entspannung auf der Halbinsel P\u00e9nerf Zwischen Ozean und Salzwiesen Die Presqu\u2019\u00eele de P\u00e9nerf bietet eine [&hellip;]<\/p>\n","protected":false},"author":1,"featured_media":0,"parent":0,"menu_order":0,"comment_status":"closed","ping_status":"closed","template":"","meta":[],"acf":[],"_links":{"self":[{"href":"https:\/\/camping-gites-damgan.fr\/de\/wp-json\/wp\/v2\/pages\/1979"}],"collection":[{"href":"https:\/\/camping-gites-damgan.fr\/de\/wp-json\/wp\/v2\/pages"}],"about":[{"href":"https:\/\/camping-gites-damgan.fr\/de\/wp-json\/wp\/v2\/types\/page"}],"author":[{"embeddable":true,"href":"https:\/\/camping-gites-damgan.fr\/de\/wp-json\/wp\/v2\/users\/1"}],"replies":[{"embeddable":true,"href":"https:\/\/camping-gites-damgan.fr\/de\/wp-json\/wp\/v2\/comments?post=1979"}],"version-history":[{"count":7,"href":"https:\/\/camping-gites-damgan.fr\/de\/wp-json\/wp\/v2\/pages\/1979\/revisions"}],"predecessor-version":[{"id":1998,"href":"https:\/\/camping-gites-damgan.fr\/de\/wp-json\/wp\/v2\/pages\/1979\/revisions\/1998"}],"wp:attachment":[{"href":"https:\/\/camping-gites-damgan.fr\/de\/wp-json\/wp\/v2\/media?parent=1979"}],"curies":[{"name":"wp","href":"https:\/\/api.w.org\/{rel}","templated":true}]}}