{"id":2072,"date":"2025-07-29T11:30:22","date_gmt":"2025-07-29T09:30:22","guid":{"rendered":"https:\/\/camping-gites-damgan.fr\/?page_id=2072"},"modified":"2025-07-29T11:31:41","modified_gmt":"2025-07-29T09:31:41","slug":"warum-mit-dem-wohnmobil-in-die-bretagne-fahren","status":"publish","type":"page","link":"https:\/\/camping-gites-damgan.fr\/de\/warum-mit-dem-wohnmobil-in-die-bretagne-fahren\/","title":{"rendered":"Warum mit dem Wohnmobil in die Bretagne fahren? \ufffc"},"content":{"rendered":"\n<p>Ein Urlaub mit dem <strong>Wohnmobil <\/strong>in der Bretagne ist die perfekte Kombination aus Freiheit, Naturerlebnis und kultureller Entdeckung. Die Region im Westen Frankreichs zieht jedes Jahr zahlreiche Reisende an \u2013 vor allem <strong>Wohnmobilurlauber<\/strong>, die die K\u00fcste flexibel und unabh\u00e4ngig erkunden m\u00f6chten. Ob spektakul\u00e4re Klippen, charmante Fischerd\u00f6rfer oder feinsandige <strong>Str\u00e4nde<\/strong>: Mit dem Wohnmobil entdecken Sie die <strong><a href=\"https:\/\/camping-gites-damgan.fr\/de\/tourismus-campingplatz-bretagne-meer\/\">Bretagne <\/a><\/strong>auf ganz pers\u00f6nliche Weise.<\/p>\n\n\n\n<h2 id=\"freiheit-und-flexibilitat-die-bretagne-im-eigenen-rhythmus-bereisen\">Freiheit und Flexibilit\u00e4t: Die Bretagne im eigenen Rhythmus bereisen<\/h2>\n\n\n\n<h3 id=\"wohnmobilreisen-in-der-bretagne-spontan-und-individuell\">Wohnmobilreisen in der Bretagne \u2013 spontan und individuell<\/h3>\n\n\n\n<p>Die Bretagne ist ideal f\u00fcr flexible Reisen mit dem <strong><a href=\"https:\/\/camping-gites-damgan.fr\/de\/camping-mobilheim-bretagne\/\">Wohnmobil<\/a><\/strong>. Ohne festen Zeitplan entscheiden Sie spontan, welche K\u00fcstenstra\u00dfe Sie nehmen oder an welchem Ort Sie \u00fcbernachten m\u00f6chten. So entdecken Sie verborgene Buchten, typische bretonische M\u00e4rkte oder kleine D\u00f6rfer abseits der Touristenpfade \u2013 ganz nach Ihrem Tempo.<\/p>\n\n\n\n<h2 id=\"natur-kultur-und-kulinarik-in-sudbretagne-erleben\">Natur, Kultur und Kulinarik in S\u00fcdbretagne erleben<\/h2>\n\n\n\n<h3 id=\"von-megalithen-bis-meeresfruchte-wohnmobiltour-mit-allen-sinnen\">Von Megalithen bis Meeresfr\u00fcchte: Wohnmobiltour mit allen Sinnen<\/h3>\n\n\n\n<div class=\"wp-block-columns\">\n<div class=\"wp-block-column\">\n<figure class=\"wp-block-image size-large is-resized\"><img src=\"https:\/\/camping-gites-damgan.fr\/wp-content\/uploads\/2024\/12\/AdobeStock_76502575-1-1024x768.jpeg\" alt=\"Vannes\" class=\"wp-image-1798\" width=\"411\" height=\"308\" srcset=\"https:\/\/camping-gites-damgan.fr\/wp-content\/uploads\/2024\/12\/AdobeStock_76502575-1-1024x768.jpeg 1024w, https:\/\/camping-gites-damgan.fr\/wp-content\/uploads\/2024\/12\/AdobeStock_76502575-1-300x225.jpeg 300w, https:\/\/camping-gites-damgan.fr\/wp-content\/uploads\/2024\/12\/AdobeStock_76502575-1-768x576.jpeg 768w, https:\/\/camping-gites-damgan.fr\/wp-content\/uploads\/2024\/12\/AdobeStock_76502575-1-1536x1152.jpeg 1536w, https:\/\/camping-gites-damgan.fr\/wp-content\/uploads\/2024\/12\/AdobeStock_76502575-1-2048x1536.jpeg 2048w\" sizes=\"(max-width: 411px) 100vw, 411px\" \/><\/figure>\n<\/div>\n\n\n\n<div class=\"wp-block-column\">\n<div style=\"height:100px\" aria-hidden=\"true\" class=\"wp-block-spacer\"><\/div>\n\n\n\n<p>S\u00fcdlich von <strong><a href=\"https:\/\/camping-gites-damgan.fr\/de\/alentours\/vannes-entdecken-sie-die-stadt-und-ihre-umgebung-in-der-bretagne\/\" target=\"_blank\" rel=\"noreferrer noopener\">Vannes <\/a><\/strong>bietet die Bretagne ein reiches Natur- und Kulturerbe. <\/p>\n\n\n\n<p>Erkunden Sie historische St\u00e4tten wie die Megalithen von <strong>Carnac <\/strong>oder die Altstadt von <strong>Vannes<\/strong>, wandern Sie entlang des Z\u00f6llnerpfads (<strong>GR34<\/strong>) oder genie\u00dfen Sie frische Austern und bretonische Cr\u00eapes in einem kleinen Hafenrestaurant. <\/p>\n\n\n\n<p>Mit dem <strong>Wohnmobil <\/strong>sind Sie mitten im Geschehen \u2013 ob bei Sonnenaufgang am Strand oder beim Abendessen mit Meerblick.<\/p>\n<\/div>\n<\/div>\n\n\n\n<h2 id=\"stellplatze-fur-wohnmobile-direkt-am-meer-in-damgan\">Stellpl\u00e4tze f\u00fcr Wohnmobile direkt am Meer in Damgan<\/h2>\n\n\n\n<h3 id=\"camping-gites-de-damgan-wohnmobilstellplatz-in-strandnahe\">Camping G\u00eetes de Damgan: Wohnmobilstellplatz in Strandn\u00e4he<\/h3>\n\n\n\n<p>Unser Campingplatz <strong>Camping G\u00eetes de Damgan<\/strong> hei\u00dft Wohnmobilreisende herzlich willkommen. In unmittelbarer N\u00e4he zum Atlantik bieten wir Ihnen gro\u00dfz\u00fcgige, ruhige Stellpl\u00e4tze mit Strom, Wasser und Entsorgungsstation. Sie profitieren zudem von gepflegten Sanit\u00e4ranlagen, einem kleinen Laden vor Ort und direktem Zugang zum Strand von <strong>Damgan <\/strong>\u2013 ideal f\u00fcr entspannte Tage am Meer und als Basis f\u00fcr Ausfl\u00fcge entlang der K\u00fcste.<\/p>\n\n\n\n<div style=\"height:100px\" aria-hidden=\"true\" class=\"wp-block-spacer\"><\/div>\n","protected":false},"excerpt":{"rendered":"<p>Ein Urlaub mit dem Wohnmobil in der Bretagne ist die perfekte Kombination aus Freiheit, Naturerlebnis und kultureller Entdeckung. Die Region im Westen Frankreichs zieht jedes Jahr zahlreiche Reisende an \u2013 vor allem Wohnmobilurlauber, die die K\u00fcste flexibel und unabh\u00e4ngig erkunden m\u00f6chten. Ob spektakul\u00e4re Klippen, charmante Fischerd\u00f6rfer oder feinsandige Str\u00e4nde: Mit dem Wohnmobil entdecken Sie die [&hellip;]<\/p>\n","protected":false},"author":1,"featured_media":1163,"parent":0,"menu_order":0,"comment_status":"closed","ping_status":"closed","template":"","meta":[],"acf":[],"_links":{"self":[{"href":"https:\/\/camping-gites-damgan.fr\/de\/wp-json\/wp\/v2\/pages\/2072"}],"collection":[{"href":"https:\/\/camping-gites-damgan.fr\/de\/wp-json\/wp\/v2\/pages"}],"about":[{"href":"https:\/\/camping-gites-damgan.fr\/de\/wp-json\/wp\/v2\/types\/page"}],"author":[{"embeddable":true,"href":"https:\/\/camping-gites-damgan.fr\/de\/wp-json\/wp\/v2\/users\/1"}],"replies":[{"embeddable":true,"href":"https:\/\/camping-gites-damgan.fr\/de\/wp-json\/wp\/v2\/comments?post=2072"}],"version-history":[{"count":6,"href":"https:\/\/camping-gites-damgan.fr\/de\/wp-json\/wp\/v2\/pages\/2072\/revisions"}],"predecessor-version":[{"id":2099,"href":"https:\/\/camping-gites-damgan.fr\/de\/wp-json\/wp\/v2\/pages\/2072\/revisions\/2099"}],"wp:featuredmedia":[{"embeddable":true,"href":"https:\/\/camping-gites-damgan.fr\/de\/wp-json\/wp\/v2\/media\/1163"}],"wp:attachment":[{"href":"https:\/\/camping-gites-damgan.fr\/de\/wp-json\/wp\/v2\/media?parent=2072"}],"curies":[{"name":"wp","href":"https:\/\/api.w.org\/{rel}","templated":true}]}}