{"id":2179,"date":"2025-10-09T11:08:10","date_gmt":"2025-10-09T09:08:10","guid":{"rendered":"https:\/\/camping-gites-damgan.fr\/?page_id=2179"},"modified":"2025-10-09T11:08:11","modified_gmt":"2025-10-09T09:08:11","slug":"stellplatz-wohnmobile-bretagne-camping-penerf","status":"publish","type":"page","link":"https:\/\/camping-gites-damgan.fr\/de\/stellplatz-wohnmobile-bretagne-camping-penerf\/","title":{"rendered":"Stellplatz f\u00fcr Wohnmobile in der Bretagne: Camping La Presqu\u2019\u00eele de P\u00e9nerf \ufffc"},"content":{"rendered":"\n<div class=\"wp-block-cover alignfull\"><span aria-hidden=\"true\" class=\"has-vert-background-color has-background-dim-90 wp-block-cover__gradient-background has-background-dim\"><\/span><img width=\"2560\" height=\"1436\" class=\"wp-block-cover__image-background wp-image-2183\" alt=\"camping car bretagne\" src=\"https:\/\/camping-gites-damgan.fr\/wp-content\/uploads\/2025\/10\/AdobeStock_608925108-1-scaled.jpeg\" data-object-fit=\"cover\" srcset=\"https:\/\/camping-gites-damgan.fr\/wp-content\/uploads\/2025\/10\/AdobeStock_608925108-1-scaled.jpeg 2560w, https:\/\/camping-gites-damgan.fr\/wp-content\/uploads\/2025\/10\/AdobeStock_608925108-1-300x168.jpeg 300w, https:\/\/camping-gites-damgan.fr\/wp-content\/uploads\/2025\/10\/AdobeStock_608925108-1-1024x574.jpeg 1024w, https:\/\/camping-gites-damgan.fr\/wp-content\/uploads\/2025\/10\/AdobeStock_608925108-1-768x431.jpeg 768w, https:\/\/camping-gites-damgan.fr\/wp-content\/uploads\/2025\/10\/AdobeStock_608925108-1-1536x861.jpeg 1536w, https:\/\/camping-gites-damgan.fr\/wp-content\/uploads\/2025\/10\/AdobeStock_608925108-1-2048x1149.jpeg 2048w\" sizes=\"(max-width: 2560px) 100vw, 2560px\" \/><div class=\"wp-block-cover__inner-container\">\n<p class=\"accroche\" id=\"presqu-ile-de-penerf\">Urlaub in Penerf<\/p>\n\n\n\n<h1 id=\"mobil-homes-a-damgan-en-bord-de-mer\"><strong>Stellplatz f\u00fcr Wohnmobile in der Bretagne: Camping La Presqu\u2019\u00eele de P\u00e9nerf<\/strong><\/h1>\n\n\n\n<div class=\"wp-container-69e73cc3ae8c9 wp-block-buttons\">\n<div class=\"wp-block-button btn_resa_loc\"><a class=\"wp-block-button__link\">Buchen Sie ein Stellplatz  <i class=\"far fa-search\"><\/i><\/a><\/div>\n<\/div>\n<\/div><\/div>\n\n\n\n<div style=\"height:100px\" aria-hidden=\"true\" class=\"wp-block-spacer\"><\/div>\n\n\n\n<div class=\"wp-block-columns are-vertically-aligned-center deco--vague\">\n<div class=\"wp-block-column is-vertically-aligned-center\">\n<p class=\"short\">Entdecken Sie die Bretagne auf dem <strong>Camping La Presqu\u2019\u00eele de P\u00e9nerf<\/strong>, einem charmanten Campingplatz im S\u00fcden der Region. Nur wenige Schritte vom Meer entfernt bietet unser Platz komfortable <strong>Stellpl\u00e4tze f\u00fcr Wohnmobile<\/strong> inmitten einer nat\u00fcrlichen und ruhigen Umgebung \u2013 ideal f\u00fcr alle, die Freiheit und Erholung verbinden m\u00f6chten.<\/p>\n<\/div>\n\n\n\n<div class=\"wp-block-column is-vertically-aligned-center\" style=\"flex-basis:50%\">\n<figure class=\"wp-block-gallery has-nested-images columns-2 is-cropped img--2\">\n<figure class=\"wp-block-image size-large\"><img width=\"1024\" height=\"681\" src=\"https:\/\/camping-gites-damgan.fr\/wp-content\/uploads\/2024\/06\/ADO_camping-car-1024x681.jpeg\" alt=\"camping-car en Bretagne\" class=\"wp-image-1543\" title=\"mobilheim meerblick Camping Presqu'\u00eele de P\u00e9nerf\" srcset=\"https:\/\/camping-gites-damgan.fr\/wp-content\/uploads\/2024\/06\/ADO_camping-car-1024x681.jpeg 1024w, https:\/\/camping-gites-damgan.fr\/wp-content\/uploads\/2024\/06\/ADO_camping-car-300x200.jpeg 300w, https:\/\/camping-gites-damgan.fr\/wp-content\/uploads\/2024\/06\/ADO_camping-car-768x511.jpeg 768w, https:\/\/camping-gites-damgan.fr\/wp-content\/uploads\/2024\/06\/ADO_camping-car-1536x1021.jpeg 1536w, https:\/\/camping-gites-damgan.fr\/wp-content\/uploads\/2024\/06\/ADO_camping-car-2048x1362.jpeg 2048w\" sizes=\"(max-width: 1024px) 100vw, 1024px\" \/><\/figure>\n<\/figure>\n<\/div>\n<\/div>\n\n\n\n<div class=\"wp-block-columns alignfull deco--trois-vagues2 has-vert-clair-background-color has-background\">\n<div class=\"wp-block-column\">\n<h2 id=\"votre-location-de-mobil-home-a-damgan\"><strong>Ein Wohnmobilstellplatz am Meer in der Bretagne<\/strong><\/h2>\n\n\n\n<p>Genie\u00dfen Sie die N\u00e4he zur Atlantikk\u00fcste und die entspannte Atmosph\u00e4re unseres Campingplatzes. Der Stellplatz liegt in unmittelbarer N\u00e4he zum kleinen Hafen von P\u00e9nerf, wo Sie Spazierg\u00e4nge entlang der K\u00fcste, den Blick auf die Boote und traumhafte Sonnenunterg\u00e4nge erleben k\u00f6nnen. Hier vereinen sich Meer, Natur und bretonische Lebensfreude zu einem unvergesslichen Urlaubserlebnis.<\/p>\n\n\n\n<div class=\"wp-container-69e73cc3aedb7 wp-block-buttons\">\n<div class=\"wp-block-button btn_resa_loc\"><a class=\"wp-block-button__link\">Buchen Sie schnell!<\/a><\/div>\n\n\n\n<div class=\"wp-block-button\"><a class=\"wp-block-button__link\" href=\"https:\/\/camping-gites-damgan.fr\/wp-content\/uploads\/2026\/04\/TARIFS-2026.pdf\" target=\"_blank\" rel=\"noreferrer noopener\">Siehe Tarife <i class=\"fal fa-arrow-up-right-from-square\"><\/i><\/a><\/div>\n<\/div>\n<\/div>\n\n\n\n<div class=\"wp-block-column\" style=\"flex-basis:50%\">\n<div style=\"height:41px\" aria-hidden=\"true\" class=\"wp-block-spacer\"><\/div>\n\n\n\n<figure class=\"wp-block-gallery alignfull has-nested-images columns-default is-cropped diaporama--1\">\n<figure class=\"wp-block-image size-large\"><img width=\"771\" height=\"1024\" src=\"https:\/\/camping-gites-damgan.fr\/wp-content\/uploads\/2023\/01\/emplacements-camping-penerf-771x1024.jpg\" alt=\"campingplatz penerf\" class=\"wp-image-1153\" title=\"mobilheim spa camping Presqu'\u00eele de P\u00e9nerf\" srcset=\"https:\/\/camping-gites-damgan.fr\/wp-content\/uploads\/2023\/01\/emplacements-camping-penerf-771x1024.jpg 771w, https:\/\/camping-gites-damgan.fr\/wp-content\/uploads\/2023\/01\/emplacements-camping-penerf-226x300.jpg 226w, https:\/\/camping-gites-damgan.fr\/wp-content\/uploads\/2023\/01\/emplacements-camping-penerf-768x1020.jpg 768w, https:\/\/camping-gites-damgan.fr\/wp-content\/uploads\/2023\/01\/emplacements-camping-penerf.jpg 1024w\" sizes=\"(max-width: 771px) 100vw, 771px\" \/><\/figure>\n\n\n\n<figure class=\"wp-block-image size-large\"><img width=\"769\" height=\"1024\" src=\"https:\/\/camping-gites-damgan.fr\/wp-content\/uploads\/2023\/01\/20190916_172726-769x1024.jpg\" alt=\"stellplatz baum camping damgan\" class=\"wp-image-1165\" title=\"terrasse mobilheim Camping Presqu'\u00eele de P\u00e9nerf\" srcset=\"https:\/\/camping-gites-damgan.fr\/wp-content\/uploads\/2023\/01\/20190916_172726-769x1024.jpg 769w, https:\/\/camping-gites-damgan.fr\/wp-content\/uploads\/2023\/01\/20190916_172726-225x300.jpg 225w, https:\/\/camping-gites-damgan.fr\/wp-content\/uploads\/2023\/01\/20190916_172726-768x1023.jpg 768w, https:\/\/camping-gites-damgan.fr\/wp-content\/uploads\/2023\/01\/20190916_172726.jpg 825w\" sizes=\"(max-width: 769px) 100vw, 769px\" \/><\/figure>\n<\/figure>\n<\/div>\n<\/div>\n\n\n\n<div class=\"wp-block-columns are-vertically-aligned-center deco--vague\">\n<div class=\"wp-block-column is-vertically-aligned-center\">\n<h2 id=\"nos-services-en-location-de-mobil-home-a-damgan\">Komfort und Service f\u00fcr Wohnmobilreisende<\/h2>\n\n\n\n<p>Der <strong>Camping La Presqu\u2019\u00eele de P\u00e9nerf<\/strong> verf\u00fcgt \u00fcber moderne und gepflegte Einrichtungen, die Ihren Aufenthalt besonders angenehm machen. <\/p>\n\n\n\n<p>Sie profitieren von ger\u00e4umigen Stellpl\u00e4tzen, Stromanschluss, Frischwasser, Entleerungsstation und WLAN. Die Sanit\u00e4ranlagen sind sauber, hell und mit allem ausgestattet, was Sie f\u00fcr einen komfortablen Aufenthalt ben\u00f6tigen. Alles ist darauf ausgelegt, Ihren Urlaub in der <a href=\"https:\/\/www.bretagne-reisen.de\/\">Bretagne <\/a>so entspannt wie m\u00f6glich zu gestalten.<\/p>\n<\/div>\n\n\n\n<div class=\"wp-block-column is-vertically-aligned-center\" style=\"flex-basis:50%\">\n<figure class=\"wp-block-gallery has-nested-images columns-2 is-cropped img--2\">\n<figure class=\"wp-block-image size-large\"><img width=\"1024\" height=\"580\" src=\"https:\/\/camping-gites-damgan.fr\/wp-content\/uploads\/2023\/02\/IMG_0077-1024x580.jpg\" alt=\"camping muzillac \" class=\"wp-image-1224\" title=\"Blick auf die Bucht Morbihan\" srcset=\"https:\/\/camping-gites-damgan.fr\/wp-content\/uploads\/2023\/02\/IMG_0077-1024x580.jpg 1024w, https:\/\/camping-gites-damgan.fr\/wp-content\/uploads\/2023\/02\/IMG_0077-300x170.jpg 300w, https:\/\/camping-gites-damgan.fr\/wp-content\/uploads\/2023\/02\/IMG_0077-768x435.jpg 768w, https:\/\/camping-gites-damgan.fr\/wp-content\/uploads\/2023\/02\/IMG_0077-1536x870.jpg 1536w, https:\/\/camping-gites-damgan.fr\/wp-content\/uploads\/2023\/02\/IMG_0077.jpg 1920w\" sizes=\"(max-width: 1024px) 100vw, 1024px\" \/><\/figure>\n\n\n\n<figure class=\"wp-block-image size-large mob--display\"><img width=\"1024\" height=\"682\" src=\"https:\/\/camping-gites-damgan.fr\/wp-content\/uploads\/2023\/05\/castle-g1d4d0808d_1280-1024x682.jpg\" alt=\"blick schloss Suscinio Bretagne\" class=\"wp-image-1041\" title=\"blick schloss Suscinio Bretagne\" srcset=\"https:\/\/camping-gites-damgan.fr\/wp-content\/uploads\/2023\/05\/castle-g1d4d0808d_1280-1024x682.jpg 1024w, https:\/\/camping-gites-damgan.fr\/wp-content\/uploads\/2023\/05\/castle-g1d4d0808d_1280-300x200.jpg 300w, https:\/\/camping-gites-damgan.fr\/wp-content\/uploads\/2023\/05\/castle-g1d4d0808d_1280-768x512.jpg 768w, https:\/\/camping-gites-damgan.fr\/wp-content\/uploads\/2023\/05\/castle-g1d4d0808d_1280.jpg 1280w\" sizes=\"(max-width: 1024px) 100vw, 1024px\" \/><\/figure>\n<\/figure>\n<\/div>\n<\/div>\n\n\n\n<div class=\"wp-block-columns alignfull deco--trois-vagues2 has-vert-clair-background-color has-background\">\n<div class=\"wp-block-column\">\n<h2 id=\"votre-location-de-mobil-home-a-damgan\">Die Bretagne vom Campingplatz aus entdecken<\/h2>\n\n\n\n<p>Dank seiner idealen Lage ist unser Campingplatz ein hervorragender Ausgangspunkt, um den <strong><a href=\"https:\/\/camping-gites-damgan.fr\/de\/tourismus-campingplatz-bretagne-meer\/\">Golf von Morbihan<\/a><\/strong> und seine Umgebung zu erkunden. Ob Spazierg\u00e4nge am Meer, Radtouren durch die Natur oder der Besuch kleiner bretonischer D\u00f6rfer \u2013 von P\u00e9nerf aus entdecken Sie die Bretagne von ihrer authentischsten Seite. Lassen Sie sich von der Sch\u00f6nheit der Landschaften und der Gastfreundschaft der Region verzaubern.<\/p>\n\n\n\n<div class=\"wp-container-69e73cc3af35b wp-block-buttons\">\n<div class=\"wp-block-button btn_resa_loc\"><a class=\"wp-block-button__link\">Buchen Sie jetzt!<\/a><\/div>\n<\/div>\n<\/div>\n\n\n\n<div class=\"wp-block-column\" style=\"flex-basis:50%\">\n<figure class=\"wp-block-gallery alignfull has-nested-images columns-default is-cropped diaporama--1\">\n<figure class=\"wp-block-image size-large\"><img width=\"1024\" height=\"768\" src=\"https:\/\/camping-gites-damgan.fr\/wp-content\/uploads\/2023\/06\/brittany-g7f41c740c_1280-1024x768.jpg\" alt=\"\" class=\"wp-image-1247\" title=\"Strand verlassenes Boot Bretagne\" srcset=\"https:\/\/camping-gites-damgan.fr\/wp-content\/uploads\/2023\/06\/brittany-g7f41c740c_1280-1024x768.jpg 1024w, https:\/\/camping-gites-damgan.fr\/wp-content\/uploads\/2023\/06\/brittany-g7f41c740c_1280-300x225.jpg 300w, https:\/\/camping-gites-damgan.fr\/wp-content\/uploads\/2023\/06\/brittany-g7f41c740c_1280-768x576.jpg 768w, https:\/\/camping-gites-damgan.fr\/wp-content\/uploads\/2023\/06\/brittany-g7f41c740c_1280.jpg 1280w\" sizes=\"(max-width: 1024px) 100vw, 1024px\" \/><\/figure>\n\n\n\n<figure class=\"wp-block-image size-large\"><img width=\"1024\" height=\"682\" src=\"https:\/\/camping-gites-damgan.fr\/wp-content\/uploads\/2023\/06\/sea-g5b161cf4e_1280-1024x682.jpg\" alt=\"bretagne camping \" class=\"wp-image-1249\" title=\"Typisch bretonisches Haus \" srcset=\"https:\/\/camping-gites-damgan.fr\/wp-content\/uploads\/2023\/06\/sea-g5b161cf4e_1280-1024x682.jpg 1024w, https:\/\/camping-gites-damgan.fr\/wp-content\/uploads\/2023\/06\/sea-g5b161cf4e_1280-300x200.jpg 300w, https:\/\/camping-gites-damgan.fr\/wp-content\/uploads\/2023\/06\/sea-g5b161cf4e_1280-768x512.jpg 768w, https:\/\/camping-gites-damgan.fr\/wp-content\/uploads\/2023\/06\/sea-g5b161cf4e_1280.jpg 1280w\" sizes=\"(max-width: 1024px) 100vw, 1024px\" \/><\/figure>\n\n\n\n<figure class=\"wp-block-image size-large\"><img width=\"1024\" height=\"683\" src=\"https:\/\/camping-gites-damgan.fr\/wp-content\/uploads\/2024\/10\/AdobeStock_168774549-1-1024x683.jpeg\" alt=\"fahrradtour auf pfadwegen in der bretagne\" class=\"wp-image-1656\" title=\"Strandtaucher Bretagne\" srcset=\"https:\/\/camping-gites-damgan.fr\/wp-content\/uploads\/2024\/10\/AdobeStock_168774549-1-1024x683.jpeg 1024w, https:\/\/camping-gites-damgan.fr\/wp-content\/uploads\/2024\/10\/AdobeStock_168774549-1-300x200.jpeg 300w, https:\/\/camping-gites-damgan.fr\/wp-content\/uploads\/2024\/10\/AdobeStock_168774549-1-768x512.jpeg 768w, https:\/\/camping-gites-damgan.fr\/wp-content\/uploads\/2024\/10\/AdobeStock_168774549-1-1536x1024.jpeg 1536w, https:\/\/camping-gites-damgan.fr\/wp-content\/uploads\/2024\/10\/AdobeStock_168774549-1-2048x1365.jpeg 2048w\" sizes=\"(max-width: 1024px) 100vw, 1024px\" \/><\/figure>\n<\/figure>\n<\/div>\n<\/div>\n","protected":false},"excerpt":{"rendered":"<p>Entdecken Sie die Bretagne auf dem Camping La Presqu\u2019\u00eele de P\u00e9nerf, einem charmanten Campingplatz im S\u00fcden der Region. Nur wenige Schritte vom Meer entfernt bietet unser Platz komfortable Stellpl\u00e4tze f\u00fcr Wohnmobile inmitten einer nat\u00fcrlichen und ruhigen Umgebung \u2013 ideal f\u00fcr alle, die Freiheit und Erholung verbinden m\u00f6chten. Ein Wohnmobilstellplatz am Meer in der Bretagne Genie\u00dfen [&hellip;]<\/p>\n","protected":false},"author":1,"featured_media":2183,"parent":0,"menu_order":0,"comment_status":"closed","ping_status":"closed","template":"","meta":[],"acf":[],"_links":{"self":[{"href":"https:\/\/camping-gites-damgan.fr\/de\/wp-json\/wp\/v2\/pages\/2179"}],"collection":[{"href":"https:\/\/camping-gites-damgan.fr\/de\/wp-json\/wp\/v2\/pages"}],"about":[{"href":"https:\/\/camping-gites-damgan.fr\/de\/wp-json\/wp\/v2\/types\/page"}],"author":[{"embeddable":true,"href":"https:\/\/camping-gites-damgan.fr\/de\/wp-json\/wp\/v2\/users\/1"}],"replies":[{"embeddable":true,"href":"https:\/\/camping-gites-damgan.fr\/de\/wp-json\/wp\/v2\/comments?post=2179"}],"version-history":[{"count":6,"href":"https:\/\/camping-gites-damgan.fr\/de\/wp-json\/wp\/v2\/pages\/2179\/revisions"}],"predecessor-version":[{"id":2233,"href":"https:\/\/camping-gites-damgan.fr\/de\/wp-json\/wp\/v2\/pages\/2179\/revisions\/2233"}],"wp:featuredmedia":[{"embeddable":true,"href":"https:\/\/camping-gites-damgan.fr\/de\/wp-json\/wp\/v2\/media\/2183"}],"wp:attachment":[{"href":"https:\/\/camping-gites-damgan.fr\/de\/wp-json\/wp\/v2\/media?parent=2179"}],"curies":[{"name":"wp","href":"https:\/\/api.w.org\/{rel}","templated":true}]}}