{"id":865,"date":"2023-03-07T14:06:35","date_gmt":"2023-03-07T13:06:35","guid":{"rendered":"https:\/\/camping-gites-damgan.fr\/activities\/"},"modified":"2025-05-27T10:12:43","modified_gmt":"2025-05-27T08:12:43","slug":"activities","status":"publish","type":"page","link":"https:\/\/camping-gites-damgan.fr\/en\/activities\/","title":{"rendered":"Activities"},"content":{"rendered":"\n<div class=\"wp-block-cover alignfull\"><span aria-hidden=\"true\" class=\"has-vert-background-color wp-block-cover__gradient-background has-background-dim\"><\/span><img width=\"2048\" height=\"712\" class=\"wp-block-cover__image-background wp-image-562\" alt=\"Camping Presqu'ile de P\u00e9nerf activites\" src=\"https:\/\/camping-gites-damgan.fr\/wp-content\/uploads\/2023\/01\/ile-de-penerf.jpg\" data-object-fit=\"cover\" srcset=\"https:\/\/camping-gites-damgan.fr\/wp-content\/uploads\/2023\/01\/ile-de-penerf.jpg 2048w, https:\/\/camping-gites-damgan.fr\/wp-content\/uploads\/2023\/01\/ile-de-penerf-300x104.jpg 300w, https:\/\/camping-gites-damgan.fr\/wp-content\/uploads\/2023\/01\/ile-de-penerf-1024x356.jpg 1024w, https:\/\/camping-gites-damgan.fr\/wp-content\/uploads\/2023\/01\/ile-de-penerf-768x267.jpg 768w, https:\/\/camping-gites-damgan.fr\/wp-content\/uploads\/2023\/01\/ile-de-penerf-1536x534.jpg 1536w\" sizes=\"(max-width: 2048px) 100vw, 2048px\" \/><div class=\"wp-block-cover__inner-container\">\n<p class=\"accroche\" id=\"presqu-ile-de-penerf\">Peninsula of Penerf<\/p>\n\n\n\n<h1 id=\"activites-et-services-3-etoiles-de-notre-camping-a-damgan\">3-star activities and services at our Damgan campsite<\/h1>\n<\/div><\/div>\n\n\n\n<div class=\"wp-block-columns alignfull deco--trois-vagues2 has-fond-background-color has-background\">\n<div class=\"wp-block-column\">\n<p class=\"accroche\">Camping at Damgan in the Gulf of Morbihan<\/p>\n\n\n\n<h2 id=\"vue-panoramique-et-activites-dans-le-golfe-du-morbihan\">Panoramic view and activities in the Gulf of Morbihan<\/h2>\n\n\n\n<p>Located in the commune of Damgan in Morbihan, the <a href=\"https:\/\/camping-gites-damgan.fr\/en\/\" data-type=\"page\" data-id=\"5\">3-star Presqu&#8217;\u00eele de P\u00e9nerf campsite<\/a> welcomes you right on the <strong>seafront <\/strong>. This charming seaside resort in southern Brittany boasts a rich heritage and spectacular seascapes.<\/p>\n\n\n\n<p>On the seafront <strong>with direct access to the beach<\/strong>, you can enjoy water sports, fishing and seaside walks.<\/p>\n\n\n\n<div class=\"wp-container-69fa2b9e0c41b wp-block-buttons\">\n<div class=\"wp-block-button\"><a class=\"wp-block-button__link\" href=\"https:\/\/camping-gites-damgan.fr\/en\/tourism\/\">In the vicinity<\/a><\/div>\n\n\n\n<div class=\"wp-block-button is-style-outline\"><a class=\"wp-block-button__link\" href=\"https:\/\/camping-gites-damgan.fr\/en\/mobile-homes\/\">See the mobile homes<\/a><\/div>\n<\/div>\n<\/div>\n\n\n\n<div class=\"wp-block-column\" style=\"flex-basis:40%\">\n<figure class=\"wp-block-gallery alignfull has-nested-images columns-default is-cropped diaporama--1\">\n<figure class=\"wp-block-image size-large\"><img width=\"1920\" height=\"544\" src=\"https:\/\/camping-gites-damgan.fr\/wp-content\/uploads\/2023\/01\/damgan1.jpg\" alt=\"Baie Presqu'\u00eele de P\u00e9nerf | Camping Presqu'\u00eele de P\u00e9nerf\" class=\"wp-image-668\" srcset=\"https:\/\/camping-gites-damgan.fr\/wp-content\/uploads\/2023\/01\/damgan1.jpg 1920w, https:\/\/camping-gites-damgan.fr\/wp-content\/uploads\/2023\/01\/damgan1-300x85.jpg 300w, https:\/\/camping-gites-damgan.fr\/wp-content\/uploads\/2023\/01\/damgan1-1024x290.jpg 1024w, https:\/\/camping-gites-damgan.fr\/wp-content\/uploads\/2023\/01\/damgan1-768x218.jpg 768w, https:\/\/camping-gites-damgan.fr\/wp-content\/uploads\/2023\/01\/damgan1-1536x435.jpg 1536w, https:\/\/camping-gites-damgan.fr\/wp-content\/uploads\/2023\/01\/damgan1-350x100.jpg 350w\" sizes=\"(max-width: 1920px) 100vw, 1920px\" \/><\/figure>\n\n\n\n<figure class=\"wp-block-image size-full\"><img width=\"1024\" height=\"681\" src=\"https:\/\/camping-gites-damgan.fr\/wp-content\/uploads\/2023\/02\/DSC_0165.jpg\" alt=\"Phare Damgan | Camping Presqu'\u00eele de P\u00e9nerf\" class=\"wp-image-801\" srcset=\"https:\/\/camping-gites-damgan.fr\/wp-content\/uploads\/2023\/02\/DSC_0165.jpg 1024w, https:\/\/camping-gites-damgan.fr\/wp-content\/uploads\/2023\/02\/DSC_0165-300x200.jpg 300w, https:\/\/camping-gites-damgan.fr\/wp-content\/uploads\/2023\/02\/DSC_0165-768x511.jpg 768w\" sizes=\"(max-width: 1024px) 100vw, 1024px\" \/><\/figure>\n\n\n\n<figure class=\"wp-block-image size-large\"><img width=\"1024\" height=\"462\" src=\"https:\/\/camping-gites-damgan.fr\/wp-content\/uploads\/2023\/02\/1000007261-1-1024x462.jpg\" alt=\"touriste port Damgan | Camping Presqu'\u00eele de P\u00e9nerf\" class=\"wp-image-788\" srcset=\"https:\/\/camping-gites-damgan.fr\/wp-content\/uploads\/2023\/02\/1000007261-1-1024x462.jpg 1024w, https:\/\/camping-gites-damgan.fr\/wp-content\/uploads\/2023\/02\/1000007261-1-300x135.jpg 300w, https:\/\/camping-gites-damgan.fr\/wp-content\/uploads\/2023\/02\/1000007261-1-768x346.jpg 768w, https:\/\/camping-gites-damgan.fr\/wp-content\/uploads\/2023\/02\/1000007261-1.jpg 1078w\" sizes=\"(max-width: 1024px) 100vw, 1024px\" \/><\/figure>\n<\/figure>\n<\/div>\n<\/div>\n\n\n\n<div class=\"wp-container-69fa2b9e0c98b wp-block-group alignfull has-fond-background-color has-background\"><div class=\"wp-block-group__inner-container\">\n<h2 id=\"les-activites-de-notre-camping-a-damgan\">Activities on site<\/h2>\n\n\n\n<div class=\"wp-block-columns\">\n<div class=\"wp-block-column\">\n<p>Our <a href=\"https:\/\/camping-gites-damgan.fr\/camping-damgan-en-bord-de-mer\/\" data-type=\"page\" data-id=\"1052\">campsite in Damgan by the sea<\/a> welcomes you in a warm and friendly atmosphere.  In addition to the pleasures of the sea, we have <strong>a play area<\/strong> for the youngest and<strong> a bowling green<\/strong> for the oldest.<\/p>\n\n\n\n<p><strong>Petanque competitions<\/strong> are held every Monday throughout the season. There&#8217;s also a waffle, cr\u00eape, ice-cream and drinks <strong>stand<\/strong>.<\/p>\n\n\n\n<p>Just a stone&#8217;s throw from the campsite, on the Penerf peninsula, you&#8217;ll find <strong>restaurants<\/strong>, <strong>markets <\/strong>and the chance to taste oysters directly from these typical basins of the <strong>Gulf of Morbihan<\/strong>.<\/p>\n<\/div>\n\n\n\n<div class=\"wp-block-column\">\n<ul class=\"pictos liste col-2 inter--flex mob--pictos\"><li><i class=\"far fa-child\"><\/i>  Playground<\/li><li><i class=\"far fa-baseball-ball\"><\/i>  Boulodrome<\/li><li><i class=\"far fa-glass-cheers\"><\/i>  Gourmet stand<\/li><li><i class=\"far fa-store\"><\/i>  Nearby shops<\/li><\/ul>\n<\/div>\n<\/div>\n<\/div><\/div>\n\n\n\n<div class=\"wp-block-columns are-vertically-aligned-center deco--vague\">\n<div class=\"wp-block-column is-vertically-aligned-center\" style=\"flex-basis:50%\">\n<figure class=\"wp-block-gallery has-nested-images columns-2 is-cropped img--2\">\n<figure class=\"wp-block-image size-large mob--display\"><img width=\"768\" height=\"1024\" src=\"https:\/\/camping-gites-damgan.fr\/wp-content\/uploads\/2023\/01\/camping-penerf_105535-e1555059563272-768x1024.jpg\" alt=\"sanitaires | Camping Presqu'\u00eele de P\u00e9nerf\" class=\"wp-image-766\" srcset=\"https:\/\/camping-gites-damgan.fr\/wp-content\/uploads\/2023\/01\/camping-penerf_105535-e1555059563272-768x1024.jpg 768w, https:\/\/camping-gites-damgan.fr\/wp-content\/uploads\/2023\/01\/camping-penerf_105535-e1555059563272-225x300.jpg 225w, https:\/\/camping-gites-damgan.fr\/wp-content\/uploads\/2023\/01\/camping-penerf_105535-e1555059563272.jpg 825w\" sizes=\"(max-width: 768px) 100vw, 768px\" \/><\/figure>\n\n\n\n<figure class=\"wp-block-image size-large\"><img width=\"768\" height=\"1024\" src=\"https:\/\/camping-gites-damgan.fr\/wp-content\/uploads\/2023\/01\/camping-penerf_105447-768x1024.jpg\" alt=\"laverie | Camping Presqu'\u00eele de P\u00e9nerf\" class=\"wp-image-764\" srcset=\"https:\/\/camping-gites-damgan.fr\/wp-content\/uploads\/2023\/01\/camping-penerf_105447-768x1024.jpg 768w, https:\/\/camping-gites-damgan.fr\/wp-content\/uploads\/2023\/01\/camping-penerf_105447-225x300.jpg 225w, https:\/\/camping-gites-damgan.fr\/wp-content\/uploads\/2023\/01\/camping-penerf_105447.jpg 1100w\" sizes=\"(max-width: 768px) 100vw, 768px\" \/><\/figure>\n<\/figure>\n<\/div>\n\n\n\n<div class=\"wp-block-column is-vertically-aligned-center\">\n<h2 class=\"h3\" id=\"vos-services-au-camping-dans-le-golfe-du-morbihan\">Your services at the campsite in the Gulf of Morbihan<\/h2>\n\n\n\n<p>For your camping vacation or weekend, <strong>Presqu&#8217;\u00eele de P\u00e9nerf in the Gulf of Morbihan<\/strong> offers the ideal setting for rest and relaxation. In terms of accommodation, we offer <a href=\"https:\/\/camping-gites-damgan.fr\/en\/locations\/\">bare camping pitches for tents, caravans and motorhomes<\/a>, as well as mobile home rentals.<\/p>\n\n\n\n<p><strong>Dishwashing and laundry facilities<\/strong> are available for your stay at the campsite.<\/p>\n\n\n\n<p>We have a <strong>small mini-market<\/strong> stocked with essentials to make life easier throughout your stay.<\/p>\n\n\n\n<p>Every morning, the <strong>island&#8217;s baker comes to sell his bread<\/strong> at the campsite.<\/p>\n\n\n\n<ul class=\"pictos liste\"><li><i class=\"far fa-store\"><\/i> Wi-Fi in the campsite at an additional cost<\/li><\/ul>\n\n\n\n<div class=\"wp-container-69fa2b9e0ce84 wp-block-buttons\">\n<div class=\"wp-block-button btn_resa\"><a class=\"wp-block-button__link\">Book your stay<\/a><\/div>\n<\/div>\n<\/div>\n<\/div>\n","protected":false},"excerpt":{"rendered":"<p>Camping at Damgan in the Gulf of Morbihan Panoramic view and activities in the Gulf of Morbihan Located in the commune of Damgan in Morbihan, the 3-star Presqu&#8217;\u00eele de P\u00e9nerf campsite welcomes you right on the seafront . This charming seaside resort in southern Brittany boasts a rich heritage and spectacular seascapes. On the seafront [&hellip;]<\/p>\n","protected":false},"author":1,"featured_media":0,"parent":0,"menu_order":0,"comment_status":"closed","ping_status":"closed","template":"","meta":[],"acf":[],"_links":{"self":[{"href":"https:\/\/camping-gites-damgan.fr\/en\/wp-json\/wp\/v2\/pages\/865"}],"collection":[{"href":"https:\/\/camping-gites-damgan.fr\/en\/wp-json\/wp\/v2\/pages"}],"about":[{"href":"https:\/\/camping-gites-damgan.fr\/en\/wp-json\/wp\/v2\/types\/page"}],"author":[{"embeddable":true,"href":"https:\/\/camping-gites-damgan.fr\/en\/wp-json\/wp\/v2\/users\/1"}],"replies":[{"embeddable":true,"href":"https:\/\/camping-gites-damgan.fr\/en\/wp-json\/wp\/v2\/comments?post=865"}],"version-history":[{"count":6,"href":"https:\/\/camping-gites-damgan.fr\/en\/wp-json\/wp\/v2\/pages\/865\/revisions"}],"predecessor-version":[{"id":1957,"href":"https:\/\/camping-gites-damgan.fr\/en\/wp-json\/wp\/v2\/pages\/865\/revisions\/1957"}],"wp:attachment":[{"href":"https:\/\/camping-gites-damgan.fr\/en\/wp-json\/wp\/v2\/media?parent=865"}],"curies":[{"name":"wp","href":"https:\/\/api.w.org\/{rel}","templated":true}]}}